{"id":3,"date":"2019-11-04T19:30:04","date_gmt":"2019-11-04T19:30:04","guid":{"rendered":"https:\/\/advertsup.lt\/?page_id=3"},"modified":"2020-02-27T11:00:21","modified_gmt":"2020-02-27T11:00:21","slug":"privatumo-politika","status":"publish","type":"page","link":"https:\/\/advertsup.lt\/en\/privatumo-politika\/","title":{"rendered":"Privacy Policy"},"content":{"rendered":"<p>Cookie Policy (Privacy Policy) adopted in accordance with the provisions of Regulation (EU) 2016\/679 of the European Parliament and of the Council of 27 April 2016 on the protection of natural persons with regard to the processing of personal data and on the free movement of such data<\/p>\r\n<ol>\r\n<li>GENERAL CONDITIONS<\/li>\r\n<li>The Company respects your privacy and protects the personal data you provide to us and that we collect, as set out in this Privacy Policy. This privacy policy explains why we collect your personal data and how we use it.<\/li>\r\n<li>The Company may collect your data for the purpose of direct marketing, but only if you have given your consent to this, which you have the right to withdraw at any time.\u00a0If you subscribe to our newsletters, you will always have the opportunity to unsubscribe by following the links in the newsletter.<\/li>\r\n<li>We apply the security and processing requirements set out in the Law on Legal Protection of Personal Data of the Republic of Lithuania and the EU General Data Protection Regulation. We take appropriate technical and organisational measures to ensure the protection of all data against accidental or unlawful destruction or accidental loss, alteration, unauthorised disclosure or access, and against all other forms of unlawful processing.<\/li>\r\n<li>TERMS OF USE FOR COOKIES<\/li>\r\n<li>The Company uses cookies on the advertsup.eu website, which are data analysis management tools (cookies), to distinguish individuals from other users of the website.<\/li>\r\n<li>Cookies may be placed on the User's computer\/device.\u00a0The Company uses the recorded information to identify the User as a previous visitor to the website, for the purpose of information about the visit, for the purpose of saving information, and for the purpose of collecting statistics on the traffic of the Socialusmarketingas.lt electronic website.\u00a0The User has the possibility to view what information (Cookies) the Company records and can delete some or all of the recorded Cookies. By accepting the Privacy Policy, the User agrees to the recording of Cookies on his\/her computer (device) as provided for in this Privacy Policy. The User may revoke this consent at any time by changing the settings of his\/her Internet browser, but in such case certain functions of the Socialusmarketingas.lt website may not work for him\/her. Most web browsers automatically accept cookies, but the User can easily modify the browser not to accept cookies if the User wishes. If cookies are blocked, some or all parts of the Company's website may not work or may not work properly for the User for technical reasons.<\/li>\r\n<li>Some of the information is collected automatically when the User visits the Company's website, since the User's Internet Protocol address must be recognised by the Company's server.<\/li>\r\n<li>By using the Company's website, the User is informed that cookies referred to in these Terms and Conditions may be stored on the User's computer\/device. If the User continues to use the Company's website, he\/she shall be deemed to have expressed his\/her consent to these terms and conditions by his\/her affirmative act (Art. 6. 173 of the CC of the Republic of Lithuania). The User has the right to object to the recording of Cookies, in which case the User shall have the option of deactivating the Company's website and not using it.<\/li>\r\n<li>Cookies are small amounts of data that a website places on a user's computer. Web pages have no memory. If a User browses different web pages, the User will not be recognised as the same User. Cookies allow a web page to recognise the User's browser. The main purpose of cookies is to remember the User's preferences, such as the preferred language of a web page. Cookies also help to recognise the User when they return to the same web page. They help to personalise the web page. Cookies cannot be used to run programs or transfer viruses to your computer. Cookies are addressed only to the User and can only be read by the web server of the domain that sent the cookie to the User. One of the main purposes of cookies is to provide a convenience function to save the User's time (e.g. if the User is using a website for personal use or browsing a web page, the cookie will help the website remember specific information when the User visits later). This makes it easier to present relevant content, navigate the website, etc. When returning to the website, the User can find the information he\/she has previously provided and can therefore use the already customised features of the website more easily.<\/li>\r\n<li>There are different types of cookies and different ways of using them. Cookies can be categorised according to their purpose, their longevity and their location on the website, as defined in paragraph 3 of these Terms. The processing of data by means of cookies does not enable the user to be identified directly or indirectly.<\/li>\r\n<li>When the User accesses the Company's website, a message informing about the use of Cookies is automatically activated. The User can accept the use of Cookies and continue browsing the website. If the Customer does not agree to the use of Cookies, he\/she has the right to deactivate the Company's website (deactivate) and no data will be collected. In the event that the User does not indicate his\/her consent and continues browsing passively (without consent), the website shall collect the User's data and shall treat the User's consent to the use of Cookies as an affirmative act (Art. 6. 173 of the Civil Code of the Republic of Lithuania).<\/li>\r\n<li>Bendrov\u0117s internetiniame puslapyje naudojami \u0161i\u0173 tip\u0173 slapukai:\r\n<ul>\r\n<li>Technical cookies: the Company strives to provide visitors to the Company's website with an advanced and easy-to-use website that automatically adapts to their preferences and needs. To achieve this, the Company uses technical cookies that enable the website to be seen and to enable it to function correctly. The Company's website only works properly thanks to technical cookies.<\/li>\r\n<li>Funkciniai slapukai: Bendrov\u0117 taip pat naudoja funkcinius slapukus, kurie leid\u017eia prisiminti Vartotojo pasirinkimus ir drauge efektyviai naudotis internetiniu puslapiu (pvz. slapuk\u0173 d\u0117ka internetinis puslapis prisimena Vartotojo pasirinkt\u0105 kalb\u0105, atliktas paie\u0161kas ar per\u017ei\u016bras, Bendrov\u0117s si\u016blomas Prekes\/ Paslaugas. \u0160io tipo slapukai n\u0117ra b\u016btini internetinio puslapio veikimui, bet jie prideda daugiau galimybi\u0173 ir Vartotojo nar\u0161ym\u0105 daro malonesn\u012f.<\/li>\r\n<li>Analitiniai slapukai:\u00a0\u0161io tipo slapukus Bendrov\u0117 naudoja siekdama suprasti, kaip Bendrov\u0117s lankytojai naudoja Bendrov\u0117s internetin\u012f puslap\u012f, atrasti silpn\u0105sias ir stipri\u0105sias internetinio puslapio dalis, optimizuoti ir gerinti internetinio puslapio darb\u0105 bei toliau diegti pa\u017eangius sprendimus. Renkami duomenys apima Vartotojo per\u017ei\u016br\u0117tus puslapius, Vartotojo naudojamos platformos tip\u0105, datos ir laiko informacij\u0105, paspaudim\u0173 skai\u010di\u0173, pel\u0117s jud\u0117jim\u0105 ir nar\u0161ymo veikl\u0105, raktinius \u017eod\u017eius ir kit\u0105 tekst\u0105, kur\u012f Vartotojas renka internetinio puslapio nar\u0161ymo metu. Taip pat analitinius slapukus Bendrov\u0117 naudoja internetin\u0117ms reklamos kompanijoms, siekdama analizuoti vartotoj\u0173 elges\u012f po to, kai jiems parodoma Bendrov\u0117s internetin\u0117 reklama. Bendrov\u0117 ne\u017eino kuris Duomen\u0173 subjektas tai yra, renka tik anonimi\u0161k\u0105 informacij\u0105.<\/li>\r\n<li>Komerciniai slapukai:\u00a0\u0161iuos slapukus Bendrov\u0117 naudoja talpindama Bendrov\u0117s reklamas kituose internetiniuose puslapiuose. Vadinamosios \u201enukreipiamosios reklamos\u201c rodomos remiantis informacija apie lankytojo ie\u0161kotas kelion\u0117s kryptis.<\/li>\r\n<\/ul>\r\n<\/li>\r\n<li>Cookies are stored for a maximum period of 6 (six) months from the User's last visit.<\/li>\r\n<li>The purpose of these management tools is to ensure the quality of the browsing experience, to help the Company learn about the traffic of the Company's website and individual parts of the Company's website, to understand the flow of users of the Company's website, and to improve the Company's website, the services provided online, and to better meet the needs of visitors.<\/li>\r\n<li>No personal customer data is collected via cookies.<\/li>\r\n<li>At the time of recording the necessary Cookies, no information is provided to any third party, with the exception of the Company's partners who service the information technology farm used by the Company in its activities.<\/li>\r\n<li>User questions, complaints, comments and requests regarding the Cookie Policy can be sent to info@advertsup.com<\/li>\r\n<\/ol>","protected":false},"excerpt":{"rendered":"<p>Slapuk\u0173 naudojimo taisykl\u0117s (privatumo politika) priimtos pagal 2016 m. baland\u017eio 27 d. Europos Parlamento ir Tarybos reglamento (ES) 2016\/679 d\u0117l fizini\u0173 asmen\u0173 apsaugos tvarkant asmens duomenis ir d\u0117l laisvo toki\u0173 duomen\u0173 jud\u0117jimo nuostatas BENDROSIOS NUOSTATOS Bendrov\u0117 gerbia J\u016bs\u0173 privatum\u0105 ir saugo J\u016bs\u0173 asmens duomenis, kuriuos mums pateikiate ir kuriuos mes surenkame, taip, kaip nurodyta \u0161ioje [&hellip;]<\/p>","protected":false},"author":1,"featured_media":0,"parent":0,"menu_order":0,"comment_status":"closed","ping_status":"open","template":"","meta":[],"yoast_head":"<!-- This site is optimized with the Yoast SEO plugin v21.8.1 - https:\/\/yoast.com\/wordpress\/plugins\/seo\/ -->\n<title>Privatumo politika - Advertsup<\/title>\n<meta name=\"description\" content=\"Slapuk\u0173 naudojimo taisykl\u0117s (privatumo politika) priimtos pagal 2016 m. baland\u017eio 27 d. Europos Parlamento ir Tarybos reglamento (ES) 2016\/679.\" \/>\n<meta name=\"robots\" content=\"index, follow, max-snippet:-1, max-image-preview:large, max-video-preview:-1\" \/>\n<link rel=\"canonical\" href=\"https:\/\/advertsup.lt\/en\/privatumo-politika\/\" \/>\n<meta property=\"og:locale\" content=\"en_US\" \/>\n<meta property=\"og:type\" content=\"article\" \/>\n<meta property=\"og:title\" content=\"Privatumo politika - Advertsup\" \/>\n<meta property=\"og:description\" content=\"Slapuk\u0173 naudojimo taisykl\u0117s (privatumo politika) priimtos pagal 2016 m. baland\u017eio 27 d. Europos Parlamento ir Tarybos reglamento (ES) 2016\/679.\" \/>\n<meta property=\"og:url\" content=\"https:\/\/advertsup.lt\/en\/privatumo-politika\/\" \/>\n<meta property=\"og:site_name\" content=\"Advertsup\" \/>\n<meta property=\"article:modified_time\" content=\"2020-02-27T11:00:21+00:00\" \/>\n<meta name=\"twitter:card\" content=\"summary_large_image\" \/>\n<meta name=\"twitter:label1\" content=\"Est. reading time\" \/>\n\t<meta name=\"twitter:data1\" content=\"6 minutes\" \/>\n<script type=\"application\/ld+json\" class=\"yoast-schema-graph\">{\"@context\":\"https:\/\/schema.org\",\"@graph\":[{\"@type\":\"WebPage\",\"@id\":\"https:\/\/advertsup.lt\/privatumo-politika\/\",\"url\":\"https:\/\/advertsup.lt\/privatumo-politika\/\",\"name\":\"Privatumo politika - Advertsup\",\"isPartOf\":{\"@id\":\"https:\/\/advertsup.lt\/#website\"},\"datePublished\":\"2019-11-04T19:30:04+00:00\",\"dateModified\":\"2020-02-27T11:00:21+00:00\",\"description\":\"Slapuk\u0173 naudojimo taisykl\u0117s (privatumo politika) priimtos pagal 2016 m. baland\u017eio 27 d. Europos Parlamento ir Tarybos reglamento (ES) 2016\/679.\",\"breadcrumb\":{\"@id\":\"https:\/\/advertsup.lt\/privatumo-politika\/#breadcrumb\"},\"inLanguage\":\"en-US\",\"potentialAction\":[{\"@type\":\"ReadAction\",\"target\":[\"https:\/\/advertsup.lt\/privatumo-politika\/\"]}]},{\"@type\":\"BreadcrumbList\",\"@id\":\"https:\/\/advertsup.lt\/privatumo-politika\/#breadcrumb\",\"itemListElement\":[{\"@type\":\"ListItem\",\"position\":1,\"name\":\"Home\",\"item\":\"https:\/\/advertsup.lt\/\"},{\"@type\":\"ListItem\",\"position\":2,\"name\":\"Privatumo politika\"}]},{\"@type\":\"WebSite\",\"@id\":\"https:\/\/advertsup.lt\/#website\",\"url\":\"https:\/\/advertsup.lt\/\",\"name\":\"Advertsup\",\"description\":\"M\u016bs\u0173 darbas - J\u016bs\u0173 \u0161uolis \u012f priek\u012f!\",\"publisher\":{\"@id\":\"https:\/\/advertsup.lt\/#organization\"},\"potentialAction\":[{\"@type\":\"SearchAction\",\"target\":{\"@type\":\"EntryPoint\",\"urlTemplate\":\"https:\/\/advertsup.lt\/?s={search_term_string}\"},\"query-input\":\"required name=search_term_string\"}],\"inLanguage\":\"en-US\"},{\"@type\":\"Organization\",\"@id\":\"https:\/\/advertsup.lt\/#organization\",\"name\":\"Advertsup\",\"url\":\"https:\/\/advertsup.lt\/\",\"logo\":{\"@type\":\"ImageObject\",\"inLanguage\":\"en-US\",\"@id\":\"https:\/\/advertsup.lt\/#\/schema\/logo\/image\/\",\"url\":\"https:\/\/advertsup.lt\/wp-content\/uploads\/2020\/02\/logo.png\",\"contentUrl\":\"https:\/\/advertsup.lt\/wp-content\/uploads\/2020\/02\/logo.png\",\"width\":780,\"height\":153,\"caption\":\"Advertsup\"},\"image\":{\"@id\":\"https:\/\/advertsup.lt\/#\/schema\/logo\/image\/\"}}]}<\/script>\n<!-- \/ Yoast SEO plugin. -->","yoast_head_json":{"title":"Privatumo politika - Advertsup","description":"Slapuk\u0173 naudojimo taisykl\u0117s (privatumo politika) priimtos pagal 2016 m. baland\u017eio 27 d. Europos Parlamento ir Tarybos reglamento (ES) 2016\/679.","robots":{"index":"index","follow":"follow","max-snippet":"max-snippet:-1","max-image-preview":"max-image-preview:large","max-video-preview":"max-video-preview:-1"},"canonical":"https:\/\/advertsup.lt\/en\/privatumo-politika\/","og_locale":"en_US","og_type":"article","og_title":"Privatumo politika - Advertsup","og_description":"Slapuk\u0173 naudojimo taisykl\u0117s (privatumo politika) priimtos pagal 2016 m. baland\u017eio 27 d. Europos Parlamento ir Tarybos reglamento (ES) 2016\/679.","og_url":"https:\/\/advertsup.lt\/en\/privatumo-politika\/","og_site_name":"Advertsup","article_modified_time":"2020-02-27T11:00:21+00:00","twitter_card":"summary_large_image","twitter_misc":{"Est. reading time":"6 minutes"},"schema":{"@context":"https:\/\/schema.org","@graph":[{"@type":"WebPage","@id":"https:\/\/advertsup.lt\/privatumo-politika\/","url":"https:\/\/advertsup.lt\/privatumo-politika\/","name":"Privatumo politika - Advertsup","isPartOf":{"@id":"https:\/\/advertsup.lt\/#website"},"datePublished":"2019-11-04T19:30:04+00:00","dateModified":"2020-02-27T11:00:21+00:00","description":"Slapuk\u0173 naudojimo taisykl\u0117s (privatumo politika) priimtos pagal 2016 m. baland\u017eio 27 d. Europos Parlamento ir Tarybos reglamento (ES) 2016\/679.","breadcrumb":{"@id":"https:\/\/advertsup.lt\/privatumo-politika\/#breadcrumb"},"inLanguage":"en-US","potentialAction":[{"@type":"ReadAction","target":["https:\/\/advertsup.lt\/privatumo-politika\/"]}]},{"@type":"BreadcrumbList","@id":"https:\/\/advertsup.lt\/privatumo-politika\/#breadcrumb","itemListElement":[{"@type":"ListItem","position":1,"name":"Home","item":"https:\/\/advertsup.lt\/"},{"@type":"ListItem","position":2,"name":"Privatumo politika"}]},{"@type":"WebSite","@id":"https:\/\/advertsup.lt\/#website","url":"https:\/\/advertsup.lt\/","name":"Advertsup","description":"M\u016bs\u0173 darbas - J\u016bs\u0173 \u0161uolis \u012f priek\u012f!","publisher":{"@id":"https:\/\/advertsup.lt\/#organization"},"potentialAction":[{"@type":"SearchAction","target":{"@type":"EntryPoint","urlTemplate":"https:\/\/advertsup.lt\/?s={search_term_string}"},"query-input":"required name=search_term_string"}],"inLanguage":"en-US"},{"@type":"Organization","@id":"https:\/\/advertsup.lt\/#organization","name":"Advertsup","url":"https:\/\/advertsup.lt\/","logo":{"@type":"ImageObject","inLanguage":"en-US","@id":"https:\/\/advertsup.lt\/#\/schema\/logo\/image\/","url":"https:\/\/advertsup.lt\/wp-content\/uploads\/2020\/02\/logo.png","contentUrl":"https:\/\/advertsup.lt\/wp-content\/uploads\/2020\/02\/logo.png","width":780,"height":153,"caption":"Advertsup"},"image":{"@id":"https:\/\/advertsup.lt\/#\/schema\/logo\/image\/"}}]}},"_links":{"self":[{"href":"https:\/\/advertsup.lt\/en\/wp-json\/wp\/v2\/pages\/3"}],"collection":[{"href":"https:\/\/advertsup.lt\/en\/wp-json\/wp\/v2\/pages"}],"about":[{"href":"https:\/\/advertsup.lt\/en\/wp-json\/wp\/v2\/types\/page"}],"author":[{"embeddable":true,"href":"https:\/\/advertsup.lt\/en\/wp-json\/wp\/v2\/users\/1"}],"replies":[{"embeddable":true,"href":"https:\/\/advertsup.lt\/en\/wp-json\/wp\/v2\/comments?post=3"}],"version-history":[{"count":3,"href":"https:\/\/advertsup.lt\/en\/wp-json\/wp\/v2\/pages\/3\/revisions"}],"predecessor-version":[{"id":4429,"href":"https:\/\/advertsup.lt\/en\/wp-json\/wp\/v2\/pages\/3\/revisions\/4429"}],"wp:attachment":[{"href":"https:\/\/advertsup.lt\/en\/wp-json\/wp\/v2\/media?parent=3"}],"curies":[{"name":"wp","href":"https:\/\/api.w.org\/{rel}","templated":true}]}}