{"id":4386,"date":"2020-02-07T02:38:45","date_gmt":"2020-02-07T02:38:45","guid":{"rendered":"https:\/\/advertsup.lt\/?page_id=4386"},"modified":"2024-01-16T15:14:11","modified_gmt":"2024-01-16T13:14:11","slug":"reklamos-kaina","status":"publish","type":"page","link":"https:\/\/advertsup.lt\/en\/reklamos-kaina\/","title":{"rendered":"Service packages"},"content":{"rendered":"<section data-vc-full-width=\"true\" data-vc-full-width-init=\"false\" class=\"vc_section vc_custom_1705410727200 vc_section-has-fill\"><div data-vc-full-width=\"true\" data-vc-full-width-init=\"false\" class=\"vc_row wpb_row vc_row-fluid wpb_animate_when_almost_visible wpb_fadeInUp fadeInUp vc_custom_1539164523992\"><div class=\"wpb_column vc_column_container vc_col-sm-12\"><div class=\"vc_column-inner\"><div class=\"wpb_wrapper\"><div class=\"vc_empty_space\"   style=\"height: 100px\"><span class=\"vc_empty_space_inner\"><\/span><\/div><h1 style=\"font-size: 40px;color: #ffffff;line-height: 45px;text-align: center\" class=\"vc_custom_heading vc_custom_1642499273582\" >Facebook bei Instagram verslo paskyr\u0173 administravimo kainos<\/h1><div style=\"font-size: 15px;color: #ffffff;line-height: 22px;text-align: center\" class=\"vc_custom_heading vc_custom_1660463182853\" >Si\u016blome keturis paslaug\u0173 paketus. Kainos nurodytos be PVM.<\/div><\/div><\/div><\/div><\/div><div class=\"vc_row-full-width vc_clearfix\"><\/div><\/section><div class=\"vc_row-full-width vc_clearfix\"><\/div><section data-vc-full-width=\"true\" data-vc-full-width-init=\"false\" class=\"vc_section vc_custom_1538565092972 vc_section-has-fill\"><div data-vc-full-width=\"true\" data-vc-full-width-init=\"false\" class=\"vc_row wpb_row vc_row-fluid wpb_animate_when_almost_visible wpb_fadeInUp fadeInUp vc_custom_1642016335555\"><div class=\"wpb_column vc_column_container vc_col-sm-12\"><div class=\"vc_column-inner vc_custom_1642016296325\"><div class=\"wpb_wrapper\"><div class=\"vc_row wpb_row vc_inner vc_row-fluid vc_custom_1538547221006\"><div class=\"wpb_column vc_column_container vc_col-sm-3\"><div class=\"vc_column-inner vc_custom_1538566513679\"><div class=\"wpb_wrapper\"><!-- rt-pricing-table --><div class=\"rt-pricing-table element-three   rt1492203754\"   ><div class=\"holder\"><div class=\"heading\"><p class=\"title\">Mini<\/p><p class=\"price\"><strong>\u20ac<\/strong>199<\/p><p class=\"period\">Per month<\/p><\/div><div class=\"list\"><p class=\"tagline\">Mini paslaug\u0173 paketas<\/p>\n<ul>\n<li>Developing a monthly communication plan (themes)<\/li>\n<li>Publishing content on the business's social media accounts - Facebook (duplicated on Instagram if necessary)<\/li>\n<li>4 posts per month*<\/li>\n<li>Consultations by phone, email (10am-4pm)<\/li>\n<\/ul>\n<a class=\"btn\" href=\"https:\/\/advertsup.lt\/en\/kontaktai\/\">CONTACT<\/a><\/div><\/div><\/div>\r<!-- rt-pricing-table -->\r<\/div><\/div><\/div><div class=\"wpb_column vc_column_container vc_col-sm-3\"><div class=\"vc_column-inner vc_custom_1538566521299\"><div class=\"wpb_wrapper\">\n\t<div  class=\"wpb_single_image wpb_content_element vc_align_left  vc_custom_1581173963367  home-six-pricing-table-img1\">\n\t\t\n\t\t<figure class=\"wpb_wrapper vc_figure\">\n\t\t\t<div class=\"vc_single_image-wrapper   vc_box_border_grey\"><img width=\"145\" height=\"97\" src=\"https:\/\/advertsup.lt\/wp-content\/uploads\/2020\/02\/populiarus-planas.png\" class=\"vc_single_image-img attachment-full\" alt=\"populiarus-planas\" decoding=\"async\" loading=\"lazy\" \/><\/div>\n\t\t<\/figure>\n\t<\/div>\n<!-- rt-pricing-table --><div class=\"rt-pricing-table element-three spotlight  rt520423904\"   ><div class=\"holder\"><div class=\"heading\"><p class=\"title\">Standard<\/p><p class=\"price\"><strong>\u20ac<\/strong>249<\/p><p class=\"period\">Per month<\/p><\/div><div class=\"list\"><p class=\"tagline\">Standard service package<\/p>\n<ul>\n<li>Developing a monthly communication plan (themes)<\/li>\n<li>Setting objectives and the means to achieve them<\/li>\n<li>Publishing content on the business's social media accounts - Facebook (duplicated on Instagram if necessary)<\/li>\n<li>8 posts per month*<\/li>\n<li>Consultations by phone, email (10am-4pm)<\/li>\n<li>Facebook\/Instagram &#8222;story&#8221; \u012fk\u0117limas (2 kartus per m\u0117nes\u012f)<\/li>\n<li>Report on results<\/li>\n<\/ul>\n<a class=\"btn\" href=\"https:\/\/advertsup.lt\/en\/kontaktai\/\">CONTACT<\/a><\/div><\/div><\/div>\r<!-- rt-pricing-table -->\r<\/div><\/div><\/div><div class=\"wpb_column vc_column_container vc_col-sm-3\"><div class=\"vc_column-inner vc_custom_1538547211357\"><div class=\"wpb_wrapper\"><!-- rt-pricing-table --><div class=\"rt-pricing-table element-three   rt1297906711\"   ><div class=\"holder\"><div class=\"heading\"><p class=\"title\">Midi<\/p><p class=\"price\"><strong>\u20ac<\/strong>359<\/p><p class=\"period\">Per month<\/p><\/div><div class=\"list\"><p class=\"tagline\">Midi paslaug\u0173 paketas<\/p>\n<ul>\n<li>Developing a monthly communication plan (themes)<\/li>\n<li>Setting objectives and the means to achieve them<\/li>\n<li>Publishing content on the business's social media accounts - Facebook (duplicated on Instagram if necessary)<\/li>\n<li>10 entries per month*<\/li>\n<li>Facebook\/Instagram &#8222;story&#8221; \u012fk\u0117limas (4 kartus per m\u0117nes\u012f)<\/li>\n<li>Consultations by phone, email (10am-4pm)<\/li>\n<li>Report on results<\/li>\n<\/ul>\n<a class=\"btn\" href=\"https:\/\/advertsup.lt\/en\/kontaktai\/\">CONTACT<\/a><\/div><\/div><\/div>\r<!-- rt-pricing-table -->\r<\/div><\/div><\/div><div class=\"wpb_column vc_column_container vc_col-sm-3\"><div class=\"vc_column-inner\"><div class=\"wpb_wrapper\"><!-- rt-pricing-table --><div class=\"rt-pricing-table element-three   rt1367413852\"   ><div class=\"holder\"><div class=\"heading\"><p class=\"title\">Maxi<\/p><p class=\"price\"><strong>\u20ac<\/strong>419<\/p><p class=\"period\">Per month<\/p><\/div><div class=\"list\"><p class=\"tagline\">Maxi service package<\/p>\n<ul>\n<li>Developing a monthly communication plan (themes)<\/li>\n<li>Setting objectives and the means to achieve them<\/li>\n<li>Publishing content on the business's social media accounts - Facebook (duplicated on Instagram if necessary)<\/li>\n<li>12 entries per month*<\/li>\n<li>Facebook\/Instagram &#8222;story&#8221; \u012fk\u0117limas (4 kartus per m\u0117nes\u012f)<\/li>\n<li>Consultations by phone, email (10am-4pm)<\/li>\n<li>Report on results<\/li>\n<\/ul>\n<a class=\"btn\" href=\"https:\/\/advertsup.lt\/en\/kontaktai\/\">CONTACT<\/a><\/div><\/div><\/div>\r<!-- rt-pricing-table -->\r<\/div><\/div><\/div><\/div><\/div><\/div><\/div><\/div><div class=\"vc_row-full-width vc_clearfix\"><\/div><div data-vc-full-width=\"true\" data-vc-full-width-init=\"false\" class=\"vc_row wpb_row vc_row-fluid background-position-center vc_custom_1582465986272 vc_row-has-fill\"><div class=\"wpb_column vc_column_container vc_col-sm-12\"><div class=\"vc_column-inner\"><div class=\"wpb_wrapper\"><div class=\"vc_row wpb_row vc_inner vc_row-fluid vc_row-o-content-middle vc_row-flex\"><div class=\"wpb_column vc_column_container vc_col-sm-6\"><div class=\"vc_column-inner vc_custom_1538461970346\"><div class=\"wpb_wrapper\"><h5 style=\"font-size: 28px;color: #0b1427;line-height: 40px;text-align: left\" class=\"vc_custom_heading vc_custom_1581045235810\" >\u201eAdvertsup\u201c<\/h5><h2 style=\"font-size: 55px;color: #0b1427;line-height: 66px;text-align: left\" class=\"vc_custom_heading letter-spacing--2 vc_custom_1581045272940\" >Our work is your leap forward!<\/h2><div style=\"font-size: 20px;color: #212d31;line-height: 28px;text-align: left\" class=\"vc_custom_heading vc_custom_1581045286407\" >Find out more about all the services provided by Advertsup.<\/div>\r<!-- radiantthemes-custom-button -->\r<div class=\"radiantthemes-custom-button hover-style-one rt1917876958\"  data-button-direction=\"left\" data-button-fullwidth=\"false\" ><a style=\" color: #ffffff; line-height: 30px; font-size: 15px;\" class=\"radiantthemes-custom-button-main  vc_custom_1705410849187\" href=\"https:\/\/advertsup.lt\/en\/marketingo-paslaugos\/\"  title=\"Services\" target=\"_self\"><div class=\"placeholder\">VIEW OUR SERVICES<\/div><\/a><\/div>\r<!-- radiantthemes-custom-button -->\r<\/div><\/div><\/div><div class=\"wpb_column vc_column_container vc_col-sm-6\"><div class=\"vc_column-inner vc_custom_1538972084487\"><div class=\"wpb_wrapper\">\n\t<div  class=\"wpb_single_image wpb_content_element vc_align_left\">\n\t\t\n\t\t<figure class=\"wpb_wrapper vc_figure\">\n\t\t\t<div class=\"vc_single_image-wrapper   vc_box_border_grey\"><img src=\"https:\/\/advertsup.lt\/wp-content\/uploads\/2024\/01\/18-1.svg\" class=\"vc_single_image-img attachment-full\" alt=\"\" decoding=\"async\" loading=\"lazy\" \/><\/div>\n\t\t<\/figure>\n\t<\/div>\n<\/div><\/div><\/div><\/div><\/div><\/div><\/div><\/div><div class=\"vc_row-full-width vc_clearfix\"><\/div><\/section><div class=\"vc_row-full-width vc_clearfix\"><\/div><section data-vc-full-width=\"true\" data-vc-full-width-init=\"false\" class=\"vc_section vc_custom_1625740862470 vc_section-has-fill\"><div data-vc-full-width=\"true\" data-vc-full-width-init=\"false\" class=\"vc_row wpb_row vc_row-fluid vc_custom_1625723948650 vc_row-o-equal-height vc_row-o-content-middle vc_row-flex\"><div class=\"wpb_column vc_column_container vc_col-sm-6\"><div class=\"vc_column-inner vc_custom_1531818384661\"><div class=\"wpb_wrapper\"><h2 style=\"font-size: 35px;color: #000000;line-height: 41px;text-align: left\" class=\"vc_custom_heading font-weight-bold vc_custom_1625723296706\" >Your business needs to be where your potential customers are.<\/h2><div style=\"font-size: 18px;color: #000000;line-height: 28px;text-align: left\" class=\"vc_custom_heading font-weight-regular vc_custom_1625723315923\" >Consistent social media management is an integral part of digital marketing, helping you to create a clear corporate image, raise your profile, drive sales and build a warm relationship with potential customers.<\/div>\n\t<div class=\"wpb_text_column wpb_content_element\" >\n\t\t<div class=\"wpb_wrapper\">\n\t\t\t<p><strong>Our team provides the following services:<\/strong><\/p>\n\n\t\t<\/div>\n\t<\/div>\n\r<!-- list -->\r<div class=\"radiantthemes-list rt1716943748 element-one\" >\n<ul>\n<li>Creating a monthly communication grid;<\/li>\n<li>Creating visuals;<\/li>\n<li>Creating texts that increase engagement;<\/li>\n<li>Creating Facebook Ads campaigns;<\/li>\n<li>Full account administration;<\/li>\n<li>Finding influencers;<\/li>\n<li>Consultations.<\/li>\n<\/ul>\n<\/div>\r<!-- list -->\r<\/div><\/div><\/div><div class=\"wpb_animate_when_almost_visible wpb_fadeInUp fadeInUp wpb_column vc_column_container vc_col-sm-6\"><div class=\"vc_column-inner vc_custom_1625723818366\"><div class=\"wpb_wrapper\">\n\t<div  class=\"wpb_single_image wpb_content_element vc_align_center  vc_custom_1532693490916\">\n\t\t\n\t\t<figure class=\"wpb_wrapper vc_figure\">\n\t\t\t<div class=\"vc_single_image-wrapper   vc_box_border_grey\"><img width=\"529\" height=\"565\" src=\"https:\/\/advertsup.lt\/wp-content\/uploads\/2018\/07\/Home-5-Banner-Main-Image.png\" class=\"vc_single_image-img attachment-full\" alt=\"Home-5-Banner-Main-Image\" decoding=\"async\" loading=\"lazy\" \/><\/div>\n\t\t<\/figure>\n\t<\/div>\n<\/div><\/div><\/div><\/div><div class=\"vc_row-full-width vc_clearfix\"><\/div><div class=\"vc_row wpb_row vc_row-fluid wpb_animate_when_almost_visible wpb_fadeInUp fadeInUp\"><div class=\"wpb_column vc_column_container vc_col-sm-12\"><div class=\"vc_column-inner\"><div class=\"wpb_wrapper\">\n\t<div class=\"wpb_text_column wpb_content_element\" >\n\t\t<div class=\"wpb_wrapper\">\n\t\t\t<p>Social media management, creating social media accounts, developing and implementing a social media strategy - this is the daily routine of the ADVERTSUP team. We know how to get tangible results by leveraging the power of social networks. We are constantly monitoring innovations, trends and developments and integrating them into our working practices. When you choose us, you choose the best solution for your company. Our work is your leap forward.<\/p>\n\n\t\t<\/div>\n\t<\/div>\n\n\t<div  class=\"wpb_single_image wpb_content_element vc_align_center\">\n\t\t\n\t\t<figure class=\"wpb_wrapper vc_figure\">\n\t\t\t<div class=\"vc_single_image-wrapper   vc_box_border_grey\"><img width=\"1920\" height=\"960\" src=\"https:\/\/advertsup.lt\/wp-content\/uploads\/2021\/07\/Klientu\u0328-maketai-be-fono.png\" class=\"vc_single_image-img attachment-full\" alt=\"\" decoding=\"async\" loading=\"lazy\" srcset=\"https:\/\/advertsup.lt\/wp-content\/uploads\/2021\/07\/Klientu\u0328-maketai-be-fono.png 1920w, https:\/\/advertsup.lt\/wp-content\/uploads\/2021\/07\/Klientu\u0328-maketai-be-fono-300x150.png 300w, https:\/\/advertsup.lt\/wp-content\/uploads\/2021\/07\/Klientu\u0328-maketai-be-fono-1024x512.png 1024w, https:\/\/advertsup.lt\/wp-content\/uploads\/2021\/07\/Klientu\u0328-maketai-be-fono-768x384.png 768w, https:\/\/advertsup.lt\/wp-content\/uploads\/2021\/07\/Klientu\u0328-maketai-be-fono-1536x768.png 1536w\" sizes=\"(max-width: 1920px) 100vw, 1920px\" \/><\/div>\n\t\t<\/figure>\n\t<\/div>\n<\/div><\/div><\/div><\/div><\/section><div class=\"vc_row-full-width vc_clearfix\"><\/div><div class=\"vc_row wpb_row vc_row-fluid\"><div class=\"wpb_column vc_column_container vc_col-sm-12\"><div class=\"vc_column-inner\"><div class=\"wpb_wrapper\"><\/div><\/div><\/div><\/div>","protected":false},"excerpt":{"rendered":"Facebook bei Instagram verslo paskyr\u0173 administravimo kainosSi\u016blome keturis paslaug\u0173 paketus. Kainos nurodytos be PVM.Mini\u20ac199Per m\u0117nes\u012fMini paslaug\u0173 paketas M\u0117nesio komunikacijos plano (tem\u0173) sudarymas Turinio publikavimas verslo soc. tinkl\u0173 paskyrose: Facebook (esant poreikiui, \u012fra\u0161ai dubliuojami \u012f Instagram) 4 \u012fra\u0161ai per m\u0117nes\u012f* Konsultacijos telefonu, el.pa\u0161tu (10-16 val.) SUSISIEKTI Standartinis\u20ac249Per m\u0117nes\u012fStandartinis paslaug\u0173 paketas M\u0117nesio komunikacijos plano (tem\u0173) sudarymas Tiksl\u0173 [...]","protected":false},"author":1,"featured_media":9983,"parent":0,"menu_order":0,"comment_status":"closed","ping_status":"closed","template":"","meta":[],"yoast_head":"<!-- This site is optimized with the Yoast SEO plugin v21.8.1 - https:\/\/yoast.com\/wordpress\/plugins\/seo\/ -->\n<title>Reklamos kaina - Advertsup<\/title>\n<meta name=\"description\" content=\"Reklamos kaina - trys paslaug\u0173 paketai, kurie puikiai tinka \u012fvairaus dyd\u017eio \u012fmon\u0117ms. Pasirinkite tinkam\u0105 paslaug\u0173 paket\u0105 ir prad\u0117kite kilti!\" \/>\n<meta name=\"robots\" content=\"index, follow, max-snippet:-1, max-image-preview:large, max-video-preview:-1\" \/>\n<link rel=\"canonical\" href=\"https:\/\/advertsup.lt\/en\/reklamos-kaina\/\" \/>\n<meta property=\"og:locale\" content=\"en_US\" \/>\n<meta property=\"og:type\" content=\"article\" \/>\n<meta property=\"og:title\" content=\"Reklamos kaina - Advertsup\" \/>\n<meta property=\"og:description\" content=\"Reklamos kaina - trys paslaug\u0173 paketai, kurie puikiai tinka \u012fvairaus dyd\u017eio \u012fmon\u0117ms. Pasirinkite tinkam\u0105 paslaug\u0173 paket\u0105 ir prad\u0117kite kilti!\" \/>\n<meta property=\"og:url\" content=\"https:\/\/advertsup.lt\/en\/reklamos-kaina\/\" \/>\n<meta property=\"og:site_name\" content=\"Advertsup\" \/>\n<meta property=\"article:modified_time\" content=\"2024-01-16T13:14:11+00:00\" \/>\n<meta property=\"og:image\" content=\"https:\/\/advertsup.lt\/wp-content\/uploads\/2023\/06\/firmbee-com-DfMMzzi3rmg-unsplash.jpg\" \/>\n\t<meta property=\"og:image:width\" content=\"640\" \/>\n\t<meta property=\"og:image:height\" content=\"425\" \/>\n\t<meta property=\"og:image:type\" content=\"image\/jpeg\" \/>\n<meta name=\"twitter:card\" content=\"summary_large_image\" \/>\n<meta name=\"twitter:label1\" content=\"Est. reading time\" \/>\n\t<meta name=\"twitter:data1\" content=\"4 minutes\" \/>\n<script type=\"application\/ld+json\" class=\"yoast-schema-graph\">{\"@context\":\"https:\/\/schema.org\",\"@graph\":[{\"@type\":\"WebPage\",\"@id\":\"https:\/\/advertsup.lt\/reklamos-kaina\/\",\"url\":\"https:\/\/advertsup.lt\/reklamos-kaina\/\",\"name\":\"Reklamos kaina - Advertsup\",\"isPartOf\":{\"@id\":\"https:\/\/advertsup.lt\/#website\"},\"datePublished\":\"2020-02-07T02:38:45+00:00\",\"dateModified\":\"2024-01-16T13:14:11+00:00\",\"description\":\"Reklamos kaina - trys paslaug\u0173 paketai, kurie puikiai tinka \u012fvairaus dyd\u017eio \u012fmon\u0117ms. Pasirinkite tinkam\u0105 paslaug\u0173 paket\u0105 ir prad\u0117kite kilti!\",\"breadcrumb\":{\"@id\":\"https:\/\/advertsup.lt\/reklamos-kaina\/#breadcrumb\"},\"inLanguage\":\"en-US\",\"potentialAction\":[{\"@type\":\"ReadAction\",\"target\":[\"https:\/\/advertsup.lt\/reklamos-kaina\/\"]}]},{\"@type\":\"BreadcrumbList\",\"@id\":\"https:\/\/advertsup.lt\/reklamos-kaina\/#breadcrumb\",\"itemListElement\":[{\"@type\":\"ListItem\",\"position\":1,\"name\":\"Home\",\"item\":\"https:\/\/advertsup.lt\/\"},{\"@type\":\"ListItem\",\"position\":2,\"name\":\"Paslaug\u0173 paketai\"}]},{\"@type\":\"WebSite\",\"@id\":\"https:\/\/advertsup.lt\/#website\",\"url\":\"https:\/\/advertsup.lt\/\",\"name\":\"Advertsup\",\"description\":\"M\u016bs\u0173 darbas - J\u016bs\u0173 \u0161uolis \u012f priek\u012f!\",\"publisher\":{\"@id\":\"https:\/\/advertsup.lt\/#organization\"},\"potentialAction\":[{\"@type\":\"SearchAction\",\"target\":{\"@type\":\"EntryPoint\",\"urlTemplate\":\"https:\/\/advertsup.lt\/?s={search_term_string}\"},\"query-input\":\"required name=search_term_string\"}],\"inLanguage\":\"en-US\"},{\"@type\":\"Organization\",\"@id\":\"https:\/\/advertsup.lt\/#organization\",\"name\":\"Advertsup\",\"url\":\"https:\/\/advertsup.lt\/\",\"logo\":{\"@type\":\"ImageObject\",\"inLanguage\":\"en-US\",\"@id\":\"https:\/\/advertsup.lt\/#\/schema\/logo\/image\/\",\"url\":\"https:\/\/advertsup.lt\/wp-content\/uploads\/2020\/02\/logo.png\",\"contentUrl\":\"https:\/\/advertsup.lt\/wp-content\/uploads\/2020\/02\/logo.png\",\"width\":780,\"height\":153,\"caption\":\"Advertsup\"},\"image\":{\"@id\":\"https:\/\/advertsup.lt\/#\/schema\/logo\/image\/\"}}]}<\/script>\n<!-- \/ Yoast SEO plugin. -->","yoast_head_json":{"title":"Reklamos kaina - Advertsup","description":"Reklamos kaina - trys paslaug\u0173 paketai, kurie puikiai tinka \u012fvairaus dyd\u017eio \u012fmon\u0117ms. Pasirinkite tinkam\u0105 paslaug\u0173 paket\u0105 ir prad\u0117kite kilti!","robots":{"index":"index","follow":"follow","max-snippet":"max-snippet:-1","max-image-preview":"max-image-preview:large","max-video-preview":"max-video-preview:-1"},"canonical":"https:\/\/advertsup.lt\/en\/reklamos-kaina\/","og_locale":"en_US","og_type":"article","og_title":"Reklamos kaina - Advertsup","og_description":"Reklamos kaina - trys paslaug\u0173 paketai, kurie puikiai tinka \u012fvairaus dyd\u017eio \u012fmon\u0117ms. Pasirinkite tinkam\u0105 paslaug\u0173 paket\u0105 ir prad\u0117kite kilti!","og_url":"https:\/\/advertsup.lt\/en\/reklamos-kaina\/","og_site_name":"Advertsup","article_modified_time":"2024-01-16T13:14:11+00:00","og_image":[{"width":640,"height":425,"url":"https:\/\/advertsup.lt\/wp-content\/uploads\/2023\/06\/firmbee-com-DfMMzzi3rmg-unsplash.jpg","type":"image\/jpeg"}],"twitter_card":"summary_large_image","twitter_misc":{"Est. reading time":"4 minutes"},"schema":{"@context":"https:\/\/schema.org","@graph":[{"@type":"WebPage","@id":"https:\/\/advertsup.lt\/reklamos-kaina\/","url":"https:\/\/advertsup.lt\/reklamos-kaina\/","name":"Reklamos kaina - Advertsup","isPartOf":{"@id":"https:\/\/advertsup.lt\/#website"},"datePublished":"2020-02-07T02:38:45+00:00","dateModified":"2024-01-16T13:14:11+00:00","description":"Reklamos kaina - trys paslaug\u0173 paketai, kurie puikiai tinka \u012fvairaus dyd\u017eio \u012fmon\u0117ms. Pasirinkite tinkam\u0105 paslaug\u0173 paket\u0105 ir prad\u0117kite kilti!","breadcrumb":{"@id":"https:\/\/advertsup.lt\/reklamos-kaina\/#breadcrumb"},"inLanguage":"en-US","potentialAction":[{"@type":"ReadAction","target":["https:\/\/advertsup.lt\/reklamos-kaina\/"]}]},{"@type":"BreadcrumbList","@id":"https:\/\/advertsup.lt\/reklamos-kaina\/#breadcrumb","itemListElement":[{"@type":"ListItem","position":1,"name":"Home","item":"https:\/\/advertsup.lt\/"},{"@type":"ListItem","position":2,"name":"Paslaug\u0173 paketai"}]},{"@type":"WebSite","@id":"https:\/\/advertsup.lt\/#website","url":"https:\/\/advertsup.lt\/","name":"Advertsup","description":"M\u016bs\u0173 darbas - J\u016bs\u0173 \u0161uolis \u012f priek\u012f!","publisher":{"@id":"https:\/\/advertsup.lt\/#organization"},"potentialAction":[{"@type":"SearchAction","target":{"@type":"EntryPoint","urlTemplate":"https:\/\/advertsup.lt\/?s={search_term_string}"},"query-input":"required name=search_term_string"}],"inLanguage":"en-US"},{"@type":"Organization","@id":"https:\/\/advertsup.lt\/#organization","name":"Advertsup","url":"https:\/\/advertsup.lt\/","logo":{"@type":"ImageObject","inLanguage":"en-US","@id":"https:\/\/advertsup.lt\/#\/schema\/logo\/image\/","url":"https:\/\/advertsup.lt\/wp-content\/uploads\/2020\/02\/logo.png","contentUrl":"https:\/\/advertsup.lt\/wp-content\/uploads\/2020\/02\/logo.png","width":780,"height":153,"caption":"Advertsup"},"image":{"@id":"https:\/\/advertsup.lt\/#\/schema\/logo\/image\/"}}]}},"_links":{"self":[{"href":"https:\/\/advertsup.lt\/en\/wp-json\/wp\/v2\/pages\/4386"}],"collection":[{"href":"https:\/\/advertsup.lt\/en\/wp-json\/wp\/v2\/pages"}],"about":[{"href":"https:\/\/advertsup.lt\/en\/wp-json\/wp\/v2\/types\/page"}],"author":[{"embeddable":true,"href":"https:\/\/advertsup.lt\/en\/wp-json\/wp\/v2\/users\/1"}],"replies":[{"embeddable":true,"href":"https:\/\/advertsup.lt\/en\/wp-json\/wp\/v2\/comments?post=4386"}],"version-history":[{"count":91,"href":"https:\/\/advertsup.lt\/en\/wp-json\/wp\/v2\/pages\/4386\/revisions"}],"predecessor-version":[{"id":10128,"href":"https:\/\/advertsup.lt\/en\/wp-json\/wp\/v2\/pages\/4386\/revisions\/10128"}],"wp:featuredmedia":[{"embeddable":true,"href":"https:\/\/advertsup.lt\/en\/wp-json\/wp\/v2\/media\/9983"}],"wp:attachment":[{"href":"https:\/\/advertsup.lt\/en\/wp-json\/wp\/v2\/media?parent=4386"}],"curies":[{"name":"wp","href":"https:\/\/api.w.org\/{rel}","templated":true}]}}