{"id":4430,"date":"2020-02-07T03:37:02","date_gmt":"2020-02-07T03:37:02","guid":{"rendered":"https:\/\/advertsup.lt\/?page_id=4430"},"modified":"2025-08-30T03:40:36","modified_gmt":"2025-08-30T00:40:36","slug":"kontaktai","status":"publish","type":"page","link":"https:\/\/advertsup.lt\/en\/kontaktai\/","title":{"rendered":"Contacts"},"content":{"rendered":"<div data-vc-full-width=\"true\" data-vc-full-width-init=\"false\" class=\"vc_row wpb_row vc_row-fluid vc_custom_1687864584849 vc_row-has-fill vc_row-o-equal-height vc_row-o-content-middle vc_row-flex\"><div class=\"wpb_column vc_column_container vc_col-sm-2 vc_col-has-fill\"><div class=\"vc_column-inner vc_custom_1705411047555\"><div class=\"wpb_wrapper\"><h3 style=\"font-size: 25px;color: #030712;line-height: 35px;text-align: center\" class=\"vc_custom_heading font-weight-bold vc_custom_1687864570521\" >Kaunas<\/h3>\n\t<div class=\"wpb_text_column wpb_content_element  vc_custom_1687864819838\" >\n\t\t<div class=\"wpb_wrapper\">\n\t\t\t<p style=\"text-align: center;\">Laisv\u0117s al. 118, Kaunas<br \/>\nLT-44253<\/p>\n\n\t\t<\/div>\n\t<\/div>\n<\/div><\/div><\/div><div class=\"wpb_animate_when_almost_visible wpb_fadeInUp fadeInUp wpb_column vc_column_container vc_col-sm-5\"><div class=\"vc_column-inner vc_custom_1687864537509\"><div class=\"wpb_wrapper\">\n\t<div  class=\"wpb_single_image wpb_content_element vc_align_center  vc_custom_1532336795927\">\n\t\t\n\t\t<figure class=\"wpb_wrapper vc_figure\">\n\t\t\t<div class=\"vc_single_image-wrapper   vc_box_border_grey\"><img width=\"80\" height=\"80\" src=\"https:\/\/advertsup.lt\/wp-content\/uploads\/2018\/07\/Phone-Icon.png\" class=\"vc_single_image-img attachment-full\" alt=\"Phone-Icon\" decoding=\"async\" loading=\"lazy\" \/><\/div>\n\t\t<\/figure>\n\t<\/div>\n<h3 style=\"font-size: 25px;color: #030712;line-height: 35px;text-align: center\" class=\"vc_custom_heading font-weight-bold vc_custom_1581046710484\" >Phone<\/h3>\n\t<div class=\"wpb_text_column wpb_content_element  vc_custom_1581046780519\" >\n\t\t<div class=\"wpb_wrapper\">\n\t\t\t<p style=\"text-align: center;\">Call us and we'll be happy to help you with your questions.<\/p>\n\n\t\t<\/div>\n\t<\/div>\n<h5 style=\"font-size: 18px;color: #030712;line-height: 26px;text-align: center\" class=\"vc_custom_heading font-weight-semibold vc_custom_1756514417348\" ><a href=\"tel: 370 6285 7171\">+370 6285 7171<\/a><\/h5><\/div><\/div><\/div><div class=\"wpb_animate_when_almost_visible wpb_fadeInUp fadeInUp wpb_column vc_column_container vc_col-sm-5\"><div class=\"vc_column-inner vc_custom_1687864530950\"><div class=\"wpb_wrapper\">\n\t<div  class=\"wpb_single_image wpb_content_element vc_align_center  vc_custom_1532336863224\">\n\t\t\n\t\t<figure class=\"wpb_wrapper vc_figure\">\n\t\t\t<div class=\"vc_single_image-wrapper   vc_box_border_grey\"><img width=\"80\" height=\"80\" src=\"https:\/\/advertsup.lt\/wp-content\/uploads\/2018\/07\/Email-Icon.png\" class=\"vc_single_image-img attachment-full\" alt=\"Email-Icon\" decoding=\"async\" loading=\"lazy\" \/><\/div>\n\t\t<\/figure>\n\t<\/div>\n<h3 style=\"font-size: 25px;color: #030712;line-height: 35px;text-align: center\" class=\"vc_custom_heading font-weight-bold vc_custom_1581046819065\" >E-mail<\/h3>\n\t<div class=\"wpb_text_column wpb_content_element  vc_custom_1581046876274\" >\n\t\t<div class=\"wpb_wrapper\">\n\t\t\t<p style=\"text-align: center;\">Send us an email, we'll be happy to help you with your query and we'll do our best to get back to you as soon as possible.<\/p>\n\n\t\t<\/div>\n\t<\/div>\n<h5 style=\"font-size: 18px;color: #030712;line-height: 26px;text-align: center\" class=\"vc_custom_heading font-weight-semibold vc_custom_1587465701497\" ><a href=\"mailto:info@advertsup.com\">info@advertsup.com<\/a><\/h5><\/div><\/div><\/div><\/div><div class=\"vc_row-full-width vc_clearfix\"><\/div><div data-vc-full-width=\"true\" data-vc-full-width-init=\"false\" class=\"vc_row wpb_row vc_row-fluid vc_custom_1532000788106 vc_row-has-fill\"><div class=\"wpb_column vc_column_container vc_col-sm-2\"><div class=\"vc_column-inner vc_custom_1532000820390\"><div class=\"wpb_wrapper\"><\/div><\/div><\/div><div class=\"wpb_column vc_column_container vc_col-sm-8\"><div class=\"vc_column-inner vc_custom_1532000826588\"><div class=\"wpb_wrapper\"><h6 style=\"font-size: 16px;color: #181616;line-height: 26px;text-align: center\" class=\"vc_custom_heading font-weight-medium vc_custom_1581046890535\" >LET'S GET IN TOUCH<\/h6><h1 style=\"font-size: 35px;color: #181616;line-height: 41px;text-align: center\" class=\"vc_custom_heading font-weight-bold letter-spacing--1 vc_custom_1582804384095\" >Write on a matter of interest<\/h1>\n\t<div class=\"wpb_text_column wpb_content_element  vc_custom_1581046943366\" >\n\t\t<div class=\"wpb_wrapper\">\n\t\t\t<p style=\"text-align: center;\">We will reply shortly.<\/p>\n\n\t\t<\/div>\n\t<\/div>\n\r<!-- rt-cf7 -->\r<div class=\"radiant-contact-form rtf38cbbb5111d807 element-one\"  >\n<div class=\"wpcf7 no-js\" id=\"wpcf7-f704-o1\" lang=\"en-US\" dir=\"ltr\">\n<div class=\"screen-reader-response\"><p role=\"status\" aria-live=\"polite\" aria-atomic=\"true\"><\/p> <ul><\/ul><\/div>\n<form action=\"\/en\/wp-json\/wp\/v2\/pages\/4430#wpcf7-f704-o1\" method=\"post\" class=\"wpcf7-form init\" aria-label=\"Contact form\" novalidate=\"novalidate\" data-status=\"init\" data-trp-original-action=\"\/en\/wp-json\/wp\/v2\/pages\/4430#wpcf7-f704-o1\">\n<div style=\"display: none;\">\n<input type=\"hidden\" name=\"_wpcf7\" value=\"704\" \/>\n<input type=\"hidden\" name=\"_wpcf7_version\" value=\"5.8.6\" \/>\n<input type=\"hidden\" name=\"_wpcf7_locale\" value=\"en_US\" \/>\n<input type=\"hidden\" name=\"_wpcf7_unit_tag\" value=\"wpcf7-f704-o1\" \/>\n<input type=\"hidden\" name=\"_wpcf7_container_post\" value=\"0\" \/>\n<input type=\"hidden\" name=\"_wpcf7_posted_data_hash\" value=\"\" \/>\n<input type=\"hidden\" name=\"_wpcf7_recaptcha_response\" value=\"\" \/>\n<\/div>\n<div class=\"row\">\n\t<div class=\"col-lg-6 col-md-6 col-sm-12 col-xs-12\">\n\t\t<div class=\"form-row\">\n\t\t\t<p><span class=\"wpcf7-form-control-wrap\" data-name=\"Name\"><input size=\"40\" class=\"wpcf7-form-control wpcf7-text wpcf7-validates-as-required\" aria-required=\"true\" aria-invalid=\"false\" placeholder=\"Your name\" value=\"\" type=\"text\" name=\"Name\" \/><\/span>\n\t\t\t<\/p>\n\t\t<\/div>\n\t<\/div>\n\t<div class=\"col-lg-6 col-md-6 col-sm-12 col-xs-12\">\n\t\t<div class=\"form-row\">\n\t\t\t<p><span class=\"wpcf7-form-control-wrap\" data-name=\"Email\"><input size=\"40\" class=\"wpcf7-form-control wpcf7-email wpcf7-validates-as-required wpcf7-text wpcf7-validates-as-email\" aria-required=\"true\" aria-invalid=\"false\" placeholder=\"Your email address\" value=\"\" type=\"email\" name=\"Email\" \/><\/span>\n\t\t\t<\/p>\n\t\t<\/div>\n\t<\/div>\n\t<div class=\"col-lg-6 col-md-6 col-sm-12 col-xs-12\">\n\t\t<div class=\"form-row\">\n\t\t\t<p><span class=\"wpcf7-form-control-wrap\" data-name=\"Phone\"><input size=\"40\" class=\"wpcf7-form-control wpcf7-tel wpcf7-validates-as-required wpcf7-text wpcf7-validates-as-tel\" aria-required=\"true\" aria-invalid=\"false\" placeholder=\"Phone\" value=\"\" type=\"tel\" name=\"Phone\" \/><\/span>\n\t\t\t<\/p>\n\t\t<\/div>\n\t<\/div>\n\t<div class=\"col-lg-6 col-md-6 col-sm-12 col-xs-12\">\n\t\t<div class=\"form-row\">\n\t\t\t<p><span class=\"wpcf7-form-control-wrap\" data-name=\"Subject\"><input size=\"40\" class=\"wpcf7-form-control wpcf7-text wpcf7-validates-as-required\" aria-required=\"true\" aria-invalid=\"false\" placeholder=\"Subject\" value=\"\" type=\"text\" name=\"Subject\" \/><\/span>\n\t\t\t<\/p>\n\t\t<\/div>\n\t<\/div>\n\t<div class=\"col-lg-12 col-md-12 col-sm-12 col-xs-12\">\n\t\t<div class=\"form-row\">\n\t\t\t<p><span class=\"wpcf7-form-control-wrap\" data-name=\"Message\"><textarea cols=\"40\" rows=\"10\" class=\"wpcf7-form-control wpcf7-textarea wpcf7-validates-as-required\" aria-required=\"true\" aria-invalid=\"false\" placeholder=\"Message\" name=\"Message\"><\/textarea><\/span>\n\t\t\t<\/p>\n\t\t<\/div>\n\t<\/div>\n\t<div class=\"col-lg-12 col-md-12 col-sm-12 col-xs-12\">\n\t\t<div class=\"form-row text-center\">\n\t\t\t<p><input class=\"wpcf7-form-control wpcf7-submit has-spinner\" type=\"submit\" value=\"SEND MESSAGE\" \/>\n\t\t\t<\/p>\n\t\t<\/div>\n\t<\/div>\n<\/div><div class=\"wpcf7-response-output\" aria-hidden=\"true\"><\/div>\n<input type=\"hidden\" name=\"trp-form-language\" value=\"en\"\/><\/form>\n<\/div>\n<div class=\"clearfix\"><\/div><\/div><!-- rt-cf7 -->\r<\/div><\/div><\/div><div class=\"wpb_column vc_column_container vc_col-sm-2\"><div class=\"vc_column-inner vc_custom_1532000849590\"><div class=\"wpb_wrapper\"><\/div><\/div><\/div><\/div><div class=\"vc_row-full-width vc_clearfix\"><\/div>","protected":false},"excerpt":{"rendered":"Kaunas Laisv\u0117s al. 118, Kaunas LT-44253 Telefonas Paskambinkite, mielai pad\u0117sime r\u016bpimu klausimu. +370 6285 7171 El.pa\u0161tas Para\u0161ykite lai\u0161k\u0105, mielai pad\u0117sime r\u016bpimu klausimu, pasistengsime atsakyti kuo grei\u010diau. info@advertsup.comSUSISIEKIMEPara\u0161ykite r\u016bpimu klausimu Atsakysime artimiausiu metu.","protected":false},"author":1,"featured_media":10136,"parent":0,"menu_order":0,"comment_status":"closed","ping_status":"closed","template":"","meta":[],"yoast_head":"<!-- This site is optimized with the Yoast SEO plugin v21.8.1 - https:\/\/yoast.com\/wordpress\/plugins\/seo\/ -->\n<title>Agent\u016bros kontaktai - Advertsup<\/title>\n<meta name=\"description\" content=\"Agent\u016bros kontaktai -para\u0161ykite lai\u0161k\u0105, mielai pad\u0117sime r\u016bpimu klausimu, pasistengsime atsakyti kuo grei\u010diau. Skambinkite jau dabar!\" \/>\n<meta name=\"robots\" content=\"index, follow, max-snippet:-1, max-image-preview:large, max-video-preview:-1\" \/>\n<link rel=\"canonical\" href=\"https:\/\/advertsup.lt\/en\/kontaktai\/\" \/>\n<meta property=\"og:locale\" content=\"en_US\" \/>\n<meta property=\"og:type\" content=\"article\" \/>\n<meta property=\"og:title\" content=\"Agent\u016bros kontaktai - Advertsup\" \/>\n<meta property=\"og:description\" content=\"Agent\u016bros kontaktai -para\u0161ykite lai\u0161k\u0105, mielai pad\u0117sime r\u016bpimu klausimu, pasistengsime atsakyti kuo grei\u010diau. Skambinkite jau dabar!\" \/>\n<meta property=\"og:url\" content=\"https:\/\/advertsup.lt\/en\/kontaktai\/\" \/>\n<meta property=\"og:site_name\" content=\"Advertsup\" \/>\n<meta property=\"article:modified_time\" content=\"2025-08-30T00:40:36+00:00\" \/>\n<meta property=\"og:image\" content=\"https:\/\/advertsup.lt\/wp-content\/uploads\/2024\/01\/bg-03-1-scaled.jpg\" \/>\n\t<meta property=\"og:image:width\" content=\"2560\" \/>\n\t<meta property=\"og:image:height\" content=\"1029\" \/>\n\t<meta property=\"og:image:type\" content=\"image\/jpeg\" \/>\n<meta name=\"twitter:card\" content=\"summary_large_image\" \/>\n<meta name=\"twitter:label1\" content=\"Est. reading time\" \/>\n\t<meta name=\"twitter:data1\" content=\"2 minutes\" \/>\n<script type=\"application\/ld+json\" class=\"yoast-schema-graph\">{\"@context\":\"https:\/\/schema.org\",\"@graph\":[{\"@type\":\"WebPage\",\"@id\":\"https:\/\/advertsup.lt\/kontaktai\/\",\"url\":\"https:\/\/advertsup.lt\/kontaktai\/\",\"name\":\"Agent\u016bros kontaktai - Advertsup\",\"isPartOf\":{\"@id\":\"https:\/\/advertsup.lt\/#website\"},\"datePublished\":\"2020-02-07T03:37:02+00:00\",\"dateModified\":\"2025-08-30T00:40:36+00:00\",\"description\":\"Agent\u016bros kontaktai -para\u0161ykite lai\u0161k\u0105, mielai pad\u0117sime r\u016bpimu klausimu, pasistengsime atsakyti kuo grei\u010diau. Skambinkite jau dabar!\",\"breadcrumb\":{\"@id\":\"https:\/\/advertsup.lt\/kontaktai\/#breadcrumb\"},\"inLanguage\":\"en-US\",\"potentialAction\":[{\"@type\":\"ReadAction\",\"target\":[\"https:\/\/advertsup.lt\/kontaktai\/\"]}]},{\"@type\":\"BreadcrumbList\",\"@id\":\"https:\/\/advertsup.lt\/kontaktai\/#breadcrumb\",\"itemListElement\":[{\"@type\":\"ListItem\",\"position\":1,\"name\":\"Home\",\"item\":\"https:\/\/advertsup.lt\/\"},{\"@type\":\"ListItem\",\"position\":2,\"name\":\"Kontaktai\"}]},{\"@type\":\"WebSite\",\"@id\":\"https:\/\/advertsup.lt\/#website\",\"url\":\"https:\/\/advertsup.lt\/\",\"name\":\"Advertsup\",\"description\":\"M\u016bs\u0173 darbas - J\u016bs\u0173 \u0161uolis \u012f priek\u012f!\",\"publisher\":{\"@id\":\"https:\/\/advertsup.lt\/#organization\"},\"potentialAction\":[{\"@type\":\"SearchAction\",\"target\":{\"@type\":\"EntryPoint\",\"urlTemplate\":\"https:\/\/advertsup.lt\/?s={search_term_string}\"},\"query-input\":\"required name=search_term_string\"}],\"inLanguage\":\"en-US\"},{\"@type\":\"Organization\",\"@id\":\"https:\/\/advertsup.lt\/#organization\",\"name\":\"Advertsup\",\"url\":\"https:\/\/advertsup.lt\/\",\"logo\":{\"@type\":\"ImageObject\",\"inLanguage\":\"en-US\",\"@id\":\"https:\/\/advertsup.lt\/#\/schema\/logo\/image\/\",\"url\":\"https:\/\/advertsup.lt\/wp-content\/uploads\/2020\/02\/logo.png\",\"contentUrl\":\"https:\/\/advertsup.lt\/wp-content\/uploads\/2020\/02\/logo.png\",\"width\":780,\"height\":153,\"caption\":\"Advertsup\"},\"image\":{\"@id\":\"https:\/\/advertsup.lt\/#\/schema\/logo\/image\/\"}}]}<\/script>\n<!-- \/ Yoast SEO plugin. -->","yoast_head_json":{"title":"Agent\u016bros kontaktai - Advertsup","description":"Agent\u016bros kontaktai -para\u0161ykite lai\u0161k\u0105, mielai pad\u0117sime r\u016bpimu klausimu, pasistengsime atsakyti kuo grei\u010diau. Skambinkite jau dabar!","robots":{"index":"index","follow":"follow","max-snippet":"max-snippet:-1","max-image-preview":"max-image-preview:large","max-video-preview":"max-video-preview:-1"},"canonical":"https:\/\/advertsup.lt\/en\/kontaktai\/","og_locale":"en_US","og_type":"article","og_title":"Agent\u016bros kontaktai - Advertsup","og_description":"Agent\u016bros kontaktai -para\u0161ykite lai\u0161k\u0105, mielai pad\u0117sime r\u016bpimu klausimu, pasistengsime atsakyti kuo grei\u010diau. Skambinkite jau dabar!","og_url":"https:\/\/advertsup.lt\/en\/kontaktai\/","og_site_name":"Advertsup","article_modified_time":"2025-08-30T00:40:36+00:00","og_image":[{"width":2560,"height":1029,"url":"https:\/\/advertsup.lt\/wp-content\/uploads\/2024\/01\/bg-03-1-scaled.jpg","type":"image\/jpeg"}],"twitter_card":"summary_large_image","twitter_misc":{"Est. reading time":"2 minutes"},"schema":{"@context":"https:\/\/schema.org","@graph":[{"@type":"WebPage","@id":"https:\/\/advertsup.lt\/kontaktai\/","url":"https:\/\/advertsup.lt\/kontaktai\/","name":"Agent\u016bros kontaktai - Advertsup","isPartOf":{"@id":"https:\/\/advertsup.lt\/#website"},"datePublished":"2020-02-07T03:37:02+00:00","dateModified":"2025-08-30T00:40:36+00:00","description":"Agent\u016bros kontaktai -para\u0161ykite lai\u0161k\u0105, mielai pad\u0117sime r\u016bpimu klausimu, pasistengsime atsakyti kuo grei\u010diau. Skambinkite jau dabar!","breadcrumb":{"@id":"https:\/\/advertsup.lt\/kontaktai\/#breadcrumb"},"inLanguage":"en-US","potentialAction":[{"@type":"ReadAction","target":["https:\/\/advertsup.lt\/kontaktai\/"]}]},{"@type":"BreadcrumbList","@id":"https:\/\/advertsup.lt\/kontaktai\/#breadcrumb","itemListElement":[{"@type":"ListItem","position":1,"name":"Home","item":"https:\/\/advertsup.lt\/"},{"@type":"ListItem","position":2,"name":"Kontaktai"}]},{"@type":"WebSite","@id":"https:\/\/advertsup.lt\/#website","url":"https:\/\/advertsup.lt\/","name":"Advertsup","description":"M\u016bs\u0173 darbas - J\u016bs\u0173 \u0161uolis \u012f priek\u012f!","publisher":{"@id":"https:\/\/advertsup.lt\/#organization"},"potentialAction":[{"@type":"SearchAction","target":{"@type":"EntryPoint","urlTemplate":"https:\/\/advertsup.lt\/?s={search_term_string}"},"query-input":"required name=search_term_string"}],"inLanguage":"en-US"},{"@type":"Organization","@id":"https:\/\/advertsup.lt\/#organization","name":"Advertsup","url":"https:\/\/advertsup.lt\/","logo":{"@type":"ImageObject","inLanguage":"en-US","@id":"https:\/\/advertsup.lt\/#\/schema\/logo\/image\/","url":"https:\/\/advertsup.lt\/wp-content\/uploads\/2020\/02\/logo.png","contentUrl":"https:\/\/advertsup.lt\/wp-content\/uploads\/2020\/02\/logo.png","width":780,"height":153,"caption":"Advertsup"},"image":{"@id":"https:\/\/advertsup.lt\/#\/schema\/logo\/image\/"}}]}},"_links":{"self":[{"href":"https:\/\/advertsup.lt\/en\/wp-json\/wp\/v2\/pages\/4430"}],"collection":[{"href":"https:\/\/advertsup.lt\/en\/wp-json\/wp\/v2\/pages"}],"about":[{"href":"https:\/\/advertsup.lt\/en\/wp-json\/wp\/v2\/types\/page"}],"author":[{"embeddable":true,"href":"https:\/\/advertsup.lt\/en\/wp-json\/wp\/v2\/users\/1"}],"replies":[{"embeddable":true,"href":"https:\/\/advertsup.lt\/en\/wp-json\/wp\/v2\/comments?post=4430"}],"version-history":[{"count":16,"href":"https:\/\/advertsup.lt\/en\/wp-json\/wp\/v2\/pages\/4430\/revisions"}],"predecessor-version":[{"id":10168,"href":"https:\/\/advertsup.lt\/en\/wp-json\/wp\/v2\/pages\/4430\/revisions\/10168"}],"wp:featuredmedia":[{"embeddable":true,"href":"https:\/\/advertsup.lt\/en\/wp-json\/wp\/v2\/media\/10136"}],"wp:attachment":[{"href":"https:\/\/advertsup.lt\/en\/wp-json\/wp\/v2\/media?parent=4430"}],"curies":[{"name":"wp","href":"https:\/\/api.w.org\/{rel}","templated":true}]}}