{"id":4460,"date":"2020-02-07T04:27:29","date_gmt":"2020-02-07T04:27:29","guid":{"rendered":"https:\/\/advertsup.lt\/?page_id=4460"},"modified":"2020-11-26T01:34:24","modified_gmt":"2020-11-26T01:34:24","slug":"blogas","status":"publish","type":"page","link":"https:\/\/advertsup.lt\/en\/blogas\/","title":{"rendered":"Blog"},"content":{"rendered":"<section data-vc-full-width=\"true\" data-vc-full-width-init=\"false\" class=\"vc_section vc_custom_1526540454745 vc_section-has-fill\"><div data-vc-full-width=\"true\" data-vc-full-width-init=\"false\" class=\"vc_row wpb_row vc_row-fluid vc_custom_1528784438164\"><div class=\"wpb_column vc_column_container vc_col-sm-12\"><div class=\"vc_column-inner vc_custom_1581254108594\"><div class=\"wpb_wrapper\"><!-- blog -->\r<div class=\"blog element-five  rt104475131\"  data-row-items=\"3\"><article class=\"blog-item\" ><div class=\"holder\"><div class=\"pic\"><a class=\"holder\" href=\"https:\/\/advertsup.lt\/en\/seo-google-paslaugos\/\" style=\"background-image:url(https:\/\/advertsup.lt\/wp-content\/uploads\/2023\/06\/seo-paslaugos-1024x772.jpg)\"><\/a><\/div><div class=\"date\">Jun <strong>27<\/strong><\/div><div class=\"data\"><h4><a href=\"https:\/\/advertsup.lt\/en\/seo-google-paslaugos\/\">Advantages of SEO google services<\/a><\/h4><ul class=\"meta\"><li><i class=\"fa fa-user-o\"><\/i> admin<\/li><\/ul><p><\/p><a class=\"btn\" href=\"https:\/\/advertsup.lt\/en\/seo-google-paslaugos\/\">Read More<\/a><\/div><\/div><\/article><article class=\"blog-item\" ><div class=\"holder\"><div class=\"pic\"><a class=\"holder\" href=\"https:\/\/advertsup.lt\/en\/facebook-komunikacija\/\" style=\"background-image:url(https:\/\/advertsup.lt\/wp-content\/uploads\/2020\/10\/BoosterlaudiencedevotrepageFacebookpourfaired\u00e9collervosventes.jpg)\"><\/a><\/div><div class=\"date\">Oct <strong>19<\/strong><\/div><div class=\"data\"><h4><a href=\"https:\/\/advertsup.lt\/en\/facebook-komunikacija\/\">Effective Facebook communication<\/a><\/h4><ul class=\"meta\"><li><i class=\"fa fa-user-o\"><\/i> admin<\/li><\/ul><p><\/p><a class=\"btn\" href=\"https:\/\/advertsup.lt\/en\/facebook-komunikacija\/\">Read More<\/a><\/div><\/div><\/article><\/div>\r<!-- blog -->\r<\/div><\/div><\/div><\/div><div class=\"vc_row-full-width vc_clearfix\"><\/div><\/section><div class=\"vc_row-full-width vc_clearfix\"><\/div>","protected":false},"excerpt":{"rendered":"&nbsp; Sulaukiame nema\u017eai klausim\u0173: \u201cKaip skatinti \u017emoni\u0173 susidom\u0117jim\u0105 m\u016bs\u0173 Facebook puslapyje?\u201d, \u201cKaip kurti patraukl\u0173 turin\u012f?\u201d. Nor\u0117dami atsakyti \u012f \u0161iuos klausimus visiems, kam jie kyla, pasidalinsime \u012f\u017evalgomis. Facebook komunikacija - tai nuoseklus ir gerai apgalvotas darbas, pad\u0117siantis siekti numatyt\u0173 ilgalaiki\u0173 verslo tiksl\u0173. Tikslas svarbu! Tikslas - tai vienas i\u0161 Facebook komunikacijos pagrind\u0173. Efektyvi socialini\u0173 tinkl\u0173 komunikacija [...]","protected":false},"author":1,"featured_media":0,"parent":0,"menu_order":0,"comment_status":"closed","ping_status":"closed","template":"","meta":[],"yoast_head":"<!-- This site is optimized with the Yoast SEO plugin v21.8.1 - https:\/\/yoast.com\/wordpress\/plugins\/seo\/ -->\n<title>Blogas - Advertsup<\/title>\n<meta name=\"description\" content=\"Socialini\u0173 tinkl\u0173 (Facebook, Instagram, Linkedin) aktualijos ir patarimai. Padidink savo \u012fmon\u0117s \u017einomum\u0105 ir pardavimus pats!\" \/>\n<meta name=\"robots\" content=\"index, follow, max-snippet:-1, max-image-preview:large, max-video-preview:-1\" \/>\n<link rel=\"canonical\" href=\"https:\/\/advertsup.lt\/en\/blogas\/\" \/>\n<meta property=\"og:locale\" content=\"en_US\" \/>\n<meta property=\"og:type\" content=\"article\" \/>\n<meta property=\"og:title\" content=\"Blogas - Advertsup\" \/>\n<meta property=\"og:description\" content=\"Socialini\u0173 tinkl\u0173 (Facebook, Instagram, Linkedin) aktualijos ir patarimai. Padidink savo \u012fmon\u0117s \u017einomum\u0105 ir pardavimus pats!\" \/>\n<meta property=\"og:url\" content=\"https:\/\/advertsup.lt\/en\/blogas\/\" \/>\n<meta property=\"og:site_name\" content=\"Advertsup\" \/>\n<meta property=\"article:modified_time\" content=\"2020-11-26T01:34:24+00:00\" \/>\n<meta name=\"twitter:card\" content=\"summary_large_image\" \/>\n<script type=\"application\/ld+json\" class=\"yoast-schema-graph\">{\"@context\":\"https:\/\/schema.org\",\"@graph\":[{\"@type\":\"WebPage\",\"@id\":\"https:\/\/advertsup.lt\/blogas\/\",\"url\":\"https:\/\/advertsup.lt\/blogas\/\",\"name\":\"Blogas - Advertsup\",\"isPartOf\":{\"@id\":\"https:\/\/advertsup.lt\/#website\"},\"datePublished\":\"2020-02-07T04:27:29+00:00\",\"dateModified\":\"2020-11-26T01:34:24+00:00\",\"description\":\"Socialini\u0173 tinkl\u0173 (Facebook, Instagram, Linkedin) aktualijos ir patarimai. Padidink savo \u012fmon\u0117s \u017einomum\u0105 ir pardavimus pats!\",\"breadcrumb\":{\"@id\":\"https:\/\/advertsup.lt\/blogas\/#breadcrumb\"},\"inLanguage\":\"en-US\",\"potentialAction\":[{\"@type\":\"ReadAction\",\"target\":[\"https:\/\/advertsup.lt\/blogas\/\"]}]},{\"@type\":\"BreadcrumbList\",\"@id\":\"https:\/\/advertsup.lt\/blogas\/#breadcrumb\",\"itemListElement\":[{\"@type\":\"ListItem\",\"position\":1,\"name\":\"Home\",\"item\":\"https:\/\/advertsup.lt\/\"},{\"@type\":\"ListItem\",\"position\":2,\"name\":\"Blogas\"}]},{\"@type\":\"WebSite\",\"@id\":\"https:\/\/advertsup.lt\/#website\",\"url\":\"https:\/\/advertsup.lt\/\",\"name\":\"Advertsup\",\"description\":\"M\u016bs\u0173 darbas - J\u016bs\u0173 \u0161uolis \u012f priek\u012f!\",\"publisher\":{\"@id\":\"https:\/\/advertsup.lt\/#organization\"},\"potentialAction\":[{\"@type\":\"SearchAction\",\"target\":{\"@type\":\"EntryPoint\",\"urlTemplate\":\"https:\/\/advertsup.lt\/?s={search_term_string}\"},\"query-input\":\"required name=search_term_string\"}],\"inLanguage\":\"en-US\"},{\"@type\":\"Organization\",\"@id\":\"https:\/\/advertsup.lt\/#organization\",\"name\":\"Advertsup\",\"url\":\"https:\/\/advertsup.lt\/\",\"logo\":{\"@type\":\"ImageObject\",\"inLanguage\":\"en-US\",\"@id\":\"https:\/\/advertsup.lt\/#\/schema\/logo\/image\/\",\"url\":\"https:\/\/advertsup.lt\/wp-content\/uploads\/2020\/02\/logo.png\",\"contentUrl\":\"https:\/\/advertsup.lt\/wp-content\/uploads\/2020\/02\/logo.png\",\"width\":780,\"height\":153,\"caption\":\"Advertsup\"},\"image\":{\"@id\":\"https:\/\/advertsup.lt\/#\/schema\/logo\/image\/\"}}]}<\/script>\n<!-- \/ Yoast SEO plugin. -->","yoast_head_json":{"title":"Blogas - Advertsup","description":"Socialini\u0173 tinkl\u0173 (Facebook, Instagram, Linkedin) aktualijos ir patarimai. Padidink savo \u012fmon\u0117s \u017einomum\u0105 ir pardavimus pats!","robots":{"index":"index","follow":"follow","max-snippet":"max-snippet:-1","max-image-preview":"max-image-preview:large","max-video-preview":"max-video-preview:-1"},"canonical":"https:\/\/advertsup.lt\/en\/blogas\/","og_locale":"en_US","og_type":"article","og_title":"Blogas - Advertsup","og_description":"Socialini\u0173 tinkl\u0173 (Facebook, Instagram, Linkedin) aktualijos ir patarimai. Padidink savo \u012fmon\u0117s \u017einomum\u0105 ir pardavimus pats!","og_url":"https:\/\/advertsup.lt\/en\/blogas\/","og_site_name":"Advertsup","article_modified_time":"2020-11-26T01:34:24+00:00","twitter_card":"summary_large_image","schema":{"@context":"https:\/\/schema.org","@graph":[{"@type":"WebPage","@id":"https:\/\/advertsup.lt\/blogas\/","url":"https:\/\/advertsup.lt\/blogas\/","name":"Blogas - Advertsup","isPartOf":{"@id":"https:\/\/advertsup.lt\/#website"},"datePublished":"2020-02-07T04:27:29+00:00","dateModified":"2020-11-26T01:34:24+00:00","description":"Socialini\u0173 tinkl\u0173 (Facebook, Instagram, Linkedin) aktualijos ir patarimai. Padidink savo \u012fmon\u0117s \u017einomum\u0105 ir pardavimus pats!","breadcrumb":{"@id":"https:\/\/advertsup.lt\/blogas\/#breadcrumb"},"inLanguage":"en-US","potentialAction":[{"@type":"ReadAction","target":["https:\/\/advertsup.lt\/blogas\/"]}]},{"@type":"BreadcrumbList","@id":"https:\/\/advertsup.lt\/blogas\/#breadcrumb","itemListElement":[{"@type":"ListItem","position":1,"name":"Home","item":"https:\/\/advertsup.lt\/"},{"@type":"ListItem","position":2,"name":"Blogas"}]},{"@type":"WebSite","@id":"https:\/\/advertsup.lt\/#website","url":"https:\/\/advertsup.lt\/","name":"Advertsup","description":"M\u016bs\u0173 darbas - J\u016bs\u0173 \u0161uolis \u012f priek\u012f!","publisher":{"@id":"https:\/\/advertsup.lt\/#organization"},"potentialAction":[{"@type":"SearchAction","target":{"@type":"EntryPoint","urlTemplate":"https:\/\/advertsup.lt\/?s={search_term_string}"},"query-input":"required name=search_term_string"}],"inLanguage":"en-US"},{"@type":"Organization","@id":"https:\/\/advertsup.lt\/#organization","name":"Advertsup","url":"https:\/\/advertsup.lt\/","logo":{"@type":"ImageObject","inLanguage":"en-US","@id":"https:\/\/advertsup.lt\/#\/schema\/logo\/image\/","url":"https:\/\/advertsup.lt\/wp-content\/uploads\/2020\/02\/logo.png","contentUrl":"https:\/\/advertsup.lt\/wp-content\/uploads\/2020\/02\/logo.png","width":780,"height":153,"caption":"Advertsup"},"image":{"@id":"https:\/\/advertsup.lt\/#\/schema\/logo\/image\/"}}]}},"_links":{"self":[{"href":"https:\/\/advertsup.lt\/en\/wp-json\/wp\/v2\/pages\/4460"}],"collection":[{"href":"https:\/\/advertsup.lt\/en\/wp-json\/wp\/v2\/pages"}],"about":[{"href":"https:\/\/advertsup.lt\/en\/wp-json\/wp\/v2\/types\/page"}],"author":[{"embeddable":true,"href":"https:\/\/advertsup.lt\/en\/wp-json\/wp\/v2\/users\/1"}],"replies":[{"embeddable":true,"href":"https:\/\/advertsup.lt\/en\/wp-json\/wp\/v2\/comments?post=4460"}],"version-history":[{"count":9,"href":"https:\/\/advertsup.lt\/en\/wp-json\/wp\/v2\/pages\/4460\/revisions"}],"predecessor-version":[{"id":4839,"href":"https:\/\/advertsup.lt\/en\/wp-json\/wp\/v2\/pages\/4460\/revisions\/4839"}],"wp:attachment":[{"href":"https:\/\/advertsup.lt\/en\/wp-json\/wp\/v2\/media?parent=4460"}],"curies":[{"name":"wp","href":"https:\/\/api.w.org\/{rel}","templated":true}]}}