{"id":4647,"date":"2020-03-03T13:34:58","date_gmt":"2020-03-03T13:34:58","guid":{"rendered":"https:\/\/advertsup.lt\/?page_id=4647"},"modified":"2024-01-23T09:34:07","modified_gmt":"2024-01-23T07:34:07","slug":"google-paslaugos","status":"publish","type":"page","link":"https:\/\/advertsup.lt\/en\/google-paslaugos\/","title":{"rendered":"Google services"},"content":{"rendered":"<div data-vc-full-width=\"true\" data-vc-full-width-init=\"false\" class=\"vc_row wpb_row vc_row-fluid vc_custom_1583832764152 vc_row-has-fill\"><div class=\"wpb_animate_when_almost_visible wpb_fadeInUp fadeInUp wpb_column vc_column_container vc_col-sm-6 vc_hidden-xs\"><div class=\"vc_column-inner vc_custom_1632131087468\"><div class=\"wpb_wrapper\">\n\t<div  class=\"wpb_single_image wpb_content_element vc_align_center  vc_custom_1582742033268\">\n\t\t\n\t\t<figure class=\"wpb_wrapper vc_figure\">\n\t\t\t<div class=\"vc_single_image-wrapper   vc_box_border_grey\"><img width=\"608\" height=\"527\" src=\"https:\/\/advertsup.lt\/wp-content\/uploads\/2018\/07\/SEO-Analytics-Image.png\" class=\"vc_single_image-img attachment-full\" alt=\"Google Ads reklama\" decoding=\"async\" loading=\"lazy\" srcset=\"https:\/\/advertsup.lt\/wp-content\/uploads\/2018\/07\/SEO-Analytics-Image.png 608w, https:\/\/advertsup.lt\/wp-content\/uploads\/2018\/07\/SEO-Analytics-Image-600x520.png 600w\" sizes=\"(max-width: 608px) 100vw, 608px\" \/><\/div>\n\t\t<\/figure>\n\t<\/div>\n<\/div><\/div><\/div><div class=\"wpb_column vc_column_container vc_col-sm-6\"><div class=\"vc_column-inner vc_custom_1582464016504\"><div class=\"wpb_wrapper\"><h2 style=\"font-size: 35px;color: #181616;line-height: 41px;text-align: left\" class=\"vc_custom_heading font-weight-bold vc_custom_1582753471047\" >Google Ads advertising<\/h2><h6 style=\"font-size: 20px;color: #181616;line-height: 26px;text-align: left\" class=\"vc_custom_heading font-weight-medium vc_custom_1688136104713\" >Nuo 575\u20ac\/m\u0117n.<\/h6>\n\t<div class=\"wpb_text_column wpb_content_element  vc_custom_1582741192859\" >\n\t\t<div class=\"wpb_wrapper\">\n\t\t\t<p class=\" translation-block\">Google Ads (ex. <em>Adwords<\/em>) is an effective advertising platform that makes businesses visible.<\/p>\n<p>Be visible in the first few lines of Google search results, and only pay when a person clicks on your ad to visit your website. If used properly, this advertising method can become your strongest advertising weapon. A precise strategy, with the right cost allocation, is the path to advertising success.<\/p>\n<p><strong>Google Ads package:<\/strong><\/p>\n\n\t\t<\/div>\n\t<\/div>\n\r<!-- list -->\r<div class=\"radiantthemes-list rt358037042 element-one\" >\n<ul>\n<li>Developing an advertising strategy.<\/li>\n<li>Executing your advertising strategy.<\/li>\n<li>Creating and structuring advertising campaigns and ads.<\/li>\n<li>Selecting relevant keywords.<\/li>\n<li>Advertising maintenance and optimisation.<\/li>\n<\/ul>\n<\/div>\r<!-- list -->\r<\/div><\/div><\/div><\/div><div class=\"vc_row-full-width vc_clearfix\"><\/div><div data-vc-full-width=\"true\" data-vc-full-width-init=\"false\" class=\"vc_row wpb_row vc_row-fluid vc_custom_1687869521047 vc_row-has-fill\"><div class=\"wpb_animate_when_almost_visible wpb_fadeInUp fadeInUp wpb_column vc_column_container vc_col-sm-6 vc_hidden-lg vc_hidden-md vc_hidden-sm\"><div class=\"vc_column-inner vc_custom_1632131167288\"><div class=\"wpb_wrapper\">\n\t<div  class=\"wpb_single_image wpb_content_element vc_align_center  vc_custom_1582742033268\">\n\t\t\n\t\t<figure class=\"wpb_wrapper vc_figure\">\n\t\t\t<div class=\"vc_single_image-wrapper   vc_box_border_grey\"><img width=\"608\" height=\"527\" src=\"https:\/\/advertsup.lt\/wp-content\/uploads\/2018\/07\/SEO-Analytics-Image.png\" class=\"vc_single_image-img attachment-full\" alt=\"Google Ads reklama\" decoding=\"async\" loading=\"lazy\" srcset=\"https:\/\/advertsup.lt\/wp-content\/uploads\/2018\/07\/SEO-Analytics-Image.png 608w, https:\/\/advertsup.lt\/wp-content\/uploads\/2018\/07\/SEO-Analytics-Image-600x520.png 600w\" sizes=\"(max-width: 608px) 100vw, 608px\" \/><\/div>\n\t\t<\/figure>\n\t<\/div>\n<\/div><\/div><\/div><\/div><div class=\"vc_row-full-width vc_clearfix\"><\/div><section data-vc-full-width=\"true\" data-vc-full-width-init=\"false\" class=\"vc_section vc_custom_1538543945431\"><div data-vc-full-width=\"true\" data-vc-full-width-init=\"false\" class=\"vc_row wpb_row vc_row-fluid vc_custom_1687869699669 vc_row-o-equal-height vc_row-o-content-middle vc_row-flex\"><div class=\"wpb_animate_when_almost_visible wpb_fadeInRight fadeInRight wpb_column vc_column_container vc_col-sm-6\"><div class=\"vc_column-inner vc_custom_1538996170673\"><div class=\"wpb_wrapper\"><h2 style=\"font-size: 40px;color: #060627;line-height: 51px;text-align: left\" class=\"vc_custom_heading vc_custom_1631631062535\" >Google my business<\/h2><h6 style=\"font-size: 20px;color: #181616;line-height: 26px;text-align: left\" class=\"vc_custom_heading font-weight-medium vc_custom_1688136156545\" >Nuo 550\u20ac<\/h6>\n\t<div class=\"wpb_text_column wpb_content_element  vc_custom_1631631437578\" >\n\t\t<div class=\"wpb_wrapper\">\n\t\t\t<p class=\"p1 translation-block\">It's a customisable but essential tool for businesses and organisations that <b>want to be visible on Google<\/b> search and maps. Google My Business makes it quick and easy to find businesses and should be used by <b>every business<\/b>.<\/p>\n\n\t\t<\/div>\n\t<\/div>\n\n\t<div class=\"wpb_text_column wpb_content_element\" >\n\t\t<div class=\"wpb_wrapper\">\n\t\t\t<p class=\"p1\"><strong>Benefits:<\/strong><\/p>\n\n\t\t<\/div>\n\t<\/div>\n\r<!-- list -->\r<div class=\"radiantthemes-list rt1054218115 element-one\" >\n<ul>\n<li class=\"p1\"><span class=\"s1\">An opportunity to maintain a good image;<\/span><\/li>\n<li class=\"p1\"><span class=\"s1\">Simple management of key information;<\/span><\/li>\n<li class=\"p1\"><span class=\"s1\">Opportunity to interact with customers;<\/span><\/li>\n<li class=\"p2 translation-block\"><span class=\"s2\">Organic search <b>benefits.<\/b><\/span><\/li>\n<\/ul>\n<\/div>\r<!-- list -->\r<\/div><\/div><\/div><div class=\"wpb_animate_when_almost_visible wpb_fadeInLeft fadeInLeft wpb_column vc_column_container vc_col-sm-6 vc_hidden-xs\"><div class=\"vc_column-inner vc_custom_1632131335848\"><div class=\"wpb_wrapper\">\n\t<div  class=\"wpb_single_image wpb_content_element vc_align_left  vc_custom_1705409154945\">\n\t\t\n\t\t<figure class=\"wpb_wrapper vc_figure\">\n\t\t\t<div class=\"vc_single_image-wrapper   vc_box_border_grey\"><img src=\"https:\/\/advertsup.lt\/wp-content\/uploads\/2024\/01\/18-1.svg\" class=\"vc_single_image-img attachment-full\" alt=\"\" decoding=\"async\" loading=\"lazy\" \/><\/div>\n\t\t<\/figure>\n\t<\/div>\n<\/div><\/div><\/div><\/div><div class=\"vc_row-full-width vc_clearfix\"><\/div><div data-vc-full-width=\"true\" data-vc-full-width-init=\"false\" class=\"vc_row wpb_row vc_row-fluid vc_custom_1687869528690 vc_row-o-equal-height vc_row-o-content-middle vc_row-flex\"><div class=\"wpb_animate_when_almost_visible wpb_fadeInLeft fadeInLeft wpb_column vc_column_container vc_col-sm-6 vc_hidden-lg vc_hidden-md vc_hidden-sm\"><div class=\"vc_column-inner vc_custom_1632131379550\"><div class=\"wpb_wrapper\">\n\t<div  class=\"wpb_single_image wpb_content_element vc_align_left  vc_custom_1705409184672\">\n\t\t\n\t\t<figure class=\"wpb_wrapper vc_figure\">\n\t\t\t<div class=\"vc_single_image-wrapper   vc_box_border_grey\"><img src=\"https:\/\/advertsup.lt\/wp-content\/uploads\/2024\/01\/18-1.svg\" class=\"vc_single_image-img attachment-full\" alt=\"\" decoding=\"async\" loading=\"lazy\" \/><\/div>\n\t\t<\/figure>\n\t<\/div>\n<\/div><\/div><\/div><\/div><div class=\"vc_row-full-width vc_clearfix\"><\/div><\/section><div class=\"vc_row-full-width vc_clearfix\"><\/div><div data-vc-full-width=\"true\" data-vc-full-width-init=\"false\" class=\"vc_row wpb_row vc_row-fluid vc_custom_1632160467326 vc_row-has-fill vc_row-o-content-middle vc_row-flex\"><div class=\"wpb_animate_when_almost_visible wpb_fadeInUp fadeInUp wpb_column vc_column_container vc_col-sm-6 vc_hidden-xs\"><div class=\"vc_column-inner vc_custom_1582464107599\"><div class=\"wpb_wrapper\">\n\t<div  class=\"wpb_single_image wpb_content_element vc_align_center  vc_custom_1705409165884\">\n\t\t\n\t\t<figure class=\"wpb_wrapper vc_figure\">\n\t\t\t<div class=\"vc_single_image-wrapper   vc_box_border_grey\"><img src=\"https:\/\/advertsup.lt\/wp-content\/uploads\/2024\/01\/6.svg\" class=\"vc_single_image-img attachment-full\" alt=\"\" decoding=\"async\" loading=\"lazy\" \/><\/div>\n\t\t<\/figure>\n\t<\/div>\n<\/div><\/div><\/div><div class=\"wpb_column vc_column_container vc_col-sm-6\"><div class=\"vc_column-inner vc_custom_1582464098479\"><div class=\"wpb_wrapper\"><h2 style=\"font-size: 35px;color: #181616;line-height: 41px;text-align: left\" class=\"vc_custom_heading font-weight-bold vc_custom_1583842308903\" >Individual proposal<\/h2>\n\t<div class=\"wpb_text_column wpb_content_element  vc_custom_1583842318419\" >\n\t\t<div class=\"wpb_wrapper\">\n\t\t\t<p>Want an exclusive offer for your business? Contact us and we will help you!<\/p>\n\n\t\t<\/div>\n\t<\/div>\n\r<!-- list -->\r<div class=\"radiantthemes-list rt1336966212 element-one\" >\n<ul>\n<li>We'll help you set goals and priorities.<\/li>\n<li>We'll provide a complete advertising strategy for your business<\/li>\n<li>We'll give you the best package deal exclusively for you.<\/li>\n<\/ul>\n<\/div>\r<!-- list -->\r<div class=\"vc_empty_space\"   style=\"height: 32px\"><span class=\"vc_empty_space_inner\"><\/span><\/div>\r<!-- radiantthemes-custom-button -->\r<div class=\"radiantthemes-custom-button hover-style-one rt1574926297\"  data-button-direction=\"center\" data-button-fullwidth=\"false\" ><a style=\" color: #ffffff; line-height: 36px; font-size: 16px;\" class=\"radiantthemes-custom-button-main  vc_custom_1705409317126\" href=\"https:\/\/advertsup.lt\/en\/kontaktai\/\"  title=\"Contacts\" target=\"_self\"><div class=\"placeholder\">Contact us<\/div><\/a><\/div>\r<!-- radiantthemes-custom-button -->\r<\/div><\/div><\/div><\/div><div class=\"vc_row-full-width vc_clearfix\"><\/div><div data-vc-full-width=\"true\" data-vc-full-width-init=\"false\" class=\"vc_row wpb_row vc_row-fluid vc_custom_1687869535649 vc_row-has-fill vc_row-o-content-middle vc_row-flex\"><div class=\"wpb_animate_when_almost_visible wpb_fadeInUp fadeInUp wpb_column vc_column_container vc_col-sm-6 vc_hidden-lg vc_hidden-md vc_hidden-sm\"><div class=\"vc_column-inner vc_custom_1632131589008\"><div class=\"wpb_wrapper\">\n\t<div  class=\"wpb_single_image wpb_content_element vc_align_center  vc_custom_1705409174070\">\n\t\t\n\t\t<figure class=\"wpb_wrapper vc_figure\">\n\t\t\t<div class=\"vc_single_image-wrapper   vc_box_border_grey\"><img src=\"https:\/\/advertsup.lt\/wp-content\/uploads\/2024\/01\/6.svg\" class=\"vc_single_image-img attachment-full\" alt=\"\" decoding=\"async\" loading=\"lazy\" \/><\/div>\n\t\t<\/figure>\n\t<\/div>\n<\/div><\/div><\/div><\/div><div class=\"vc_row-full-width vc_clearfix\"><\/div><div data-vc-full-width=\"true\" data-vc-full-width-init=\"false\" data-vc-parallax=\"1.5\" class=\"vc_row wpb_row vc_row-fluid vc_custom_1705995245772 vc_row-has-fill vc_column-gap-30 vc_general vc_parallax vc_parallax-content-moving\"><div class=\"wpb_column vc_column_container vc_col-sm-7\"><div class=\"vc_column-inner vc_custom_1532952736316\"><div class=\"wpb_wrapper\">\n\t<div  class=\"wpb_single_image wpb_content_element vc_align_left  wpb_animate_when_almost_visible wpb_slideInUp slideInUp vc_custom_1582743578919\">\n\t\t\n\t\t<figure class=\"wpb_wrapper vc_figure\">\n\t\t\t<div class=\"vc_single_image-wrapper   vc_box_border_grey\"><img width=\"485\" height=\"121\" src=\"https:\/\/advertsup.lt\/wp-content\/uploads\/2018\/07\/rocket.png\" class=\"vc_single_image-img attachment-full\" alt=\"rocket\" decoding=\"async\" loading=\"lazy\" \/><\/div>\n\t\t<\/figure>\n\t<\/div>\n<div class=\"vc_row wpb_row vc_inner vc_row-fluid vc_custom_1532953331303\"><div class=\"wpb_column vc_column_container vc_col-sm-2\"><div class=\"vc_column-inner\"><div class=\"wpb_wrapper\"><\/div><\/div><\/div><div class=\"wpb_column vc_column_container vc_col-sm-8\"><div class=\"vc_column-inner vc_custom_1532952932805\"><div class=\"wpb_wrapper\"><h3 style=\"font-size: 45px;color: #ffffff;line-height: 50px;text-align: center\" class=\"vc_custom_heading font-weight-bold letter-spacing-0\" >Want to get the best deal for your business?<\/h3><\/div><\/div><\/div><div class=\"wpb_column vc_column_container vc_col-sm-2\"><div class=\"vc_column-inner\"><div class=\"wpb_wrapper\"><\/div><\/div><\/div><\/div><div class=\"vc_row wpb_row vc_inner vc_row-fluid vc_custom_1532953349166\"><div class=\"wpb_column vc_column_container vc_col-sm-1\"><div class=\"vc_column-inner\"><div class=\"wpb_wrapper\"><\/div><\/div><\/div><div class=\"wpb_column vc_column_container vc_col-sm-10\"><div class=\"vc_column-inner vc_custom_1532952932805\"><div class=\"wpb_wrapper\"><p style=\"font-size: 20px;color: #ffffff;line-height: 30px;text-align: center\" class=\"vc_custom_heading font-weight-light vc_custom_1582753636286 translation-block\" ><strong>Let's get in touch<\/strong><br>\nE-mail: info@advertsup.com<br>\nTel. +370 608 96980<\/p><\/div><\/div><\/div><div class=\"wpb_column vc_column_container vc_col-sm-1\"><div class=\"vc_column-inner\"><div class=\"wpb_wrapper\"><\/div><\/div><\/div><\/div>\n\t<div  class=\"wpb_single_image wpb_content_element vc_align_left  wpb_animate_when_almost_visible wpb_slideInUp slideInUp vc_custom_1582743601543\">\n\t\t\n\t\t<figure class=\"wpb_wrapper vc_figure\">\n\t\t\t<div class=\"vc_single_image-wrapper   vc_box_border_grey\"><img width=\"670\" height=\"54\" src=\"https:\/\/advertsup.lt\/wp-content\/uploads\/2018\/07\/sky2.png\" class=\"vc_single_image-img attachment-full\" alt=\"sky2\" decoding=\"async\" loading=\"lazy\" srcset=\"https:\/\/advertsup.lt\/wp-content\/uploads\/2018\/07\/sky2.png 670w, https:\/\/advertsup.lt\/wp-content\/uploads\/2018\/07\/sky2-600x48.png 600w\" sizes=\"(max-width: 670px) 100vw, 670px\" \/><\/div>\n\t\t<\/figure>\n\t<\/div>\n<\/div><\/div><\/div><div class=\"wpb_column vc_column_container vc_col-sm-5 vc_col-has-fill\"><div class=\"vc_column-inner vc_custom_1532955184971\"><div class=\"wpb_wrapper\"><div style=\"font-size: 20px;color: #181616;line-height: 41px;text-align: left\" class=\"vc_custom_heading vc_custom_1582813471355\" >If you would like examples of our work and more information about our work, please subscribe to our newsletter:<\/div>\r<!-- rt-cf7 -->\r<div class=\"radiant-contact-form rt7b966124e981fe9 element-one\"  >\n<div class=\"wpcf7 no-js\" id=\"wpcf7-f4374-o1\" lang=\"lt-LT\" dir=\"ltr\">\n<div class=\"screen-reader-response\"><p role=\"status\" aria-live=\"polite\" aria-atomic=\"true\"><\/p> <ul><\/ul><\/div>\n<form action=\"\/en\/wp-json\/wp\/v2\/pages\/4647#wpcf7-f4374-o1\" method=\"post\" class=\"wpcf7-form init\" aria-label=\"Kontakt\u0173 forma\" novalidate=\"novalidate\" data-status=\"init\" data-trp-original-action=\"\/en\/wp-json\/wp\/v2\/pages\/4647#wpcf7-f4374-o1\">\n<div style=\"display: none;\">\n<input type=\"hidden\" name=\"_wpcf7\" value=\"4374\" \/>\n<input type=\"hidden\" name=\"_wpcf7_version\" value=\"5.8.6\" \/>\n<input type=\"hidden\" name=\"_wpcf7_locale\" value=\"lt_LT\" \/>\n<input type=\"hidden\" name=\"_wpcf7_unit_tag\" value=\"wpcf7-f4374-o1\" \/>\n<input type=\"hidden\" name=\"_wpcf7_container_post\" value=\"0\" \/>\n<input type=\"hidden\" name=\"_wpcf7_posted_data_hash\" value=\"\" \/>\n<input type=\"hidden\" name=\"_wpcf7_recaptcha_response\" value=\"\" \/>\n<\/div>\n<div class=\"row\">\n\t<div class=\"col-lg-12 col-md-12 col-sm-12 col-xs-12\">\n\t\t<div class=\"form-row\">\n\t\t\t<p><span class=\"wpcf7-form-control-wrap\" data-name=\"Name\"><input size=\"40\" class=\"wpcf7-form-control wpcf7-text wpcf7-validates-as-required\" aria-required=\"true\" aria-invalid=\"false\" placeholder=\"Your name\" value=\"\" type=\"text\" name=\"Name\" \/><\/span>\n\t\t\t<\/p>\n\t\t<\/div>\n\t<\/div>\n\t<div class=\"col-lg-12 col-md-12 col-sm-12 col-xs-12\">\n\t\t<div class=\"form-row\">\n\t\t\t<p><span class=\"wpcf7-form-control-wrap\" data-name=\"your-email\"><input size=\"40\" class=\"wpcf7-form-control wpcf7-email wpcf7-validates-as-required wpcf7-text wpcf7-validates-as-email\" aria-required=\"true\" aria-invalid=\"false\" placeholder=\"Your email address\" value=\"\" type=\"email\" name=\"your-email\" \/><\/span>\n\t\t\t<\/p>\n\t\t<\/div>\n\t<\/div>\n\t<div class=\"col-lg-12 col-md-12 col-sm-12 col-xs-12\">\n\t\t<div class=\"form-row\">\n\t\t\t<p><input class=\"wpcf7-form-control wpcf7-submit has-spinner\" type=\"submit\" value=\"RECEIVE\" \/>\n\t\t\t<\/p>\n\t\t<\/div>\n\t<\/div>\n<\/div><div class=\"wpcf7-response-output\" aria-hidden=\"true\"><\/div>\n<input type=\"hidden\" name=\"trp-form-language\" value=\"en\"\/><\/form>\n<\/div>\n<div class=\"clearfix\"><\/div><\/div><!-- rt-cf7 -->\r<\/div><\/div><\/div><\/div><div class=\"vc_row-full-width vc_clearfix\"><\/div>","protected":false},"excerpt":{"rendered":"Google Ads reklamaNuo 575\u20ac\/m\u0117n. Google Ads (ex. Adwords) reklama \u2013 efektyvi reklamos platforma, kurios d\u0117ka verslas yra matomas. B\u016bkite matomi tarp pirm\u0173j\u0173 Google paie\u0161kos rezultat\u0173 eilu\u010di\u0173, o mok\u0117kite tik tada, kai interesantas paspaud\u0119s ant skelbimo apsilankys J\u016bs\u0173 tinklapyje. Tinkamai i\u0161naudojamas \u0161is reklamos b\u016bdas gali tapti J\u016bs\u0173 stipriausiu reklamos ginklu. Tiksli strategija, apskai\u010diuot\u0173 ka\u0161t\u0173 paskirtsymas - [...]","protected":false},"author":1,"featured_media":9976,"parent":0,"menu_order":0,"comment_status":"closed","ping_status":"closed","template":"","meta":[],"yoast_head":"<!-- This site is optimized with the Yoast SEO plugin v21.8.1 - https:\/\/yoast.com\/wordpress\/plugins\/seo\/ -->\n<title>Google paslaugos - Advertsup<\/title>\n<meta name=\"description\" content=\"Google paslaugos - b\u016bkite matomi did\u017eiausiame paie\u0161kos variklyje pasaulyje! Leiskite klientui rasti Jus kad ir kur jis beb\u016bt\u0173! \ud83d\udcc8\" \/>\n<meta name=\"robots\" content=\"index, follow, max-snippet:-1, max-image-preview:large, max-video-preview:-1\" \/>\n<link rel=\"canonical\" href=\"https:\/\/advertsup.lt\/en\/google-paslaugos\/\" \/>\n<meta property=\"og:locale\" content=\"en_US\" \/>\n<meta property=\"og:type\" content=\"article\" \/>\n<meta property=\"og:title\" content=\"Google paslaugos - Advertsup\" \/>\n<meta property=\"og:description\" content=\"Google paslaugos - b\u016bkite matomi did\u017eiausiame paie\u0161kos variklyje pasaulyje! Leiskite klientui rasti Jus kad ir kur jis beb\u016bt\u0173! \ud83d\udcc8\" \/>\n<meta property=\"og:url\" content=\"https:\/\/advertsup.lt\/en\/google-paslaugos\/\" \/>\n<meta property=\"og:site_name\" content=\"Advertsup\" \/>\n<meta property=\"article:modified_time\" content=\"2024-01-23T07:34:07+00:00\" \/>\n<meta property=\"og:image\" content=\"https:\/\/advertsup.lt\/wp-content\/uploads\/2023\/06\/edho-pratama-yeB9jDmHm6M-unsplash.jpg\" \/>\n\t<meta property=\"og:image:width\" content=\"640\" \/>\n\t<meta property=\"og:image:height\" content=\"427\" \/>\n\t<meta property=\"og:image:type\" content=\"image\/jpeg\" \/>\n<meta name=\"twitter:card\" content=\"summary_large_image\" \/>\n<meta name=\"twitter:label1\" content=\"Est. reading time\" \/>\n\t<meta name=\"twitter:data1\" content=\"5 minutes\" \/>\n<script type=\"application\/ld+json\" class=\"yoast-schema-graph\">{\"@context\":\"https:\/\/schema.org\",\"@graph\":[{\"@type\":\"WebPage\",\"@id\":\"https:\/\/advertsup.lt\/google-paslaugos\/\",\"url\":\"https:\/\/advertsup.lt\/google-paslaugos\/\",\"name\":\"Google paslaugos - Advertsup\",\"isPartOf\":{\"@id\":\"https:\/\/advertsup.lt\/#website\"},\"datePublished\":\"2020-03-03T13:34:58+00:00\",\"dateModified\":\"2024-01-23T07:34:07+00:00\",\"description\":\"Google paslaugos - b\u016bkite matomi did\u017eiausiame paie\u0161kos variklyje pasaulyje! Leiskite klientui rasti Jus kad ir kur jis beb\u016bt\u0173! \ud83d\udcc8\",\"breadcrumb\":{\"@id\":\"https:\/\/advertsup.lt\/google-paslaugos\/#breadcrumb\"},\"inLanguage\":\"en-US\",\"potentialAction\":[{\"@type\":\"ReadAction\",\"target\":[\"https:\/\/advertsup.lt\/google-paslaugos\/\"]}]},{\"@type\":\"BreadcrumbList\",\"@id\":\"https:\/\/advertsup.lt\/google-paslaugos\/#breadcrumb\",\"itemListElement\":[{\"@type\":\"ListItem\",\"position\":1,\"name\":\"Home\",\"item\":\"https:\/\/advertsup.lt\/\"},{\"@type\":\"ListItem\",\"position\":2,\"name\":\"Google paslaugos\"}]},{\"@type\":\"WebSite\",\"@id\":\"https:\/\/advertsup.lt\/#website\",\"url\":\"https:\/\/advertsup.lt\/\",\"name\":\"Advertsup\",\"description\":\"M\u016bs\u0173 darbas - J\u016bs\u0173 \u0161uolis \u012f priek\u012f!\",\"publisher\":{\"@id\":\"https:\/\/advertsup.lt\/#organization\"},\"potentialAction\":[{\"@type\":\"SearchAction\",\"target\":{\"@type\":\"EntryPoint\",\"urlTemplate\":\"https:\/\/advertsup.lt\/?s={search_term_string}\"},\"query-input\":\"required name=search_term_string\"}],\"inLanguage\":\"en-US\"},{\"@type\":\"Organization\",\"@id\":\"https:\/\/advertsup.lt\/#organization\",\"name\":\"Advertsup\",\"url\":\"https:\/\/advertsup.lt\/\",\"logo\":{\"@type\":\"ImageObject\",\"inLanguage\":\"en-US\",\"@id\":\"https:\/\/advertsup.lt\/#\/schema\/logo\/image\/\",\"url\":\"https:\/\/advertsup.lt\/wp-content\/uploads\/2020\/02\/logo.png\",\"contentUrl\":\"https:\/\/advertsup.lt\/wp-content\/uploads\/2020\/02\/logo.png\",\"width\":780,\"height\":153,\"caption\":\"Advertsup\"},\"image\":{\"@id\":\"https:\/\/advertsup.lt\/#\/schema\/logo\/image\/\"}}]}<\/script>\n<!-- \/ Yoast SEO plugin. -->","yoast_head_json":{"title":"Google paslaugos - Advertsup","description":"Google paslaugos - b\u016bkite matomi did\u017eiausiame paie\u0161kos variklyje pasaulyje! Leiskite klientui rasti Jus kad ir kur jis beb\u016bt\u0173! \ud83d\udcc8","robots":{"index":"index","follow":"follow","max-snippet":"max-snippet:-1","max-image-preview":"max-image-preview:large","max-video-preview":"max-video-preview:-1"},"canonical":"https:\/\/advertsup.lt\/en\/google-paslaugos\/","og_locale":"en_US","og_type":"article","og_title":"Google paslaugos - Advertsup","og_description":"Google paslaugos - b\u016bkite matomi did\u017eiausiame paie\u0161kos variklyje pasaulyje! Leiskite klientui rasti Jus kad ir kur jis beb\u016bt\u0173! \ud83d\udcc8","og_url":"https:\/\/advertsup.lt\/en\/google-paslaugos\/","og_site_name":"Advertsup","article_modified_time":"2024-01-23T07:34:07+00:00","og_image":[{"width":640,"height":427,"url":"https:\/\/advertsup.lt\/wp-content\/uploads\/2023\/06\/edho-pratama-yeB9jDmHm6M-unsplash.jpg","type":"image\/jpeg"}],"twitter_card":"summary_large_image","twitter_misc":{"Est. reading time":"5 minutes"},"schema":{"@context":"https:\/\/schema.org","@graph":[{"@type":"WebPage","@id":"https:\/\/advertsup.lt\/google-paslaugos\/","url":"https:\/\/advertsup.lt\/google-paslaugos\/","name":"Google paslaugos - Advertsup","isPartOf":{"@id":"https:\/\/advertsup.lt\/#website"},"datePublished":"2020-03-03T13:34:58+00:00","dateModified":"2024-01-23T07:34:07+00:00","description":"Google paslaugos - b\u016bkite matomi did\u017eiausiame paie\u0161kos variklyje pasaulyje! Leiskite klientui rasti Jus kad ir kur jis beb\u016bt\u0173! \ud83d\udcc8","breadcrumb":{"@id":"https:\/\/advertsup.lt\/google-paslaugos\/#breadcrumb"},"inLanguage":"en-US","potentialAction":[{"@type":"ReadAction","target":["https:\/\/advertsup.lt\/google-paslaugos\/"]}]},{"@type":"BreadcrumbList","@id":"https:\/\/advertsup.lt\/google-paslaugos\/#breadcrumb","itemListElement":[{"@type":"ListItem","position":1,"name":"Home","item":"https:\/\/advertsup.lt\/"},{"@type":"ListItem","position":2,"name":"Google paslaugos"}]},{"@type":"WebSite","@id":"https:\/\/advertsup.lt\/#website","url":"https:\/\/advertsup.lt\/","name":"Advertsup","description":"M\u016bs\u0173 darbas - J\u016bs\u0173 \u0161uolis \u012f priek\u012f!","publisher":{"@id":"https:\/\/advertsup.lt\/#organization"},"potentialAction":[{"@type":"SearchAction","target":{"@type":"EntryPoint","urlTemplate":"https:\/\/advertsup.lt\/?s={search_term_string}"},"query-input":"required name=search_term_string"}],"inLanguage":"en-US"},{"@type":"Organization","@id":"https:\/\/advertsup.lt\/#organization","name":"Advertsup","url":"https:\/\/advertsup.lt\/","logo":{"@type":"ImageObject","inLanguage":"en-US","@id":"https:\/\/advertsup.lt\/#\/schema\/logo\/image\/","url":"https:\/\/advertsup.lt\/wp-content\/uploads\/2020\/02\/logo.png","contentUrl":"https:\/\/advertsup.lt\/wp-content\/uploads\/2020\/02\/logo.png","width":780,"height":153,"caption":"Advertsup"},"image":{"@id":"https:\/\/advertsup.lt\/#\/schema\/logo\/image\/"}}]}},"_links":{"self":[{"href":"https:\/\/advertsup.lt\/en\/wp-json\/wp\/v2\/pages\/4647"}],"collection":[{"href":"https:\/\/advertsup.lt\/en\/wp-json\/wp\/v2\/pages"}],"about":[{"href":"https:\/\/advertsup.lt\/en\/wp-json\/wp\/v2\/types\/page"}],"author":[{"embeddable":true,"href":"https:\/\/advertsup.lt\/en\/wp-json\/wp\/v2\/users\/1"}],"replies":[{"embeddable":true,"href":"https:\/\/advertsup.lt\/en\/wp-json\/wp\/v2\/comments?post=4647"}],"version-history":[{"count":66,"href":"https:\/\/advertsup.lt\/en\/wp-json\/wp\/v2\/pages\/4647\/revisions"}],"predecessor-version":[{"id":10144,"href":"https:\/\/advertsup.lt\/en\/wp-json\/wp\/v2\/pages\/4647\/revisions\/10144"}],"wp:featuredmedia":[{"embeddable":true,"href":"https:\/\/advertsup.lt\/en\/wp-json\/wp\/v2\/media\/9976"}],"wp:attachment":[{"href":"https:\/\/advertsup.lt\/en\/wp-json\/wp\/v2\/media?parent=4647"}],"curies":[{"name":"wp","href":"https:\/\/api.w.org\/{rel}","templated":true}]}}