{"id":4649,"date":"2020-03-03T13:35:50","date_gmt":"2020-03-03T13:35:50","guid":{"rendered":"https:\/\/advertsup.lt\/?page_id=4649"},"modified":"2024-01-23T09:35:05","modified_gmt":"2024-01-23T07:35:05","slug":"puslapiu-kurimas","status":"publish","type":"page","link":"https:\/\/advertsup.lt\/en\/puslapiu-kurimas\/","title":{"rendered":"Website developement"},"content":{"rendered":"<section data-vc-full-width=\"true\" data-vc-full-width-init=\"false\" class=\"vc_section background-position-center-top visible-lg visible-md hidden-sm hidden-xs vc_custom_1565159445982 vc_section-has-fill\"><div data-vc-full-width=\"true\" data-vc-full-width-init=\"false\" class=\"vc_row wpb_row vc_row-fluid vc_custom_1564736379414\"><div class=\"wpb_column vc_column_container vc_col-sm-5\"><div class=\"vc_column-inner vc_custom_1564741005947\"><div class=\"wpb_wrapper\">\n\t<div class=\"wpb_text_column wpb_content_element\" >\n\t\t<div class=\"wpb_wrapper\">\n\t\t\t<p>Our success is defined by the success of our customers. We are proud of the many long-lasting client relationships we have developed over the last 3 years.<\/p>\n\n\t\t<\/div>\n\t<\/div>\n\n\t<div class=\"wpb_text_column wpb_content_element\" >\n\t\t<div class=\"wpb_wrapper\">\n\t\t\t<p>Our team develops performance-driven websites for a wide range of business sectors and helps you generate the right traffic through digital marketing.<\/p>\n\n\t\t<\/div>\n\t<\/div>\n<\/div><\/div><\/div><div class=\"wpb_column vc_column_container vc_col-sm-7\"><div class=\"vc_column-inner vc_custom_1564476464032\"><div class=\"wpb_wrapper\">\n\t<div  class=\"wpb_single_image wpb_content_element vc_align_right  vc_custom_1632213246147  visible-lg visible-md hidden-sm hidden-xs\">\n\t\t\n\t\t<figure class=\"wpb_wrapper vc_figure\">\n\t\t\t<div class=\"vc_single_image-wrapper   vc_box_border_grey\"><img class=\"vc_single_image-img\" src=\"https:\/\/advertsup.lt\/wp-content\/uploads\/2019\/08\/new-home-14-banner-img-442x360.png\" width=\"442\" height=\"360\" alt=\"Individualus pasi\u016blymas\" title=\"Individual proposal\" \/><\/div>\n\t\t<\/figure>\n\t<\/div>\n<\/div><\/div><\/div><\/div><div class=\"vc_row-full-width vc_clearfix\"><\/div><\/section><div class=\"vc_row-full-width vc_clearfix\"><\/div><div data-vc-full-width=\"true\" data-vc-full-width-init=\"false\" class=\"vc_row wpb_row vc_row-fluid vc_custom_1581011279026 vc_row-has-fill\"><div class=\"wpb_animate_when_almost_visible wpb_fadeInUp fadeInUp wpb_column vc_column_container vc_col-sm-6 vc_hidden-xs\"><div class=\"vc_column-inner vc_custom_1582464184634\"><div class=\"wpb_wrapper\">\n\t<div  class=\"wpb_single_image wpb_content_element vc_align_center  vc_custom_1582743495013\">\n\t\t\n\t\t<figure class=\"wpb_wrapper vc_figure\">\n\t\t\t<div class=\"vc_single_image-wrapper   vc_box_border_grey\"><img width=\"571\" height=\"607\" src=\"https:\/\/advertsup.lt\/wp-content\/uploads\/2018\/10\/Home-7-Web-Marketing-Image.png\" class=\"vc_single_image-img attachment-full\" alt=\"Svetaini\u0173 k\u016brimas\" decoding=\"async\" loading=\"lazy\" \/><\/div>\n\t\t<\/figure>\n\t<\/div>\n<\/div><\/div><\/div><div class=\"wpb_column vc_column_container vc_col-sm-6\"><div class=\"vc_column-inner vc_custom_1582464176361\"><div class=\"wpb_wrapper\"><h2 style=\"font-size: 35px;color: #181616;line-height: 41px;text-align: left\" class=\"vc_custom_heading font-weight-bold vc_custom_1582753566579\" >Website development<\/h2><h3 style=\"font-size: 20px;color: #181616;line-height: 26px;text-align: left\" class=\"vc_custom_heading font-weight-medium vc_custom_1642244065433\" >NUO 700\u20ac<\/h3>\n\t<div class=\"wpb_text_column wpb_content_element  vc_custom_1631635117032\" >\n\t\t<div class=\"wpb_wrapper\">\n\t\t\t<p class=\"p1\">We will create an e-shop for your business according to your needs and requirements. We are ready for out-of-the-box solutions that can lead to higher success rates in online sales.<\/p>\n<p class=\"p1\"><b>What is included in setting up an e-shop?:<\/b><\/p>\n\n\t\t<\/div>\n\t<\/div>\n\r<!-- list -->\r<div class=\"radiantthemes-list rt248180385 element-one\" >\n<ul>\n<li class=\"li1\">Choosing a design;<\/li>\n<li class=\"li1\">Website optimisation for desktop and mobile versions;<\/li>\n<li class=\"li1\">Inducing the content and products provided;<\/li>\n<li class=\"li1\">Creating requested features;<\/li>\n<li class=\"li1\">Payment systems integration;<\/li>\n<li class=\"li1\">Free corrections;<\/li>\n<li class=\"li1\">Digital marketing consultancy;<\/li>\n<li class=\"li1\">Migrating the website to your server and connecting it.<\/li>\n<\/ul>\n<\/div>\r<!-- list -->\r<\/div><\/div><\/div><\/div><div class=\"vc_row-full-width vc_clearfix\"><\/div><div data-vc-full-width=\"true\" data-vc-full-width-init=\"false\" class=\"vc_row wpb_row vc_row-fluid vc_custom_1581011279026 vc_row-has-fill\"><div class=\"wpb_animate_when_almost_visible wpb_fadeInUp fadeInUp wpb_column vc_column_container vc_col-sm-6 vc_hidden-lg vc_hidden-md vc_hidden-sm\"><div class=\"vc_column-inner vc_custom_1632142173772\"><div class=\"wpb_wrapper\">\n\t<div  class=\"wpb_single_image wpb_content_element vc_align_center  vc_custom_1582743495013\">\n\t\t\n\t\t<figure class=\"wpb_wrapper vc_figure\">\n\t\t\t<div class=\"vc_single_image-wrapper   vc_box_border_grey\"><img width=\"571\" height=\"607\" src=\"https:\/\/advertsup.lt\/wp-content\/uploads\/2018\/10\/Home-7-Web-Marketing-Image.png\" class=\"vc_single_image-img attachment-full\" alt=\"Svetaini\u0173 k\u016brimas\" decoding=\"async\" loading=\"lazy\" \/><\/div>\n\t\t<\/figure>\n\t<\/div>\n<\/div><\/div><\/div><\/div><div class=\"vc_row-full-width vc_clearfix\"><\/div><div data-vc-full-width=\"true\" data-vc-full-width-init=\"false\" class=\"vc_row wpb_row vc_row-fluid vc_custom_1538996450278 vc_row-o-equal-height vc_row-o-content-middle vc_row-flex\"><div class=\"wpb_animate_when_almost_visible wpb_fadeInRight fadeInRight wpb_column vc_column_container vc_col-sm-6\"><div class=\"vc_column-inner vc_custom_1538996170673\"><div class=\"wpb_wrapper\"><h2 style=\"font-size: 40px;color: #060627;line-height: 51px;text-align: left\" class=\"vc_custom_heading vc_custom_1631635263536\" >Development of representative websites.<\/h2><h3 style=\"font-size: 20px;color: #181616;line-height: 26px;text-align: left\" class=\"vc_custom_heading font-weight-medium vc_custom_1688136855920\" >NUO 500\u20ac<\/h3>\n\t<div class=\"wpb_text_column wpb_content_element  vc_custom_1631635391327\" >\n\t\t<div class=\"wpb_wrapper\">\n\t\t\t<p class=\"p1\"><b>What's included in setting up a website?:<\/b><\/p>\n\n\t\t<\/div>\n\t<\/div>\n\r<!-- list -->\r<div class=\"radiantthemes-list rt172651343 element-one\" >\n<ul>\n<li class=\"li1\">Choosing a design;<\/li>\n<li class=\"li1\">Website optimisation for desktop and mobile versions;<\/li>\n<li class=\"li1\">Induction of the content provided;<\/li>\n<li class=\"li1\">Creating requested features;<\/li>\n<li class=\"li1\">Free corrections;<\/li>\n<li class=\"li1\">Digital marketing consultancy;<\/li>\n<li class=\"li1\">Migrating the website to your server and connecting it.<\/li>\n<\/ul>\n<\/div>\r<!-- list -->\r<\/div><\/div><\/div><div class=\"wpb_animate_when_almost_visible wpb_fadeInLeft fadeInLeft wpb_column vc_column_container vc_col-sm-6\"><div class=\"vc_column-inner vc_custom_1538995500612\"><div class=\"wpb_wrapper\">\n\t<div  class=\"wpb_single_image wpb_content_element vc_align_left  vc_custom_1631635943434\">\n\t\t\n\t\t<figure class=\"wpb_wrapper vc_figure\">\n\t\t\t<div class=\"vc_single_image-wrapper   vc_box_border_grey\"><img width=\"1920\" height=\"1280\" src=\"https:\/\/advertsup.lt\/wp-content\/uploads\/2021\/09\/Teamwork_Development_Website_generated.jpg\" class=\"vc_single_image-img attachment-full\" alt=\"\" decoding=\"async\" loading=\"lazy\" srcset=\"https:\/\/advertsup.lt\/wp-content\/uploads\/2021\/09\/Teamwork_Development_Website_generated.jpg 1920w, https:\/\/advertsup.lt\/wp-content\/uploads\/2021\/09\/Teamwork_Development_Website_generated-300x200.jpg 300w, https:\/\/advertsup.lt\/wp-content\/uploads\/2021\/09\/Teamwork_Development_Website_generated-1024x683.jpg 1024w, https:\/\/advertsup.lt\/wp-content\/uploads\/2021\/09\/Teamwork_Development_Website_generated-768x512.jpg 768w, https:\/\/advertsup.lt\/wp-content\/uploads\/2021\/09\/Teamwork_Development_Website_generated-1536x1024.jpg 1536w\" sizes=\"(max-width: 1920px) 100vw, 1920px\" \/><\/div>\n\t\t<\/figure>\n\t<\/div>\n<\/div><\/div><\/div><\/div><div class=\"vc_row-full-width vc_clearfix\"><\/div><div data-vc-full-width=\"true\" data-vc-full-width-init=\"false\" class=\"vc_row wpb_row vc_row-fluid vc_custom_1583857645311 vc_row-has-fill vc_row-o-content-middle vc_row-flex\"><div class=\"wpb_column vc_column_container vc_col-sm-6\"><div class=\"vc_column-inner vc_custom_1582464098479\"><div class=\"wpb_wrapper\"><h2 style=\"font-size: 35px;color: #181616;line-height: 41px;text-align: left\" class=\"vc_custom_heading font-weight-bold vc_custom_1642431132765\" >Creating and preparing dropshipping sites for use.<\/h2>\n\t<div class=\"wpb_text_column wpb_content_element  vc_custom_1642431185789\" >\n\t\t<div class=\"wpb_wrapper\">\n\t\t\t<p>Dreaming of your own dropshipping business that would bring you a steady income? Want to have an e-commerce business but not have real goods? By creating an e-shop for you, we can connect \u2018dropshipping\u2019 suppliers, import their goods and help develop a new project that you have been dreaming about for a long time.<\/p>\n\n\t\t<\/div>\n\t<\/div>\n<\/div><\/div><\/div><div class=\"wpb_animate_when_almost_visible wpb_fadeInUp fadeInUp wpb_column vc_column_container vc_col-sm-6\"><div class=\"vc_column-inner vc_custom_1632142132701\"><div class=\"wpb_wrapper\">\n\t<div  class=\"wpb_single_image wpb_content_element vc_align_center  vc_custom_1705410637599\">\n\t\t\n\t\t<figure class=\"wpb_wrapper vc_figure\">\n\t\t\t<div class=\"vc_single_image-wrapper   vc_box_border_grey\"><img src=\"https:\/\/advertsup.lt\/wp-content\/uploads\/2024\/01\/21.svg\" class=\"vc_single_image-img attachment-full\" alt=\"\" decoding=\"async\" loading=\"lazy\" \/><\/div>\n\t\t<\/figure>\n\t<\/div>\n<\/div><\/div><\/div><\/div><div class=\"vc_row-full-width vc_clearfix\"><\/div><div data-vc-full-width=\"true\" data-vc-full-width-init=\"false\" class=\"vc_row wpb_row vc_row-fluid vc_custom_1583857645311 vc_row-has-fill vc_row-o-content-middle vc_row-flex\"><div class=\"wpb_column vc_column_container vc_col-sm-6\"><div class=\"vc_column-inner vc_custom_1582464098479\"><div class=\"wpb_wrapper\"><h2 style=\"font-size: 35px;color: #181616;line-height: 41px;text-align: left\" class=\"vc_custom_heading font-weight-bold vc_custom_1583842308903\" >Individual proposal<\/h2>\n\t<div class=\"wpb_text_column wpb_content_element  vc_custom_1583842318419\" >\n\t\t<div class=\"wpb_wrapper\">\n\t\t\t<p>Want an exclusive offer for your business? Contact us and we will help you!<\/p>\n\n\t\t<\/div>\n\t<\/div>\n\r<!-- list -->\r<div class=\"radiantthemes-list rt908895589 element-one\" >\n<ul>\n<li>We'll help you set goals and priorities.<\/li>\n<li>We'll provide a complete advertising strategy for your business<\/li>\n<li>We'll give you the best package deal exclusively for you.<\/li>\n<\/ul>\n<\/div>\r<!-- list -->\r<div class=\"vc_empty_space\"   style=\"height: 32px\"><span class=\"vc_empty_space_inner\"><\/span><\/div>\r<!-- radiantthemes-custom-button -->\r<div class=\"radiantthemes-custom-button hover-style-one rt1034075768\"  data-button-direction=\"center\" data-button-fullwidth=\"false\" ><a style=\" color: #ffffff; line-height: 36px; font-size: 16px;\" class=\"radiantthemes-custom-button-main  vc_custom_1705410409390\" href=\"https:\/\/advertsup.lt\/en\/kontaktai\/\"  title=\"Contacts\" target=\"_self\"><div class=\"placeholder\">Susisiekti<\/div><\/a><\/div>\r<!-- radiantthemes-custom-button -->\r<\/div><\/div><\/div><div class=\"wpb_animate_when_almost_visible wpb_fadeInUp fadeInUp wpb_column vc_column_container vc_col-sm-6\"><div class=\"vc_column-inner vc_custom_1632142132701\"><div class=\"wpb_wrapper\">\n\t<div  class=\"wpb_single_image wpb_content_element vc_align_center  vc_custom_1705410430336\">\n\t\t\n\t\t<figure class=\"wpb_wrapper vc_figure\">\n\t\t\t<div class=\"vc_single_image-wrapper   vc_box_border_grey\"><img src=\"https:\/\/advertsup.lt\/wp-content\/uploads\/2024\/01\/6.svg\" class=\"vc_single_image-img attachment-full\" alt=\"\" decoding=\"async\" loading=\"lazy\" \/><\/div>\n\t\t<\/figure>\n\t<\/div>\n<\/div><\/div><\/div><\/div><div class=\"vc_row-full-width vc_clearfix\"><\/div><div data-vc-full-width=\"true\" data-vc-full-width-init=\"false\" data-vc-parallax=\"1.5\" class=\"vc_row wpb_row vc_row-fluid vc_custom_1705995304481 vc_row-has-fill vc_column-gap-30 vc_general vc_parallax vc_parallax-content-moving\"><div class=\"wpb_column vc_column_container vc_col-sm-7\"><div class=\"vc_column-inner vc_custom_1532952736316\"><div class=\"wpb_wrapper\">\n\t<div  class=\"wpb_single_image wpb_content_element vc_align_left  wpb_animate_when_almost_visible wpb_slideInUp slideInUp vc_custom_1582743578919\">\n\t\t\n\t\t<figure class=\"wpb_wrapper vc_figure\">\n\t\t\t<div class=\"vc_single_image-wrapper   vc_box_border_grey\"><img width=\"485\" height=\"121\" src=\"https:\/\/advertsup.lt\/wp-content\/uploads\/2018\/07\/rocket.png\" class=\"vc_single_image-img attachment-full\" alt=\"rocket\" decoding=\"async\" loading=\"lazy\" \/><\/div>\n\t\t<\/figure>\n\t<\/div>\n<div class=\"vc_row wpb_row vc_inner vc_row-fluid vc_custom_1532953331303\"><div class=\"wpb_column vc_column_container vc_col-sm-2\"><div class=\"vc_column-inner\"><div class=\"wpb_wrapper\"><\/div><\/div><\/div><div class=\"wpb_column vc_column_container vc_col-sm-8\"><div class=\"vc_column-inner vc_custom_1532952932805\"><div class=\"wpb_wrapper\"><h3 style=\"font-size: 45px;color: #ffffff;line-height: 50px;text-align: center\" class=\"vc_custom_heading font-weight-bold letter-spacing-0\" >Want to get the best deal for your business?<\/h3><\/div><\/div><\/div><div class=\"wpb_column vc_column_container vc_col-sm-2\"><div class=\"vc_column-inner\"><div class=\"wpb_wrapper\"><\/div><\/div><\/div><\/div><div class=\"vc_row wpb_row vc_inner vc_row-fluid vc_custom_1532953349166\"><div class=\"wpb_column vc_column_container vc_col-sm-1\"><div class=\"vc_column-inner\"><div class=\"wpb_wrapper\"><\/div><\/div><\/div><div class=\"wpb_column vc_column_container vc_col-sm-10\"><div class=\"vc_column-inner vc_custom_1532952932805\"><div class=\"wpb_wrapper\"><p style=\"font-size: 20px;color: #ffffff;line-height: 30px;text-align: center\" class=\"vc_custom_heading font-weight-light vc_custom_1582753636286 translation-block\" ><strong>Let's get in touch<\/strong><br>\nE-mail: info@advertsup.com<br>\nTel. +370 608 96980<\/p><\/div><\/div><\/div><div class=\"wpb_column vc_column_container vc_col-sm-1\"><div class=\"vc_column-inner\"><div class=\"wpb_wrapper\"><\/div><\/div><\/div><\/div>\n\t<div  class=\"wpb_single_image wpb_content_element vc_align_left  wpb_animate_when_almost_visible wpb_slideInUp slideInUp vc_custom_1582743601543\">\n\t\t\n\t\t<figure class=\"wpb_wrapper vc_figure\">\n\t\t\t<div class=\"vc_single_image-wrapper   vc_box_border_grey\"><img width=\"670\" height=\"54\" src=\"https:\/\/advertsup.lt\/wp-content\/uploads\/2018\/07\/sky2.png\" class=\"vc_single_image-img attachment-full\" alt=\"sky2\" decoding=\"async\" loading=\"lazy\" srcset=\"https:\/\/advertsup.lt\/wp-content\/uploads\/2018\/07\/sky2.png 670w, https:\/\/advertsup.lt\/wp-content\/uploads\/2018\/07\/sky2-600x48.png 600w\" sizes=\"(max-width: 670px) 100vw, 670px\" \/><\/div>\n\t\t<\/figure>\n\t<\/div>\n<\/div><\/div><\/div><div class=\"wpb_column vc_column_container vc_col-sm-5 vc_col-has-fill\"><div class=\"vc_column-inner vc_custom_1532955184971\"><div class=\"wpb_wrapper\"><div style=\"font-size: 20px;color: #181616;line-height: 41px;text-align: left\" class=\"vc_custom_heading vc_custom_1631636503156\" >Get your offer today!<\/div>\r<!-- rt-cf7 -->\r<div class=\"radiant-contact-form rtcd60e3b2ff5b731 element-one\"  >\n<div class=\"wpcf7 no-js\" id=\"wpcf7-f5024-o1\" lang=\"lt-LT\" dir=\"ltr\">\n<div class=\"screen-reader-response\"><p role=\"status\" aria-live=\"polite\" aria-atomic=\"true\"><\/p> <ul><\/ul><\/div>\n<form action=\"\/en\/wp-json\/wp\/v2\/pages\/4649#wpcf7-f5024-o1\" method=\"post\" class=\"wpcf7-form init\" aria-label=\"Kontakt\u0173 forma\" novalidate=\"novalidate\" data-status=\"init\" data-trp-original-action=\"\/en\/wp-json\/wp\/v2\/pages\/4649#wpcf7-f5024-o1\">\n<div style=\"display: none;\">\n<input type=\"hidden\" name=\"_wpcf7\" value=\"5024\" \/>\n<input type=\"hidden\" name=\"_wpcf7_version\" value=\"5.8.6\" \/>\n<input type=\"hidden\" name=\"_wpcf7_locale\" value=\"lt_LT\" \/>\n<input type=\"hidden\" name=\"_wpcf7_unit_tag\" value=\"wpcf7-f5024-o1\" \/>\n<input type=\"hidden\" name=\"_wpcf7_container_post\" value=\"0\" \/>\n<input type=\"hidden\" name=\"_wpcf7_posted_data_hash\" value=\"\" \/>\n<input type=\"hidden\" name=\"_wpcf7_recaptcha_response\" value=\"\" \/>\n<\/div>\n<div class=\"row\">\n\t<div class=\"col-lg-12 col-md-12 col-sm-12 col-xs-12\">\n\t\t<div class=\"form-row\">\n\t\t\t<p><span class=\"wpcf7-form-control-wrap\" data-name=\"Name\"><input size=\"40\" class=\"wpcf7-form-control wpcf7-text wpcf7-validates-as-required\" aria-required=\"true\" aria-invalid=\"false\" placeholder=\"Company name\" value=\"\" type=\"text\" name=\"Name\" \/><\/span>\n\t\t\t<\/p>\n\t\t<\/div>\n\t<\/div>\n\t<div class=\"col-lg-12 col-md-12 col-sm-12 col-xs-12\">\n\t\t<div class=\"form-row\">\n\t\t\t<p><span class=\"wpcf7-form-control-wrap\" data-name=\"number\"><input class=\"wpcf7-form-control wpcf7-number wpcf7-validates-as-required wpcf7-validates-as-number\" aria-required=\"true\" aria-invalid=\"false\" placeholder=\"Budget\" value=\"\" type=\"number\" name=\"number\" \/><\/span>\n\t\t\t<\/p>\n\t\t<\/div>\n\t<\/div>\n\t<div class=\"col-lg-12 col-md-12 col-sm-12 col-xs-12\">\n\t\t<div class=\"form-row\">\n\t\t\t<p><span class=\"wpcf7-form-control-wrap\" data-name=\"your-email\"><input size=\"40\" class=\"wpcf7-form-control wpcf7-email wpcf7-validates-as-required wpcf7-text wpcf7-validates-as-email\" aria-required=\"true\" aria-invalid=\"false\" placeholder=\"Your email address\" value=\"\" type=\"email\" name=\"your-email\" \/><\/span>\n\t\t\t<\/p>\n\t\t<\/div>\n\t<\/div>\n\t<div class=\"col-lg-12 col-md-12 col-sm-12 col-xs-12\">\n\t\t<div class=\"form-row\">\n\t\t\t<p><input class=\"wpcf7-form-control wpcf7-submit has-spinner\" type=\"submit\" value=\"RECEIVE\" \/>\n\t\t\t<\/p>\n\t\t<\/div>\n\t<\/div>\n<\/div><div class=\"wpcf7-response-output\" aria-hidden=\"true\"><\/div>\n<input type=\"hidden\" name=\"trp-form-language\" value=\"en\"\/><\/form>\n<\/div>\n<div class=\"clearfix\"><\/div><\/div><!-- rt-cf7 -->\r<\/div><\/div><\/div><\/div><div class=\"vc_row-full-width vc_clearfix\"><\/div>","protected":false},"excerpt":{"rendered":"M\u016bs\u0173 s\u0117km\u0119 apibr\u0117\u017eia m\u016bs\u0173 klient\u0173 s\u0117km\u0117. Mes did\u017eiuojam\u0117s daugybe ilgalaiki\u0173 santyki\u0173 su klientais, su kuriais susipa\u017einome per pastaruosius 3 metus. M\u016bs\u0173 komanda kuria \u012f efektyvum\u0105 orientuotas svetaines \u012fvairiems verslo sektoriams bei padeda generuoti tinkamus srautus, pasitelkiant skaitmenin\u0119 rinkodar\u0105. Svetaini\u0173 k\u016brimasNUO 700\u20ac Sukursime J\u016bs\u0173 verslui e-parduotuv\u0119 pagal visus poreikius ir keliamus kriterijus. Esame pasiruo\u0161\u0119 nestandartiniams sprendimams, [...]","protected":false},"author":1,"featured_media":9980,"parent":0,"menu_order":0,"comment_status":"closed","ping_status":"closed","template":"","meta":[],"yoast_head":"<!-- This site is optimized with the Yoast SEO plugin v21.8.1 - https:\/\/yoast.com\/wordpress\/plugins\/seo\/ -->\n<title>Puslapi\u0173 k\u016brimas - Advertsup<\/title>\n<meta name=\"description\" content=\"Puslapi\u0173 k\u016brimas - tapkite matomi internete. Vis dar neturite svetain\u0117s savo verslui? J\u016bs dirbate, o konkurentai vis priekyje? Susisiekite!\" \/>\n<meta name=\"robots\" content=\"index, follow, max-snippet:-1, max-image-preview:large, max-video-preview:-1\" \/>\n<link rel=\"canonical\" href=\"https:\/\/advertsup.lt\/en\/puslapiu-kurimas\/\" \/>\n<meta property=\"og:locale\" content=\"en_US\" \/>\n<meta property=\"og:type\" content=\"article\" \/>\n<meta property=\"og:title\" content=\"Puslapi\u0173 k\u016brimas - Advertsup\" \/>\n<meta property=\"og:description\" content=\"Puslapi\u0173 k\u016brimas - tapkite matomi internete. Vis dar neturite svetain\u0117s savo verslui? J\u016bs dirbate, o konkurentai vis priekyje? Susisiekite!\" \/>\n<meta property=\"og:url\" content=\"https:\/\/advertsup.lt\/en\/puslapiu-kurimas\/\" \/>\n<meta property=\"og:site_name\" content=\"Advertsup\" \/>\n<meta property=\"article:modified_time\" content=\"2024-01-23T07:35:05+00:00\" \/>\n<meta property=\"og:image\" content=\"https:\/\/advertsup.lt\/wp-content\/uploads\/2023\/06\/ferenc-almasi-eYpcLDXHVb0-unsplash.jpg\" \/>\n\t<meta property=\"og:image:width\" content=\"640\" \/>\n\t<meta property=\"og:image:height\" content=\"427\" \/>\n\t<meta property=\"og:image:type\" content=\"image\/jpeg\" \/>\n<meta name=\"twitter:card\" content=\"summary_large_image\" \/>\n<meta name=\"twitter:label1\" content=\"Est. reading time\" \/>\n\t<meta name=\"twitter:data1\" content=\"5 minutes\" \/>\n<script type=\"application\/ld+json\" class=\"yoast-schema-graph\">{\"@context\":\"https:\/\/schema.org\",\"@graph\":[{\"@type\":\"WebPage\",\"@id\":\"https:\/\/advertsup.lt\/puslapiu-kurimas\/\",\"url\":\"https:\/\/advertsup.lt\/puslapiu-kurimas\/\",\"name\":\"Puslapi\u0173 k\u016brimas - Advertsup\",\"isPartOf\":{\"@id\":\"https:\/\/advertsup.lt\/#website\"},\"datePublished\":\"2020-03-03T13:35:50+00:00\",\"dateModified\":\"2024-01-23T07:35:05+00:00\",\"description\":\"Puslapi\u0173 k\u016brimas - tapkite matomi internete. Vis dar neturite svetain\u0117s savo verslui? J\u016bs dirbate, o konkurentai vis priekyje? Susisiekite!\",\"breadcrumb\":{\"@id\":\"https:\/\/advertsup.lt\/puslapiu-kurimas\/#breadcrumb\"},\"inLanguage\":\"en-US\",\"potentialAction\":[{\"@type\":\"ReadAction\",\"target\":[\"https:\/\/advertsup.lt\/puslapiu-kurimas\/\"]}]},{\"@type\":\"BreadcrumbList\",\"@id\":\"https:\/\/advertsup.lt\/puslapiu-kurimas\/#breadcrumb\",\"itemListElement\":[{\"@type\":\"ListItem\",\"position\":1,\"name\":\"Home\",\"item\":\"https:\/\/advertsup.lt\/\"},{\"@type\":\"ListItem\",\"position\":2,\"name\":\"Puslapi\u0173 k\u016brimas\"}]},{\"@type\":\"WebSite\",\"@id\":\"https:\/\/advertsup.lt\/#website\",\"url\":\"https:\/\/advertsup.lt\/\",\"name\":\"Advertsup\",\"description\":\"M\u016bs\u0173 darbas - J\u016bs\u0173 \u0161uolis \u012f priek\u012f!\",\"publisher\":{\"@id\":\"https:\/\/advertsup.lt\/#organization\"},\"potentialAction\":[{\"@type\":\"SearchAction\",\"target\":{\"@type\":\"EntryPoint\",\"urlTemplate\":\"https:\/\/advertsup.lt\/?s={search_term_string}\"},\"query-input\":\"required name=search_term_string\"}],\"inLanguage\":\"en-US\"},{\"@type\":\"Organization\",\"@id\":\"https:\/\/advertsup.lt\/#organization\",\"name\":\"Advertsup\",\"url\":\"https:\/\/advertsup.lt\/\",\"logo\":{\"@type\":\"ImageObject\",\"inLanguage\":\"en-US\",\"@id\":\"https:\/\/advertsup.lt\/#\/schema\/logo\/image\/\",\"url\":\"https:\/\/advertsup.lt\/wp-content\/uploads\/2020\/02\/logo.png\",\"contentUrl\":\"https:\/\/advertsup.lt\/wp-content\/uploads\/2020\/02\/logo.png\",\"width\":780,\"height\":153,\"caption\":\"Advertsup\"},\"image\":{\"@id\":\"https:\/\/advertsup.lt\/#\/schema\/logo\/image\/\"}}]}<\/script>\n<!-- \/ Yoast SEO plugin. -->","yoast_head_json":{"title":"Puslapi\u0173 k\u016brimas - Advertsup","description":"Puslapi\u0173 k\u016brimas - tapkite matomi internete. Vis dar neturite svetain\u0117s savo verslui? J\u016bs dirbate, o konkurentai vis priekyje? Susisiekite!","robots":{"index":"index","follow":"follow","max-snippet":"max-snippet:-1","max-image-preview":"max-image-preview:large","max-video-preview":"max-video-preview:-1"},"canonical":"https:\/\/advertsup.lt\/en\/puslapiu-kurimas\/","og_locale":"en_US","og_type":"article","og_title":"Puslapi\u0173 k\u016brimas - Advertsup","og_description":"Puslapi\u0173 k\u016brimas - tapkite matomi internete. Vis dar neturite svetain\u0117s savo verslui? J\u016bs dirbate, o konkurentai vis priekyje? Susisiekite!","og_url":"https:\/\/advertsup.lt\/en\/puslapiu-kurimas\/","og_site_name":"Advertsup","article_modified_time":"2024-01-23T07:35:05+00:00","og_image":[{"width":640,"height":427,"url":"https:\/\/advertsup.lt\/wp-content\/uploads\/2023\/06\/ferenc-almasi-eYpcLDXHVb0-unsplash.jpg","type":"image\/jpeg"}],"twitter_card":"summary_large_image","twitter_misc":{"Est. reading time":"5 minutes"},"schema":{"@context":"https:\/\/schema.org","@graph":[{"@type":"WebPage","@id":"https:\/\/advertsup.lt\/puslapiu-kurimas\/","url":"https:\/\/advertsup.lt\/puslapiu-kurimas\/","name":"Puslapi\u0173 k\u016brimas - Advertsup","isPartOf":{"@id":"https:\/\/advertsup.lt\/#website"},"datePublished":"2020-03-03T13:35:50+00:00","dateModified":"2024-01-23T07:35:05+00:00","description":"Puslapi\u0173 k\u016brimas - tapkite matomi internete. Vis dar neturite svetain\u0117s savo verslui? J\u016bs dirbate, o konkurentai vis priekyje? Susisiekite!","breadcrumb":{"@id":"https:\/\/advertsup.lt\/puslapiu-kurimas\/#breadcrumb"},"inLanguage":"en-US","potentialAction":[{"@type":"ReadAction","target":["https:\/\/advertsup.lt\/puslapiu-kurimas\/"]}]},{"@type":"BreadcrumbList","@id":"https:\/\/advertsup.lt\/puslapiu-kurimas\/#breadcrumb","itemListElement":[{"@type":"ListItem","position":1,"name":"Home","item":"https:\/\/advertsup.lt\/"},{"@type":"ListItem","position":2,"name":"Puslapi\u0173 k\u016brimas"}]},{"@type":"WebSite","@id":"https:\/\/advertsup.lt\/#website","url":"https:\/\/advertsup.lt\/","name":"Advertsup","description":"M\u016bs\u0173 darbas - J\u016bs\u0173 \u0161uolis \u012f priek\u012f!","publisher":{"@id":"https:\/\/advertsup.lt\/#organization"},"potentialAction":[{"@type":"SearchAction","target":{"@type":"EntryPoint","urlTemplate":"https:\/\/advertsup.lt\/?s={search_term_string}"},"query-input":"required name=search_term_string"}],"inLanguage":"en-US"},{"@type":"Organization","@id":"https:\/\/advertsup.lt\/#organization","name":"Advertsup","url":"https:\/\/advertsup.lt\/","logo":{"@type":"ImageObject","inLanguage":"en-US","@id":"https:\/\/advertsup.lt\/#\/schema\/logo\/image\/","url":"https:\/\/advertsup.lt\/wp-content\/uploads\/2020\/02\/logo.png","contentUrl":"https:\/\/advertsup.lt\/wp-content\/uploads\/2020\/02\/logo.png","width":780,"height":153,"caption":"Advertsup"},"image":{"@id":"https:\/\/advertsup.lt\/#\/schema\/logo\/image\/"}}]}},"_links":{"self":[{"href":"https:\/\/advertsup.lt\/en\/wp-json\/wp\/v2\/pages\/4649"}],"collection":[{"href":"https:\/\/advertsup.lt\/en\/wp-json\/wp\/v2\/pages"}],"about":[{"href":"https:\/\/advertsup.lt\/en\/wp-json\/wp\/v2\/types\/page"}],"author":[{"embeddable":true,"href":"https:\/\/advertsup.lt\/en\/wp-json\/wp\/v2\/users\/1"}],"replies":[{"embeddable":true,"href":"https:\/\/advertsup.lt\/en\/wp-json\/wp\/v2\/comments?post=4649"}],"version-history":[{"count":49,"href":"https:\/\/advertsup.lt\/en\/wp-json\/wp\/v2\/pages\/4649\/revisions"}],"predecessor-version":[{"id":10145,"href":"https:\/\/advertsup.lt\/en\/wp-json\/wp\/v2\/pages\/4649\/revisions\/10145"}],"wp:featuredmedia":[{"embeddable":true,"href":"https:\/\/advertsup.lt\/en\/wp-json\/wp\/v2\/media\/9980"}],"wp:attachment":[{"href":"https:\/\/advertsup.lt\/en\/wp-json\/wp\/v2\/media?parent=4649"}],"curies":[{"name":"wp","href":"https:\/\/api.w.org\/{rel}","templated":true}]}}