{"id":4651,"date":"2020-03-03T13:36:15","date_gmt":"2020-03-03T13:36:15","guid":{"rendered":"https:\/\/advertsup.lt\/?page_id=4651"},"modified":"2024-01-23T09:35:33","modified_gmt":"2024-01-23T07:35:33","slug":"grafikos-dizainas","status":"publish","type":"page","link":"https:\/\/advertsup.lt\/en\/grafikos-dizainas\/","title":{"rendered":"Graphic design"},"content":{"rendered":"<div data-vc-full-width=\"true\" data-vc-full-width-init=\"false\" class=\"vc_row wpb_row vc_row-fluid vc_custom_1581011279026 vc_row-has-fill\"><div class=\"wpb_animate_when_almost_visible wpb_fadeInUp fadeInUp wpb_column vc_column_container vc_col-sm-6 vc_hidden-xs\"><div class=\"vc_column-inner vc_custom_1582464107599\"><div class=\"wpb_wrapper\">\n\t<div  class=\"wpb_single_image wpb_content_element vc_align_center  vc_custom_1583842164727\">\n\t\t\n\t\t<figure class=\"wpb_wrapper vc_figure\">\n\t\t\t<div class=\"vc_single_image-wrapper   vc_box_border_grey\"><img width=\"788\" height=\"640\" src=\"https:\/\/advertsup.lt\/wp-content\/uploads\/2019\/08\/new-home-14-banner-img.png\" class=\"vc_single_image-img attachment-full\" alt=\"Individualus pasi\u016blymas\" decoding=\"async\" loading=\"lazy\" srcset=\"https:\/\/advertsup.lt\/wp-content\/uploads\/2019\/08\/new-home-14-banner-img.png 788w, https:\/\/advertsup.lt\/wp-content\/uploads\/2019\/08\/new-home-14-banner-img-600x487.png 600w\" sizes=\"(max-width: 788px) 100vw, 788px\" \/><\/div>\n\t\t<\/figure>\n\t<\/div>\n<\/div><\/div><\/div><div class=\"wpb_column vc_column_container vc_col-sm-6\"><div class=\"vc_column-inner vc_custom_1582464098479\"><div class=\"wpb_wrapper\"><h2 style=\"font-size: 35px;color: #181616;line-height: 41px;text-align: left\" class=\"vc_custom_heading font-weight-bold vc_custom_1583841854357\" >Logo design<\/h2>\n\t<div class=\"wpb_text_column wpb_content_element  vc_custom_1583841883879\" >\n\t\t<div class=\"wpb_wrapper\">\n\t\t\t<p>Creating brand recognition in a competitive environment is crucial for every business. One of the first steps is to create a logo that represents your company's values and services.<\/p>\n\n\t\t<\/div>\n\t<\/div>\n\r<!-- list -->\r<div class=\"radiantthemes-list rt1386439970 element-one\" >\n<ul>\n<li>We'll find out what your needs are and carry out a brand analysis.<\/li>\n<li>We'll create a unique logo.<\/li>\n<li>We will make the necessary corrections.<\/li>\n<li>We will provide you with the final version of the logo.<\/li>\n<\/ul>\n<\/div>\r<!-- list -->\r<\/div><\/div><\/div><div class=\"wpb_column vc_column_container vc_col-sm-6 vc_hidden-lg vc_hidden-md vc_hidden-sm\"><div class=\"vc_column-inner\"><div class=\"wpb_wrapper\">\n\t<div  class=\"wpb_single_image wpb_content_element vc_align_center  vc_custom_1705410561591\">\n\t\t\n\t\t<figure class=\"wpb_wrapper vc_figure\">\n\t\t\t<div class=\"vc_single_image-wrapper   vc_box_border_grey\"><img src=\"https:\/\/advertsup.lt\/wp-content\/uploads\/2024\/01\/20.svg\" class=\"vc_single_image-img attachment-full\" alt=\"\" decoding=\"async\" loading=\"lazy\" \/><\/div>\n\t\t<\/figure>\n\t<\/div>\n<\/div><\/div><\/div><\/div><div class=\"vc_row-full-width vc_clearfix\"><\/div><div data-vc-full-width=\"true\" data-vc-full-width-init=\"false\" class=\"vc_row wpb_row vc_row-fluid vc_custom_1583857632004 vc_row-has-fill\"><div class=\"wpb_column vc_column_container vc_col-sm-6\"><div class=\"vc_column-inner vc_custom_1531818384661\"><div class=\"wpb_wrapper\"><h1 style=\"font-size: 35px;color: #181616;line-height: 41px;text-align: left\" class=\"vc_custom_heading font-weight-bold vc_custom_1583841185510\" >Graphic design work<\/h1>\n\t<div class=\"wpb_text_column wpb_content_element  vc_custom_1583841208113\" >\n\t\t<div class=\"wpb_wrapper\">\n\t\t\t<p>A great impression of your business goes hand in hand with an attractive, creative and professional appearance. An eye-catching design not only increases brand awareness, but also makes you more attractive to potential customers. Leave the graphic design worries to us.<\/p>\n<p><strong>We do the following graphic design work:<\/strong><\/p>\n\n\t\t<\/div>\n\t<\/div>\n\r<!-- list -->\r<div class=\"radiantthemes-list rt1602869779 element-one\" >\n<ul>\n<li>Corporate identity and logo design.<\/li>\n<li>Layouts for social media communication.<\/li>\n<li>Web design.<\/li>\n<li>Promotional banners.<\/li>\n<li>Promotional print:<\/li>\n<li style=\"font-size: 90%;\">Posters;<\/li>\n<li style=\"font-size: 90%;\">Flyers\/folders;<\/li>\n<li style=\"font-size: 90%;\">Catalogues.<\/li>\n<li>Business card design.<\/li>\n<\/ul>\n<\/div>\r<!-- list -->\r<\/div><\/div><\/div><div class=\"wpb_animate_when_almost_visible wpb_fadeInUp fadeInUp wpb_column vc_column_container vc_col-sm-6\"><div class=\"vc_column-inner vc_custom_1531895248526\"><div class=\"wpb_wrapper\">\n\t<div  class=\"wpb_single_image wpb_content_element vc_align_center  vc_custom_1705410582093\">\n\t\t\n\t\t<figure class=\"wpb_wrapper vc_figure\">\n\t\t\t<div class=\"vc_single_image-wrapper   vc_box_border_grey\"><img src=\"https:\/\/advertsup.lt\/wp-content\/uploads\/2024\/01\/20.svg\" class=\"vc_single_image-img attachment-full\" alt=\"\" decoding=\"async\" loading=\"lazy\" \/><\/div>\n\t\t<\/figure>\n\t<\/div>\n<\/div><\/div><\/div><\/div><div class=\"vc_row-full-width vc_clearfix\"><\/div><div data-vc-full-width=\"true\" data-vc-full-width-init=\"false\" class=\"vc_row wpb_row vc_row-fluid vc_custom_1583857782105 vc_row-has-fill vc_row-o-content-middle vc_row-flex\"><div class=\"wpb_animate_when_almost_visible wpb_fadeInUp fadeInUp wpb_column vc_column_container vc_col-sm-6 vc_hidden-xs\"><div class=\"vc_column-inner vc_custom_1582464107599\"><div class=\"wpb_wrapper\">\n\t<div  class=\"wpb_single_image wpb_content_element vc_align_center  vc_custom_1705410589504\">\n\t\t\n\t\t<figure class=\"wpb_wrapper vc_figure\">\n\t\t\t<div class=\"vc_single_image-wrapper   vc_box_border_grey\"><img src=\"https:\/\/advertsup.lt\/wp-content\/uploads\/2024\/01\/6.svg\" class=\"vc_single_image-img attachment-full\" alt=\"\" decoding=\"async\" loading=\"lazy\" \/><\/div>\n\t\t<\/figure>\n\t<\/div>\n<\/div><\/div><\/div><div class=\"wpb_column vc_column_container vc_col-sm-6\"><div class=\"vc_column-inner vc_custom_1582464098479\"><div class=\"wpb_wrapper\"><h2 style=\"font-size: 35px;color: #181616;line-height: 41px;text-align: left\" class=\"vc_custom_heading font-weight-bold vc_custom_1583842308903\" >Individual proposal<\/h2>\n\t<div class=\"wpb_text_column wpb_content_element  vc_custom_1583842318419\" >\n\t\t<div class=\"wpb_wrapper\">\n\t\t\t<p>Want an exclusive offer for your business? Contact us and we will help you!<\/p>\n\n\t\t<\/div>\n\t<\/div>\n\r<!-- list -->\r<div class=\"radiantthemes-list rt833480288 element-one\" >\n<ul>\n<li>We'll help you set goals and priorities.<\/li>\n<li>We'll provide a complete advertising strategy for your business<\/li>\n<li>We'll give you the best package deal exclusively for you.<\/li>\n<\/ul>\n<\/div>\r<!-- list -->\r<div class=\"vc_empty_space\"   style=\"height: 32px\"><span class=\"vc_empty_space_inner\"><\/span><\/div>\r<!-- radiantthemes-custom-button -->\r<div class=\"radiantthemes-custom-button hover-style-one rt1366751089\"  data-button-direction=\"center\" data-button-fullwidth=\"false\" ><a style=\" color: #ffffff; line-height: 36px; font-size: 16px;\" class=\"radiantthemes-custom-button-main  vc_custom_1705410534000\" href=\"https:\/\/advertsup.lt\/en\/kontaktai\/\"  title=\"Contacts\" target=\"_self\"><div class=\"placeholder\">Contact us<\/div><\/a><\/div>\r<!-- radiantthemes-custom-button -->\r<\/div><\/div><\/div><\/div><div class=\"vc_row-full-width vc_clearfix\"><\/div><div data-vc-full-width=\"true\" data-vc-full-width-init=\"false\" data-vc-parallax=\"1.5\" class=\"vc_row wpb_row vc_row-fluid vc_custom_1705995330410 vc_row-has-fill vc_column-gap-30 vc_general vc_parallax vc_parallax-content-moving\"><div class=\"wpb_column vc_column_container vc_col-sm-7\"><div class=\"vc_column-inner vc_custom_1532952736316\"><div class=\"wpb_wrapper\">\n\t<div  class=\"wpb_single_image wpb_content_element vc_align_left  wpb_animate_when_almost_visible wpb_slideInUp slideInUp vc_custom_1582743578919\">\n\t\t\n\t\t<figure class=\"wpb_wrapper vc_figure\">\n\t\t\t<div class=\"vc_single_image-wrapper   vc_box_border_grey\"><img width=\"485\" height=\"121\" src=\"https:\/\/advertsup.lt\/wp-content\/uploads\/2018\/07\/rocket.png\" class=\"vc_single_image-img attachment-full\" alt=\"rocket\" decoding=\"async\" loading=\"lazy\" \/><\/div>\n\t\t<\/figure>\n\t<\/div>\n<div class=\"vc_row wpb_row vc_inner vc_row-fluid vc_custom_1532953331303\"><div class=\"wpb_column vc_column_container vc_col-sm-2\"><div class=\"vc_column-inner\"><div class=\"wpb_wrapper\"><\/div><\/div><\/div><div class=\"wpb_column vc_column_container vc_col-sm-8\"><div class=\"vc_column-inner vc_custom_1532952932805\"><div class=\"wpb_wrapper\"><h3 style=\"font-size: 45px;color: #ffffff;line-height: 50px;text-align: center\" class=\"vc_custom_heading font-weight-bold letter-spacing-0\" >Want to get the best deal for your business?<\/h3><\/div><\/div><\/div><div class=\"wpb_column vc_column_container vc_col-sm-2\"><div class=\"vc_column-inner\"><div class=\"wpb_wrapper\"><\/div><\/div><\/div><\/div><div class=\"vc_row wpb_row vc_inner vc_row-fluid vc_custom_1532953349166\"><div class=\"wpb_column vc_column_container vc_col-sm-1\"><div class=\"vc_column-inner\"><div class=\"wpb_wrapper\"><\/div><\/div><\/div><div class=\"wpb_column vc_column_container vc_col-sm-10\"><div class=\"vc_column-inner vc_custom_1532952932805\"><div class=\"wpb_wrapper\"><p style=\"font-size: 20px;color: #ffffff;line-height: 30px;text-align: center\" class=\"vc_custom_heading font-weight-light vc_custom_1582753636286 translation-block\" ><strong>Let's get in touch<\/strong><br>\nE-mail: info@advertsup.com<br>\nTel. +370 608 96980<\/p><\/div><\/div><\/div><div class=\"wpb_column vc_column_container vc_col-sm-1\"><div class=\"vc_column-inner\"><div class=\"wpb_wrapper\"><\/div><\/div><\/div><\/div>\n\t<div  class=\"wpb_single_image wpb_content_element vc_align_left  wpb_animate_when_almost_visible wpb_slideInUp slideInUp vc_custom_1582743601543\">\n\t\t\n\t\t<figure class=\"wpb_wrapper vc_figure\">\n\t\t\t<div class=\"vc_single_image-wrapper   vc_box_border_grey\"><img width=\"670\" height=\"54\" src=\"https:\/\/advertsup.lt\/wp-content\/uploads\/2018\/07\/sky2.png\" class=\"vc_single_image-img attachment-full\" alt=\"sky2\" decoding=\"async\" loading=\"lazy\" srcset=\"https:\/\/advertsup.lt\/wp-content\/uploads\/2018\/07\/sky2.png 670w, https:\/\/advertsup.lt\/wp-content\/uploads\/2018\/07\/sky2-600x48.png 600w\" sizes=\"(max-width: 670px) 100vw, 670px\" \/><\/div>\n\t\t<\/figure>\n\t<\/div>\n<\/div><\/div><\/div><div class=\"wpb_column vc_column_container vc_col-sm-5 vc_col-has-fill\"><div class=\"vc_column-inner vc_custom_1532955184971\"><div class=\"wpb_wrapper\"><div style=\"font-size: 20px;color: #181616;line-height: 41px;text-align: left\" class=\"vc_custom_heading vc_custom_1582813471355\" >If you would like examples of our work and more information about our work, please subscribe to our newsletter:<\/div>\r<!-- rt-cf7 -->\r<div class=\"radiant-contact-form rt3a57db4ab6b85c7 element-one\"  >\n<div class=\"wpcf7 no-js\" id=\"wpcf7-f4374-o1\" lang=\"lt-LT\" dir=\"ltr\">\n<div class=\"screen-reader-response\"><p role=\"status\" aria-live=\"polite\" aria-atomic=\"true\"><\/p> <ul><\/ul><\/div>\n<form action=\"\/en\/wp-json\/wp\/v2\/pages\/4651#wpcf7-f4374-o1\" method=\"post\" class=\"wpcf7-form init\" aria-label=\"Kontakt\u0173 forma\" novalidate=\"novalidate\" data-status=\"init\" data-trp-original-action=\"\/en\/wp-json\/wp\/v2\/pages\/4651#wpcf7-f4374-o1\">\n<div style=\"display: none;\">\n<input type=\"hidden\" name=\"_wpcf7\" value=\"4374\" \/>\n<input type=\"hidden\" name=\"_wpcf7_version\" value=\"5.8.6\" \/>\n<input type=\"hidden\" name=\"_wpcf7_locale\" value=\"lt_LT\" \/>\n<input type=\"hidden\" name=\"_wpcf7_unit_tag\" value=\"wpcf7-f4374-o1\" \/>\n<input type=\"hidden\" name=\"_wpcf7_container_post\" value=\"0\" \/>\n<input type=\"hidden\" name=\"_wpcf7_posted_data_hash\" value=\"\" \/>\n<input type=\"hidden\" name=\"_wpcf7_recaptcha_response\" value=\"\" \/>\n<\/div>\n<div class=\"row\">\n\t<div class=\"col-lg-12 col-md-12 col-sm-12 col-xs-12\">\n\t\t<div class=\"form-row\">\n\t\t\t<p><span class=\"wpcf7-form-control-wrap\" data-name=\"Name\"><input size=\"40\" class=\"wpcf7-form-control wpcf7-text wpcf7-validates-as-required\" aria-required=\"true\" aria-invalid=\"false\" placeholder=\"Your name\" value=\"\" type=\"text\" name=\"Name\" \/><\/span>\n\t\t\t<\/p>\n\t\t<\/div>\n\t<\/div>\n\t<div class=\"col-lg-12 col-md-12 col-sm-12 col-xs-12\">\n\t\t<div class=\"form-row\">\n\t\t\t<p><span class=\"wpcf7-form-control-wrap\" data-name=\"your-email\"><input size=\"40\" class=\"wpcf7-form-control wpcf7-email wpcf7-validates-as-required wpcf7-text wpcf7-validates-as-email\" aria-required=\"true\" aria-invalid=\"false\" placeholder=\"Your email address\" value=\"\" type=\"email\" name=\"your-email\" \/><\/span>\n\t\t\t<\/p>\n\t\t<\/div>\n\t<\/div>\n\t<div class=\"col-lg-12 col-md-12 col-sm-12 col-xs-12\">\n\t\t<div class=\"form-row\">\n\t\t\t<p><input class=\"wpcf7-form-control wpcf7-submit has-spinner\" type=\"submit\" value=\"RECEIVE\" \/>\n\t\t\t<\/p>\n\t\t<\/div>\n\t<\/div>\n<\/div><div class=\"wpcf7-response-output\" aria-hidden=\"true\"><\/div>\n<input type=\"hidden\" name=\"trp-form-language\" value=\"en\"\/><\/form>\n<\/div>\n<div class=\"clearfix\"><\/div><\/div><!-- rt-cf7 -->\r<\/div><\/div><\/div><\/div><div class=\"vc_row-full-width vc_clearfix\"><\/div>","protected":false},"excerpt":{"rendered":"Logotip\u0173 k\u016brimas Kiekvienam verslui itin svarbu sukurti prek\u0117s \u017eenklo atpa\u017e\u012fstamum\u0105 konkurencin\u0117je aplinkoje. Vienas pirm\u0173j\u0173 \u017eingsni\u0173 \u2013 logotipo, reprezentuojan\u010dio J\u016bs\u0173 \u012fmon\u0117s vertybes bei teikiamas paslaugas, suk\u016brimas. I\u0161siai\u0161kinsime J\u016bs\u0173 poreikius ir atliksime prek\u0117s \u017eenklo analiz\u0119. Sukursime i\u0161skirtin\u012f logotip\u0105. Atliksime reikiamas korekcijas. Pateiksime galutin\u012f logotipo variant\u0105. Grafinio dizaino darbai Puikus \u012fsp\u016bdis apie J\u016bs\u0173 versl\u0105 yra neatsiejamas nuo patrauklios, [...]","protected":false},"author":1,"featured_media":9982,"parent":0,"menu_order":0,"comment_status":"closed","ping_status":"closed","template":"","meta":[],"yoast_head":"<!-- This site is optimized with the Yoast SEO plugin v21.8.1 - https:\/\/yoast.com\/wordpress\/plugins\/seo\/ -->\n<title>Grafikos dizainas - Advertsup<\/title>\n<meta name=\"description\" content=\"Grafikos dizainas - mes perkelsime J\u016bs\u0173 verslo mintis ant vizualini\u0173 element\u0173. K\u016bryba nuo id\u0117jos iki galutinio produkto ir jo pateikimo!\" \/>\n<meta name=\"robots\" content=\"index, follow, max-snippet:-1, max-image-preview:large, max-video-preview:-1\" \/>\n<link rel=\"canonical\" href=\"https:\/\/advertsup.lt\/en\/grafikos-dizainas\/\" \/>\n<meta property=\"og:locale\" content=\"en_US\" \/>\n<meta property=\"og:type\" content=\"article\" \/>\n<meta property=\"og:title\" content=\"Grafikos dizainas - Advertsup\" \/>\n<meta property=\"og:description\" content=\"Grafikos dizainas - mes perkelsime J\u016bs\u0173 verslo mintis ant vizualini\u0173 element\u0173. K\u016bryba nuo id\u0117jos iki galutinio produkto ir jo pateikimo!\" \/>\n<meta property=\"og:url\" content=\"https:\/\/advertsup.lt\/en\/grafikos-dizainas\/\" \/>\n<meta property=\"og:site_name\" content=\"Advertsup\" \/>\n<meta property=\"article:modified_time\" content=\"2024-01-23T07:35:33+00:00\" \/>\n<meta property=\"og:image\" content=\"https:\/\/advertsup.lt\/wp-content\/uploads\/2023\/06\/thanzi-thanzeer-dym3_MMlJGI-unsplash.jpg\" \/>\n\t<meta property=\"og:image:width\" content=\"640\" \/>\n\t<meta property=\"og:image:height\" content=\"427\" \/>\n\t<meta property=\"og:image:type\" content=\"image\/jpeg\" \/>\n<meta name=\"twitter:card\" content=\"summary_large_image\" \/>\n<meta name=\"twitter:label1\" content=\"Est. reading time\" \/>\n\t<meta name=\"twitter:data1\" content=\"4 minutes\" \/>\n<script type=\"application\/ld+json\" class=\"yoast-schema-graph\">{\"@context\":\"https:\/\/schema.org\",\"@graph\":[{\"@type\":\"WebPage\",\"@id\":\"https:\/\/advertsup.lt\/grafikos-dizainas\/\",\"url\":\"https:\/\/advertsup.lt\/grafikos-dizainas\/\",\"name\":\"Grafikos dizainas - Advertsup\",\"isPartOf\":{\"@id\":\"https:\/\/advertsup.lt\/#website\"},\"datePublished\":\"2020-03-03T13:36:15+00:00\",\"dateModified\":\"2024-01-23T07:35:33+00:00\",\"description\":\"Grafikos dizainas - mes perkelsime J\u016bs\u0173 verslo mintis ant vizualini\u0173 element\u0173. K\u016bryba nuo id\u0117jos iki galutinio produkto ir jo pateikimo!\",\"breadcrumb\":{\"@id\":\"https:\/\/advertsup.lt\/grafikos-dizainas\/#breadcrumb\"},\"inLanguage\":\"en-US\",\"potentialAction\":[{\"@type\":\"ReadAction\",\"target\":[\"https:\/\/advertsup.lt\/grafikos-dizainas\/\"]}]},{\"@type\":\"BreadcrumbList\",\"@id\":\"https:\/\/advertsup.lt\/grafikos-dizainas\/#breadcrumb\",\"itemListElement\":[{\"@type\":\"ListItem\",\"position\":1,\"name\":\"Home\",\"item\":\"https:\/\/advertsup.lt\/\"},{\"@type\":\"ListItem\",\"position\":2,\"name\":\"Grafikos dizainas\"}]},{\"@type\":\"WebSite\",\"@id\":\"https:\/\/advertsup.lt\/#website\",\"url\":\"https:\/\/advertsup.lt\/\",\"name\":\"Advertsup\",\"description\":\"M\u016bs\u0173 darbas - J\u016bs\u0173 \u0161uolis \u012f priek\u012f!\",\"publisher\":{\"@id\":\"https:\/\/advertsup.lt\/#organization\"},\"potentialAction\":[{\"@type\":\"SearchAction\",\"target\":{\"@type\":\"EntryPoint\",\"urlTemplate\":\"https:\/\/advertsup.lt\/?s={search_term_string}\"},\"query-input\":\"required name=search_term_string\"}],\"inLanguage\":\"en-US\"},{\"@type\":\"Organization\",\"@id\":\"https:\/\/advertsup.lt\/#organization\",\"name\":\"Advertsup\",\"url\":\"https:\/\/advertsup.lt\/\",\"logo\":{\"@type\":\"ImageObject\",\"inLanguage\":\"en-US\",\"@id\":\"https:\/\/advertsup.lt\/#\/schema\/logo\/image\/\",\"url\":\"https:\/\/advertsup.lt\/wp-content\/uploads\/2020\/02\/logo.png\",\"contentUrl\":\"https:\/\/advertsup.lt\/wp-content\/uploads\/2020\/02\/logo.png\",\"width\":780,\"height\":153,\"caption\":\"Advertsup\"},\"image\":{\"@id\":\"https:\/\/advertsup.lt\/#\/schema\/logo\/image\/\"}}]}<\/script>\n<!-- \/ Yoast SEO plugin. -->","yoast_head_json":{"title":"Grafikos dizainas - Advertsup","description":"Grafikos dizainas - mes perkelsime J\u016bs\u0173 verslo mintis ant vizualini\u0173 element\u0173. K\u016bryba nuo id\u0117jos iki galutinio produkto ir jo pateikimo!","robots":{"index":"index","follow":"follow","max-snippet":"max-snippet:-1","max-image-preview":"max-image-preview:large","max-video-preview":"max-video-preview:-1"},"canonical":"https:\/\/advertsup.lt\/en\/grafikos-dizainas\/","og_locale":"en_US","og_type":"article","og_title":"Grafikos dizainas - Advertsup","og_description":"Grafikos dizainas - mes perkelsime J\u016bs\u0173 verslo mintis ant vizualini\u0173 element\u0173. K\u016bryba nuo id\u0117jos iki galutinio produkto ir jo pateikimo!","og_url":"https:\/\/advertsup.lt\/en\/grafikos-dizainas\/","og_site_name":"Advertsup","article_modified_time":"2024-01-23T07:35:33+00:00","og_image":[{"width":640,"height":427,"url":"https:\/\/advertsup.lt\/wp-content\/uploads\/2023\/06\/thanzi-thanzeer-dym3_MMlJGI-unsplash.jpg","type":"image\/jpeg"}],"twitter_card":"summary_large_image","twitter_misc":{"Est. reading time":"4 minutes"},"schema":{"@context":"https:\/\/schema.org","@graph":[{"@type":"WebPage","@id":"https:\/\/advertsup.lt\/grafikos-dizainas\/","url":"https:\/\/advertsup.lt\/grafikos-dizainas\/","name":"Grafikos dizainas - Advertsup","isPartOf":{"@id":"https:\/\/advertsup.lt\/#website"},"datePublished":"2020-03-03T13:36:15+00:00","dateModified":"2024-01-23T07:35:33+00:00","description":"Grafikos dizainas - mes perkelsime J\u016bs\u0173 verslo mintis ant vizualini\u0173 element\u0173. K\u016bryba nuo id\u0117jos iki galutinio produkto ir jo pateikimo!","breadcrumb":{"@id":"https:\/\/advertsup.lt\/grafikos-dizainas\/#breadcrumb"},"inLanguage":"en-US","potentialAction":[{"@type":"ReadAction","target":["https:\/\/advertsup.lt\/grafikos-dizainas\/"]}]},{"@type":"BreadcrumbList","@id":"https:\/\/advertsup.lt\/grafikos-dizainas\/#breadcrumb","itemListElement":[{"@type":"ListItem","position":1,"name":"Home","item":"https:\/\/advertsup.lt\/"},{"@type":"ListItem","position":2,"name":"Grafikos dizainas"}]},{"@type":"WebSite","@id":"https:\/\/advertsup.lt\/#website","url":"https:\/\/advertsup.lt\/","name":"Advertsup","description":"M\u016bs\u0173 darbas - J\u016bs\u0173 \u0161uolis \u012f priek\u012f!","publisher":{"@id":"https:\/\/advertsup.lt\/#organization"},"potentialAction":[{"@type":"SearchAction","target":{"@type":"EntryPoint","urlTemplate":"https:\/\/advertsup.lt\/?s={search_term_string}"},"query-input":"required name=search_term_string"}],"inLanguage":"en-US"},{"@type":"Organization","@id":"https:\/\/advertsup.lt\/#organization","name":"Advertsup","url":"https:\/\/advertsup.lt\/","logo":{"@type":"ImageObject","inLanguage":"en-US","@id":"https:\/\/advertsup.lt\/#\/schema\/logo\/image\/","url":"https:\/\/advertsup.lt\/wp-content\/uploads\/2020\/02\/logo.png","contentUrl":"https:\/\/advertsup.lt\/wp-content\/uploads\/2020\/02\/logo.png","width":780,"height":153,"caption":"Advertsup"},"image":{"@id":"https:\/\/advertsup.lt\/#\/schema\/logo\/image\/"}}]}},"_links":{"self":[{"href":"https:\/\/advertsup.lt\/en\/wp-json\/wp\/v2\/pages\/4651"}],"collection":[{"href":"https:\/\/advertsup.lt\/en\/wp-json\/wp\/v2\/pages"}],"about":[{"href":"https:\/\/advertsup.lt\/en\/wp-json\/wp\/v2\/types\/page"}],"author":[{"embeddable":true,"href":"https:\/\/advertsup.lt\/en\/wp-json\/wp\/v2\/users\/1"}],"replies":[{"embeddable":true,"href":"https:\/\/advertsup.lt\/en\/wp-json\/wp\/v2\/comments?post=4651"}],"version-history":[{"count":40,"href":"https:\/\/advertsup.lt\/en\/wp-json\/wp\/v2\/pages\/4651\/revisions"}],"predecessor-version":[{"id":10146,"href":"https:\/\/advertsup.lt\/en\/wp-json\/wp\/v2\/pages\/4651\/revisions\/10146"}],"wp:featuredmedia":[{"embeddable":true,"href":"https:\/\/advertsup.lt\/en\/wp-json\/wp\/v2\/media\/9982"}],"wp:attachment":[{"href":"https:\/\/advertsup.lt\/en\/wp-json\/wp\/v2\/media?parent=4651"}],"curies":[{"name":"wp","href":"https:\/\/api.w.org\/{rel}","templated":true}]}}