{"id":4997,"date":"2021-09-14T14:04:54","date_gmt":"2021-09-14T14:04:54","guid":{"rendered":"https:\/\/advertsup.lt\/?page_id=4997"},"modified":"2024-01-23T09:24:57","modified_gmt":"2024-01-23T07:24:57","slug":"e-komercijai","status":"publish","type":"page","link":"https:\/\/advertsup.lt\/en\/e-komercijai\/","title":{"rendered":"For e-Commerce"},"content":{"rendered":"<section data-vc-full-width=\"true\" data-vc-full-width-init=\"false\" class=\"vc_section vc_custom_1532924222541 vc_section-has-fill\"><div class=\"vc_row wpb_row vc_row-fluid\"><div class=\"wpb_column vc_column_container vc_col-sm-12 vc_hidden-lg vc_hidden-md vc_hidden-sm\"><div class=\"vc_column-inner\"><div class=\"wpb_wrapper\"><h1 style=\"font-size: 35px;color: #0a0a0a;line-height: 50px;text-align: center\" class=\"vc_custom_heading vc_custom_1642162779149\" >Take advantage of special offers for e-commerce businesses to help you grow your online business.<\/h1><\/div><\/div><\/div><\/div><div class=\"vc_row wpb_row vc_row-fluid\"><div class=\"wpb_column vc_column_container vc_col-sm-12 vc_hidden-xs\"><div class=\"vc_column-inner\"><div class=\"wpb_wrapper\"><h1 style=\"font-size: 35px;color: #0a0a0a;line-height: 50px;text-align: center\" class=\"vc_custom_heading vc_custom_1642002343339\" >Take advantage of special offers for e-commerce businesses to help you grow your online business.<\/h1><\/div><\/div><\/div><\/div><div data-vc-full-width=\"true\" data-vc-full-width-init=\"false\" class=\"vc_row wpb_row vc_row-fluid vc_custom_1642002569647 vc_row-o-equal-height vc_row-o-content-middle vc_row-flex\"><div class=\"wpb_column vc_column_container vc_col-sm-6\"><div class=\"vc_column-inner vc_custom_1531818384661\"><div class=\"wpb_wrapper\">\n\t<div class=\"wpb_text_column wpb_content_element  font-size-12\" >\n\t\t<div class=\"wpb_wrapper\">\n\t\t\t<h3 style=\"text-align: center;\" class=\" translation-block\"><strong>We've worked with more than<\/strong> 50 <strong>new clients in<\/strong> 2021.<strong><\/h3>\n\n\t\t<\/div>\n\t<\/div>\n\n\t<div class=\"wpb_text_column wpb_content_element  font-size-12\" >\n\t\t<div class=\"wpb_wrapper\">\n\t\t\t<h3 style=\"text-align: center;\"><strong>Over the years, we have created more than<\/strong> 2900 <strong>vizualizacij\u0173.<\/strong><\/h3>\n\n\t\t<\/div>\n\t<\/div>\n<\/div><\/div><\/div><div class=\"wpb_column vc_column_container vc_col-sm-6\"><div class=\"vc_column-inner vc_custom_1531818391315\"><div class=\"wpb_wrapper\">\n\t<div  class=\"wpb_single_image wpb_content_element vc_align_right  vc_custom_1705410939833\">\n\t\t\n\t\t<figure class=\"wpb_wrapper vc_figure\">\n\t\t\t<div class=\"vc_single_image-wrapper   vc_box_border_grey\"><img class=\"vc_single_image-img\" src=\"https:\/\/advertsup.lt\/wp-content\/uploads\/2024\/01\/8.svg\" width=\"0\" height=\"0\" alt=\"8\" title=\"8\" \/><\/div>\n\t\t<\/figure>\n\t<\/div>\n<\/div><\/div><\/div><\/div><div class=\"vc_row-full-width vc_clearfix\"><\/div><div class=\"vc_row wpb_row vc_row-fluid\"><div class=\"wpb_column vc_column_container vc_col-sm-12\"><div class=\"vc_column-inner\"><div class=\"wpb_wrapper\"><div class=\"vc_row wpb_row vc_inner vc_row-fluid vc_custom_1550659469860\"><div class=\"wpb_column vc_column_container vc_col-sm-2\"><div class=\"vc_column-inner vc_custom_1550658893146\"><div class=\"wpb_wrapper\"><\/div><\/div><\/div><div class=\"wpb_column vc_column_container vc_col-sm-8\"><div class=\"vc_column-inner vc_custom_1550659476242\"><div class=\"wpb_wrapper\">\n\t<div class=\"wpb_text_column wpb_content_element\" >\n\t\t<div class=\"wpb_wrapper\">\n\t\t\t<h4 class=\"p1 translation-block\" style=\"text-align: center;\"><strong>When unique communication is combined with professional use of<\/strong> Google ads <strong>tools and<\/strong> Facebook <strong>advertisement<\/strong><\/h4>\n\n\t\t<\/div>\n\t<\/div>\n\n\t<div class=\"wpb_text_column wpb_content_element\" >\n\t\t<div class=\"wpb_wrapper\">\n\t\t\t<h4 class=\"p1\" style=\"text-align: center;\">Taking your business to the next level!<\/h4>\n\n\t\t<\/div>\n\t<\/div>\n<\/div><\/div><\/div><div class=\"wpb_column vc_column_container vc_col-sm-2\"><div class=\"vc_column-inner vc_custom_1550658902210\"><div class=\"wpb_wrapper\"><\/div><\/div><\/div><\/div><\/div><\/div><\/div><\/div><\/section><div class=\"vc_row-full-width vc_clearfix\"><\/div><section data-vc-full-width=\"true\" data-vc-full-width-init=\"false\" class=\"vc_section vc_custom_1550730756556 vc_section-has-fill\"><div data-vc-full-width=\"true\" data-vc-full-width-init=\"false\" class=\"vc_row wpb_row vc_row-fluid vc_custom_1550659259301\"><div class=\"wpb_column vc_column_container vc_col-sm-1\"><div class=\"vc_column-inner vc_custom_1531127598326\"><div class=\"wpb_wrapper\"><\/div><\/div><\/div><div class=\"wpb_animate_when_almost_visible wpb_fadeInUp fadeInUp wpb_column vc_column_container vc_col-sm-10\"><div class=\"vc_column-inner vc_custom_1550726438417\"><div class=\"wpb_wrapper\">\r<!-- radiantthemes-custom-button -->\r<div class=\"radiantthemes-custom-button hover-style-one rt451846283\"  data-button-direction=\"center\" data-button-fullwidth=\"false\" ><a style=\" color: #ffffff; line-height: 36px; font-size: 16px;\" class=\"radiantthemes-custom-button-main  vc_custom_1705411006214\" href=\"https:\/\/advertsup.lt\/en\/kontaktai\/\"  title=\"Contacts\" target=\"_self\"><div class=\"placeholder\">Susisiekti<\/div><\/a><\/div>\r<!-- radiantthemes-custom-button -->\r<div class=\"vc_row wpb_row vc_inner vc_row-fluid\"><div class=\"wpb_column vc_column_container vc_col-sm-12\"><div class=\"vc_column-inner\"><div class=\"wpb_wrapper\"><\/div><\/div><\/div><\/div><\/div><\/div><\/div><div class=\"wpb_column vc_column_container vc_col-sm-1\"><div class=\"vc_column-inner vc_custom_1531127610130\"><div class=\"wpb_wrapper\"><\/div><\/div><\/div><\/div><div class=\"vc_row-full-width vc_clearfix\"><\/div><div class=\"vc_row wpb_row vc_row-fluid\"><div class=\"wpb_column vc_column_container vc_col-sm-12\"><div class=\"vc_column-inner\"><div class=\"wpb_wrapper\"><\/div><\/div><\/div><\/div><div class=\"vc_row wpb_row vc_row-fluid\"><div class=\"wpb_column vc_column_container vc_col-sm-12\"><div class=\"vc_column-inner\"><div class=\"wpb_wrapper\">\n\t<div  class=\"wpb_single_image wpb_content_element vc_align_center\">\n\t\t\n\t\t<figure class=\"wpb_wrapper vc_figure\">\n\t\t\t<div class=\"vc_single_image-wrapper   vc_box_border_grey\"><img width=\"6000\" height=\"3000\" src=\"https:\/\/advertsup.lt\/wp-content\/uploads\/2022\/01\/1.png\" class=\"vc_single_image-img attachment-full\" alt=\"\" decoding=\"async\" loading=\"lazy\" srcset=\"https:\/\/advertsup.lt\/wp-content\/uploads\/2022\/01\/1.png 6000w, https:\/\/advertsup.lt\/wp-content\/uploads\/2022\/01\/1-300x150.png 300w, https:\/\/advertsup.lt\/wp-content\/uploads\/2022\/01\/1-1024x512.png 1024w, https:\/\/advertsup.lt\/wp-content\/uploads\/2022\/01\/1-768x384.png 768w, https:\/\/advertsup.lt\/wp-content\/uploads\/2022\/01\/1-1536x768.png 1536w, https:\/\/advertsup.lt\/wp-content\/uploads\/2022\/01\/1-2048x1024.png 2048w, https:\/\/advertsup.lt\/wp-content\/uploads\/2022\/01\/1-18x9.png 18w\" sizes=\"(max-width: 6000px) 100vw, 6000px\" \/><\/div>\n\t\t<\/figure>\n\t<\/div>\n<\/div><\/div><\/div><\/div><div class=\"vc_row wpb_row vc_row-fluid\"><div class=\"wpb_column vc_column_container vc_col-sm-12\"><div class=\"vc_column-inner\"><div class=\"wpb_wrapper\">\n\t<div  class=\"wpb_single_image wpb_content_element vc_align_center\">\n\t\t\n\t\t<figure class=\"wpb_wrapper vc_figure\">\n\t\t\t<div class=\"vc_single_image-wrapper   vc_box_border_grey\"><img width=\"6000\" height=\"3000\" src=\"https:\/\/advertsup.lt\/wp-content\/uploads\/2022\/01\/2.png\" class=\"vc_single_image-img attachment-full\" alt=\"\" decoding=\"async\" loading=\"lazy\" srcset=\"https:\/\/advertsup.lt\/wp-content\/uploads\/2022\/01\/2.png 6000w, https:\/\/advertsup.lt\/wp-content\/uploads\/2022\/01\/2-300x150.png 300w, https:\/\/advertsup.lt\/wp-content\/uploads\/2022\/01\/2-1024x512.png 1024w, https:\/\/advertsup.lt\/wp-content\/uploads\/2022\/01\/2-768x384.png 768w, https:\/\/advertsup.lt\/wp-content\/uploads\/2022\/01\/2-1536x768.png 1536w, https:\/\/advertsup.lt\/wp-content\/uploads\/2022\/01\/2-2048x1024.png 2048w, https:\/\/advertsup.lt\/wp-content\/uploads\/2022\/01\/2-18x9.png 18w\" sizes=\"(max-width: 6000px) 100vw, 6000px\" \/><\/div>\n\t\t<\/figure>\n\t<\/div>\n<\/div><\/div><\/div><\/div><\/section><div class=\"vc_row-full-width vc_clearfix\"><\/div>","protected":false},"excerpt":{"rendered":"Pasinaudokite specialiu pasi\u016blym\u0173 e-komercijos verslams, kuris padeda vystyti prekyb\u0105 internete.Pasinaudokite specialiu pasi\u016blym\u0173 e-komercijos verslams, kuris padeda vystyti prekyb\u0105 internete. Dirbome su daugiau nei 50 nauj\u0173 klient\u0173 2021 metais. Per metus suk\u016br\u0117me daugiau nei 2900 vizualizacij\u0173. Kuomet unikali komunikacija susijungia su profesionaliai naudojamu Google ads \u012frankiu bei Facebook reklama J\u016bs\u0173 verslas keliasi \u012f kit\u0105 lyg\u012f! Susisiekti","protected":false},"author":1,"featured_media":9984,"parent":0,"menu_order":0,"comment_status":"closed","ping_status":"closed","template":"","meta":[],"yoast_head":"<!-- This site is optimized with the Yoast SEO plugin v21.8.1 - https:\/\/yoast.com\/wordpress\/plugins\/seo\/ -->\n<title>E komercija - Advertsup<\/title>\n<meta name=\"description\" content=\"E komercija - su Advertsup komanda prekyba internete dar niekada nebuvo tokia paprasta. Mes pad\u0117sime Jums nuo id\u0117jos iki el. parduotuv\u0117s!\" \/>\n<meta name=\"robots\" content=\"index, follow, max-snippet:-1, max-image-preview:large, max-video-preview:-1\" \/>\n<link rel=\"canonical\" href=\"https:\/\/advertsup.lt\/en\/e-komercijai\/\" \/>\n<meta property=\"og:locale\" content=\"en_US\" \/>\n<meta property=\"og:type\" content=\"article\" \/>\n<meta property=\"og:title\" content=\"E komercija - Advertsup\" \/>\n<meta property=\"og:description\" content=\"E komercija - su Advertsup komanda prekyba internete dar niekada nebuvo tokia paprasta. Mes pad\u0117sime Jums nuo id\u0117jos iki el. parduotuv\u0117s!\" \/>\n<meta property=\"og:url\" content=\"https:\/\/advertsup.lt\/en\/e-komercijai\/\" \/>\n<meta property=\"og:site_name\" content=\"Advertsup\" \/>\n<meta property=\"article:modified_time\" content=\"2024-01-23T07:24:57+00:00\" \/>\n<meta property=\"og:image\" content=\"https:\/\/advertsup.lt\/wp-content\/uploads\/2023\/06\/roberto-cortese-ejhjSZKTeeg-unsplash.jpg\" \/>\n\t<meta property=\"og:image:width\" content=\"640\" \/>\n\t<meta property=\"og:image:height\" content=\"960\" \/>\n\t<meta property=\"og:image:type\" content=\"image\/jpeg\" \/>\n<meta name=\"twitter:card\" content=\"summary_large_image\" \/>\n<meta name=\"twitter:label1\" content=\"Est. reading time\" \/>\n\t<meta name=\"twitter:data1\" content=\"2 minutes\" \/>\n<script type=\"application\/ld+json\" class=\"yoast-schema-graph\">{\"@context\":\"https:\/\/schema.org\",\"@graph\":[{\"@type\":\"WebPage\",\"@id\":\"https:\/\/advertsup.lt\/e-komercijai\/\",\"url\":\"https:\/\/advertsup.lt\/e-komercijai\/\",\"name\":\"E komercija - Advertsup\",\"isPartOf\":{\"@id\":\"https:\/\/advertsup.lt\/#website\"},\"datePublished\":\"2021-09-14T14:04:54+00:00\",\"dateModified\":\"2024-01-23T07:24:57+00:00\",\"description\":\"E komercija - su Advertsup komanda prekyba internete dar niekada nebuvo tokia paprasta. Mes pad\u0117sime Jums nuo id\u0117jos iki el. parduotuv\u0117s!\",\"breadcrumb\":{\"@id\":\"https:\/\/advertsup.lt\/e-komercijai\/#breadcrumb\"},\"inLanguage\":\"en-US\",\"potentialAction\":[{\"@type\":\"ReadAction\",\"target\":[\"https:\/\/advertsup.lt\/e-komercijai\/\"]}]},{\"@type\":\"BreadcrumbList\",\"@id\":\"https:\/\/advertsup.lt\/e-komercijai\/#breadcrumb\",\"itemListElement\":[{\"@type\":\"ListItem\",\"position\":1,\"name\":\"Home\",\"item\":\"https:\/\/advertsup.lt\/\"},{\"@type\":\"ListItem\",\"position\":2,\"name\":\"E-Komercijai\"}]},{\"@type\":\"WebSite\",\"@id\":\"https:\/\/advertsup.lt\/#website\",\"url\":\"https:\/\/advertsup.lt\/\",\"name\":\"Advertsup\",\"description\":\"M\u016bs\u0173 darbas - J\u016bs\u0173 \u0161uolis \u012f priek\u012f!\",\"publisher\":{\"@id\":\"https:\/\/advertsup.lt\/#organization\"},\"potentialAction\":[{\"@type\":\"SearchAction\",\"target\":{\"@type\":\"EntryPoint\",\"urlTemplate\":\"https:\/\/advertsup.lt\/?s={search_term_string}\"},\"query-input\":\"required name=search_term_string\"}],\"inLanguage\":\"en-US\"},{\"@type\":\"Organization\",\"@id\":\"https:\/\/advertsup.lt\/#organization\",\"name\":\"Advertsup\",\"url\":\"https:\/\/advertsup.lt\/\",\"logo\":{\"@type\":\"ImageObject\",\"inLanguage\":\"en-US\",\"@id\":\"https:\/\/advertsup.lt\/#\/schema\/logo\/image\/\",\"url\":\"https:\/\/advertsup.lt\/wp-content\/uploads\/2020\/02\/logo.png\",\"contentUrl\":\"https:\/\/advertsup.lt\/wp-content\/uploads\/2020\/02\/logo.png\",\"width\":780,\"height\":153,\"caption\":\"Advertsup\"},\"image\":{\"@id\":\"https:\/\/advertsup.lt\/#\/schema\/logo\/image\/\"}}]}<\/script>\n<!-- \/ Yoast SEO plugin. -->","yoast_head_json":{"title":"E komercija - Advertsup","description":"E komercija - su Advertsup komanda prekyba internete dar niekada nebuvo tokia paprasta. Mes pad\u0117sime Jums nuo id\u0117jos iki el. parduotuv\u0117s!","robots":{"index":"index","follow":"follow","max-snippet":"max-snippet:-1","max-image-preview":"max-image-preview:large","max-video-preview":"max-video-preview:-1"},"canonical":"https:\/\/advertsup.lt\/en\/e-komercijai\/","og_locale":"en_US","og_type":"article","og_title":"E komercija - Advertsup","og_description":"E komercija - su Advertsup komanda prekyba internete dar niekada nebuvo tokia paprasta. Mes pad\u0117sime Jums nuo id\u0117jos iki el. parduotuv\u0117s!","og_url":"https:\/\/advertsup.lt\/en\/e-komercijai\/","og_site_name":"Advertsup","article_modified_time":"2024-01-23T07:24:57+00:00","og_image":[{"width":640,"height":960,"url":"https:\/\/advertsup.lt\/wp-content\/uploads\/2023\/06\/roberto-cortese-ejhjSZKTeeg-unsplash.jpg","type":"image\/jpeg"}],"twitter_card":"summary_large_image","twitter_misc":{"Est. reading time":"2 minutes"},"schema":{"@context":"https:\/\/schema.org","@graph":[{"@type":"WebPage","@id":"https:\/\/advertsup.lt\/e-komercijai\/","url":"https:\/\/advertsup.lt\/e-komercijai\/","name":"E komercija - Advertsup","isPartOf":{"@id":"https:\/\/advertsup.lt\/#website"},"datePublished":"2021-09-14T14:04:54+00:00","dateModified":"2024-01-23T07:24:57+00:00","description":"E komercija - su Advertsup komanda prekyba internete dar niekada nebuvo tokia paprasta. Mes pad\u0117sime Jums nuo id\u0117jos iki el. parduotuv\u0117s!","breadcrumb":{"@id":"https:\/\/advertsup.lt\/e-komercijai\/#breadcrumb"},"inLanguage":"en-US","potentialAction":[{"@type":"ReadAction","target":["https:\/\/advertsup.lt\/e-komercijai\/"]}]},{"@type":"BreadcrumbList","@id":"https:\/\/advertsup.lt\/e-komercijai\/#breadcrumb","itemListElement":[{"@type":"ListItem","position":1,"name":"Home","item":"https:\/\/advertsup.lt\/"},{"@type":"ListItem","position":2,"name":"E-Komercijai"}]},{"@type":"WebSite","@id":"https:\/\/advertsup.lt\/#website","url":"https:\/\/advertsup.lt\/","name":"Advertsup","description":"M\u016bs\u0173 darbas - J\u016bs\u0173 \u0161uolis \u012f priek\u012f!","publisher":{"@id":"https:\/\/advertsup.lt\/#organization"},"potentialAction":[{"@type":"SearchAction","target":{"@type":"EntryPoint","urlTemplate":"https:\/\/advertsup.lt\/?s={search_term_string}"},"query-input":"required name=search_term_string"}],"inLanguage":"en-US"},{"@type":"Organization","@id":"https:\/\/advertsup.lt\/#organization","name":"Advertsup","url":"https:\/\/advertsup.lt\/","logo":{"@type":"ImageObject","inLanguage":"en-US","@id":"https:\/\/advertsup.lt\/#\/schema\/logo\/image\/","url":"https:\/\/advertsup.lt\/wp-content\/uploads\/2020\/02\/logo.png","contentUrl":"https:\/\/advertsup.lt\/wp-content\/uploads\/2020\/02\/logo.png","width":780,"height":153,"caption":"Advertsup"},"image":{"@id":"https:\/\/advertsup.lt\/#\/schema\/logo\/image\/"}}]}},"_links":{"self":[{"href":"https:\/\/advertsup.lt\/en\/wp-json\/wp\/v2\/pages\/4997"}],"collection":[{"href":"https:\/\/advertsup.lt\/en\/wp-json\/wp\/v2\/pages"}],"about":[{"href":"https:\/\/advertsup.lt\/en\/wp-json\/wp\/v2\/types\/page"}],"author":[{"embeddable":true,"href":"https:\/\/advertsup.lt\/en\/wp-json\/wp\/v2\/users\/1"}],"replies":[{"embeddable":true,"href":"https:\/\/advertsup.lt\/en\/wp-json\/wp\/v2\/comments?post=4997"}],"version-history":[{"count":160,"href":"https:\/\/advertsup.lt\/en\/wp-json\/wp\/v2\/pages\/4997\/revisions"}],"predecessor-version":[{"id":10130,"href":"https:\/\/advertsup.lt\/en\/wp-json\/wp\/v2\/pages\/4997\/revisions\/10130"}],"wp:featuredmedia":[{"embeddable":true,"href":"https:\/\/advertsup.lt\/en\/wp-json\/wp\/v2\/media\/9984"}],"wp:attachment":[{"href":"https:\/\/advertsup.lt\/en\/wp-json\/wp\/v2\/media?parent=4997"}],"curies":[{"name":"wp","href":"https:\/\/api.w.org\/{rel}","templated":true}]}}