{"id":9945,"date":"2023-06-27T15:14:12","date_gmt":"2023-06-27T12:14:12","guid":{"rendered":"https:\/\/advertsup.lt\/?page_id=9945"},"modified":"2024-01-23T09:23:37","modified_gmt":"2024-01-23T07:23:37","slug":"seo-paslaugos","status":"publish","type":"page","link":"https:\/\/advertsup.lt\/en\/seo-paslaugos\/","title":{"rendered":"SEO services"},"content":{"rendered":"<div id=\"antras\" data-vc-full-width=\"true\" data-vc-full-width-init=\"false\" class=\"vc_row wpb_row vc_row-fluid vc_custom_1581042070528 vc_row-has-fill\"><div class=\"wpb_column vc_column_container vc_col-sm-6\"><div class=\"vc_column-inner vc_custom_1531818384661\"><div class=\"wpb_wrapper\"><h1 style=\"font-size: 35px;color: #181616;line-height: 41px;text-align: left\" class=\"vc_custom_heading font-weight-bold vc_custom_1583840244437\" >SEO optimisation<\/h1>\n\t<div class=\"wpb_text_column wpb_content_element  vc_custom_1583840340109\" >\n\t\t<div class=\"wpb_wrapper\">\n\t\t\t<p>SEO (Search Engine Optimisation) is the process by which the right keywords help make your website content more visible and help it rank higher in search results. Optimised websites have a better chance of ranking in the top 10 for popular queries.<\/p>\n<p><strong>We provide the following SEO optimisation services:<\/strong><\/p>\n\n\t\t<\/div>\n\t<\/div>\n\r<!-- list -->\r<div class=\"radiantthemes-list rt29887144 element-one\" >\n<ul>\n<li>Research and analysis.<\/li>\n<li>Internal and external website SEO optimisation.<\/li>\n<li>Competitor analysis.<\/li>\n<li>An SEO strategy designed just for you.<\/li>\n<\/ul>\n<\/div>\r<!-- list -->\r\n\t<div class=\"wpb_text_column wpb_content_element\" >\n\t\t<div class=\"wpb_wrapper\">\n\t\t\t<p>Ie\u0161kote daugiau informacijos apie SEO paslaugas? <a href=\"https:\/\/advertsup.lt\/en\/seo-google-paslaugu-privalumai\/\">Skaitykite \u010dia<\/a><\/p>\n\n\t\t<\/div>\n\t<\/div>\n<div class=\"vc_empty_space\"   style=\"height: 16px\"><span class=\"vc_empty_space_inner\"><\/span><\/div>\r<!-- radiantthemes-custom-button -->\r<div class=\"radiantthemes-custom-button hover-style-one rt1203116695\"  data-button-direction=\"center\" data-button-fullwidth=\"false\" ><a style=\" color: #ffffff; line-height: 36px; font-size: 16px;\" class=\"radiantthemes-custom-button-main  vc_custom_1705410216469\" href=\"https:\/\/advertsup.lt\/en\/seo-paslaugos\/\"  title=\"SEO services\" target=\"_self\"><div class=\"placeholder\">Contact us<\/div><\/a><\/div>\r<!-- radiantthemes-custom-button -->\r<\/div><\/div><\/div><div class=\"wpb_animate_when_almost_visible wpb_fadeInUp fadeInUp wpb_column vc_column_container vc_col-sm-6\"><div class=\"vc_column-inner vc_custom_1531895248526\"><div class=\"wpb_wrapper\">\n\t<div  class=\"wpb_single_image wpb_content_element vc_align_center  vc_custom_1705410250509\">\n\t\t\n\t\t<figure class=\"wpb_wrapper vc_figure\">\n\t\t\t<div class=\"vc_single_image-wrapper   vc_box_border_grey\"><img src=\"https:\/\/advertsup.lt\/wp-content\/uploads\/2024\/01\/9.svg\" class=\"vc_single_image-img attachment-full\" alt=\"\" decoding=\"async\" loading=\"lazy\" \/><\/div>\n\t\t<\/figure>\n\t<\/div>\n<\/div><\/div><\/div><\/div><div class=\"vc_row-full-width vc_clearfix\"><\/div><div data-vc-full-width=\"true\" data-vc-full-width-init=\"false\" class=\"vc_row wpb_row vc_row-fluid wpb_animate_when_almost_visible wpb_fadeInUp fadeInUp vc_custom_1688136726743\"><div class=\"wpb_column vc_column_container vc_col-sm-12\"><div class=\"vc_column-inner vc_custom_1642016296325\"><div class=\"wpb_wrapper\"><div class=\"vc_row wpb_row vc_inner vc_row-fluid vc_custom_1538547221006\"><div class=\"wpb_column vc_column_container vc_col-sm-4\"><div class=\"vc_column-inner vc_custom_1688136402558\"><div class=\"wpb_wrapper\"><!-- rt-pricing-table --><div class=\"rt-pricing-table element-three   rt203393290\"   ><div class=\"holder\"><div class=\"heading\"><p class=\"title\">SEO mini<\/p><p class=\"price\"><strong>\u20ac<\/strong>600<\/p><p class=\"period\">Per month<\/p><\/div><div class=\"list\">\n<ul>\n<li data-pm-slice=\"1 1 &#091;&#093;\">Vidinis svetaines turinio optimizavimas pagal 2 raktazodzius<\/li>\n<li data-pm-slice=\"1 1 &#091;&#093;\">Svetaines kodo ir elementu strukturos atnaujinimai<\/li>\n<li data-pm-slice=\"1 1 &#091;&#093;\">URL indeksavimo ir klaid\u0173 analiz\u0117<\/li>\n<li data-pm-slice=\"1 1 &#091;&#093;\">Micro ir Meta duomenys<\/li>\n<li data-pm-slice=\"1 1 &#091;&#093;\">Straipsniu publikavimas 1vnt.<\/li>\n<li data-pm-slice=\"1 1 &#091;&#093;\">Atgalines nuorodos 2vnt.<\/li>\n<\/ul>\n<a class=\"btn\" href=\"https:\/\/advertsup.lt\/en\/kontaktai\/\">GAUTI KONSULTACIJ\u0104<\/a><\/div><\/div><\/div>\r<!-- rt-pricing-table -->\r<\/div><\/div><\/div><div class=\"wpb_column vc_column_container vc_col-sm-4\"><div class=\"vc_column-inner vc_custom_1688136410444\"><div class=\"wpb_wrapper\">\n\t<div  class=\"wpb_single_image wpb_content_element vc_align_left  vc_custom_1581173963367  home-six-pricing-table-img1\">\n\t\t\n\t\t<figure class=\"wpb_wrapper vc_figure\">\n\t\t\t<div class=\"vc_single_image-wrapper   vc_box_border_grey\"><img width=\"145\" height=\"97\" src=\"https:\/\/advertsup.lt\/wp-content\/uploads\/2020\/02\/populiarus-planas.png\" class=\"vc_single_image-img attachment-full\" alt=\"populiarus-planas\" decoding=\"async\" loading=\"lazy\" \/><\/div>\n\t\t<\/figure>\n\t<\/div>\n<!-- rt-pricing-table --><div class=\"rt-pricing-table element-three spotlight  rt552396367\"   ><div class=\"holder\"><div class=\"heading\"><p class=\"title\">SEO midi<\/p><p class=\"price\"><strong>\u20ac<\/strong>1200<\/p><p class=\"period\">Per month<\/p><\/div><div class=\"list\">\n<ul>\n<li data-pm-slice=\"1 1 &#091;&#093;\">Vidinis svetaines turinio optimizavimas pagal 5 raktazodzius<\/li>\n<li data-pm-slice=\"1 1 &#091;&#093;\">Svetaines kodo ir elementu strukturos atnaujinimai<\/li>\n<li data-pm-slice=\"1 1 &#091;&#093;\">URL indeksavimo ir klaid\u0173 analiz\u0117<\/li>\n<li data-pm-slice=\"1 1 &#091;&#093;\">Micro ir Meta duomenys<\/li>\n<li data-pm-slice=\"1 1 &#091;&#093;\">Straipsniu publikavimas 3vnt.<\/li>\n<li data-pm-slice=\"1 1 &#091;&#093;\">Atgalines nuorodos 4vnt.<\/li>\n<li data-pm-slice=\"1 1 &#091;&#093;\">Puslapiu zemelapis, antrastes, greicio optimizavimas<\/li>\n<li data-pm-slice=\"1 1 &#091;&#093;\">Konkurentu analize, prognozes ir konsultacijos<\/li>\n<\/ul>\n<a class=\"btn\" href=\"https:\/\/advertsup.lt\/en\/kontaktai\/\">GAUTI KONSULTACIJ\u0104<\/a><\/div><\/div><\/div>\r<!-- rt-pricing-table -->\r<\/div><\/div><\/div><div class=\"wpb_column vc_column_container vc_col-sm-4\"><div class=\"vc_column-inner vc_custom_1688136416224\"><div class=\"wpb_wrapper\"><!-- rt-pricing-table --><div class=\"rt-pricing-table element-three   rt341169373\"   ><div class=\"holder\"><div class=\"heading\"><p class=\"title\">SEO maxi<\/p><p class=\"price\"><strong>\u20ac<\/strong>2500<\/p><p class=\"period\">Per month<\/p><\/div><div class=\"list\">\n<ul>\n<li data-pm-slice=\"1 1 &#091;&#093;\">Vidinis svetaines turinio optimizavimas pagal 15 raktazodzius<\/li>\n<li data-pm-slice=\"1 1 &#091;&#093;\">Svetaines kodo ir elementu strukturos atnaujinimai<\/li>\n<li data-pm-slice=\"1 1 &#091;&#093;\">URL indeksavimo ir klaid\u0173 analiz\u0117<\/li>\n<li data-pm-slice=\"1 1 &#091;&#093;\">Micro ir Meta duomenys<\/li>\n<li data-pm-slice=\"1 1 &#091;&#093;\">Straipsniu publikavimas 6vnt.<\/li>\n<li data-pm-slice=\"1 1 &#091;&#093;\">Atgalines nuorodos 15vnt.<\/li>\n<li data-pm-slice=\"1 1 &#091;&#093;\">Puslapiu zemelapis, antrastes, greicio optimizavimas<\/li>\n<li data-pm-slice=\"1 1 &#091;&#093;\">Konkurentu analize, prognozes ir konsultacijos<\/li>\n<li data-pm-slice=\"1 1 &#091;&#093;\">Vidiniu puslapiu techninis ir turinio visapusiskas optimizavimas<\/li>\n<li data-pm-slice=\"1 1 &#091;&#093;\">Itraukimas \u012f registrus bei ataskaitos<\/li>\n<\/ul>\n<a class=\"btn\" href=\"https:\/\/advertsup.lt\/en\/kontaktai\/\">GAUTI KONSULTACIJ\u0104<\/a><\/div><\/div><\/div>\r<!-- rt-pricing-table -->\r<\/div><\/div><\/div><\/div><\/div><\/div><\/div><\/div><div class=\"vc_row-full-width vc_clearfix\"><\/div><div data-vc-full-width=\"true\" data-vc-full-width-init=\"false\" class=\"vc_row wpb_row vc_row-fluid vc_custom_1632160467326 vc_row-has-fill vc_row-o-content-middle vc_row-flex\"><div class=\"wpb_animate_when_almost_visible wpb_fadeInUp fadeInUp wpb_column vc_column_container vc_col-sm-6 vc_hidden-xs\"><div class=\"vc_column-inner vc_custom_1582464107599\"><div class=\"wpb_wrapper\">\n\t<div  class=\"wpb_single_image wpb_content_element vc_align_center  vc_custom_1705410268721\">\n\t\t\n\t\t<figure class=\"wpb_wrapper vc_figure\">\n\t\t\t<div class=\"vc_single_image-wrapper   vc_box_border_grey\"><img src=\"https:\/\/advertsup.lt\/wp-content\/uploads\/2024\/01\/7.svg\" class=\"vc_single_image-img attachment-full\" alt=\"\" decoding=\"async\" loading=\"lazy\" \/><\/div>\n\t\t<\/figure>\n\t<\/div>\n<\/div><\/div><\/div><div class=\"wpb_column vc_column_container vc_col-sm-6\"><div class=\"vc_column-inner vc_custom_1582464098479\"><div class=\"wpb_wrapper\"><h2 style=\"font-size: 35px;color: #181616;line-height: 41px;text-align: left\" class=\"vc_custom_heading font-weight-bold vc_custom_1583842308903\" >Individual proposal<\/h2>\n\t<div class=\"wpb_text_column wpb_content_element  vc_custom_1583842318419\" >\n\t\t<div class=\"wpb_wrapper\">\n\t\t\t<p>Want an exclusive offer for your business? Contact us and we will help you!<\/p>\n\n\t\t<\/div>\n\t<\/div>\n\r<!-- list -->\r<div class=\"radiantthemes-list rt1648772633 element-one\" >\n<ul>\n<li>We'll help you set goals and priorities.<\/li>\n<li>We'll provide a complete advertising strategy for your business<\/li>\n<li>We'll give you the best package deal exclusively for you.<\/li>\n<\/ul>\n<\/div>\r<!-- list -->\r<div class=\"vc_empty_space\"   style=\"height: 32px\"><span class=\"vc_empty_space_inner\"><\/span><\/div>\r<!-- radiantthemes-custom-button -->\r<div class=\"radiantthemes-custom-button hover-style-one rt873366080\"  data-button-direction=\"center\" data-button-fullwidth=\"false\" ><a style=\" color: #ffffff; line-height: 36px; font-size: 16px;\" class=\"radiantthemes-custom-button-main  vc_custom_1705410216469\" href=\"https:\/\/advertsup.lt\/en\/seo-paslaugos\/\"  title=\"SEO services\" target=\"_self\"><div class=\"placeholder\">Contact us<\/div><\/a><\/div>\r<!-- radiantthemes-custom-button -->\r<\/div><\/div><\/div><div class=\"wpb_column vc_column_container vc_col-sm-12 vc_hidden-lg vc_hidden-md vc_hidden-sm\"><div class=\"vc_column-inner\"><div class=\"wpb_wrapper\">\n\t<div  class=\"wpb_single_image wpb_content_element vc_align_center  vc_custom_1705410280469\">\n\t\t\n\t\t<figure class=\"wpb_wrapper vc_figure\">\n\t\t\t<div class=\"vc_single_image-wrapper   vc_box_border_grey\"><img src=\"https:\/\/advertsup.lt\/wp-content\/uploads\/2024\/01\/6.svg\" class=\"vc_single_image-img attachment-full\" alt=\"\" decoding=\"async\" loading=\"lazy\" \/><\/div>\n\t\t<\/figure>\n\t<\/div>\n<\/div><\/div><\/div><\/div><div class=\"vc_row-full-width vc_clearfix\"><\/div>","protected":false},"excerpt":{"rendered":"SEO optimizacija SEO (angl. Search Engine Optimization) \u2013 procesas, kurio metu tinkami rakta\u017eod\u017eiai padeda J\u016bs\u0173 tinklapio turin\u012f paversti labiau matomu ir i\u0161kelti \u012f auk\u0161tesnes paie\u0161kos rezultat\u0173 pozicijas. Optimizuotos svetain\u0117s turi didesn\u0119 galimyb\u0119 patekti \u012f populiariausi\u0173 u\u017eklaus\u0173 TOP 10-uk\u0105. Teikiame \u0161ias SEO optimizavimo paslaugas: Tyrimas ir analiz\u0117. Vidinis ir i\u0161orinis interneto svetain\u0117s SEO optimizavimas. Konkurent\u0173 analiz\u0117. [...]","protected":false},"author":1,"featured_media":9977,"parent":0,"menu_order":0,"comment_status":"closed","ping_status":"closed","template":"","meta":[],"yoast_head":"<!-- This site is optimized with the Yoast SEO plugin v21.8.1 - https:\/\/yoast.com\/wordpress\/plugins\/seo\/ -->\n<title>SEO paslaugos - Advertsup<\/title>\n<meta name=\"description\" content=\"SEO paslaugos - i\u0161kelkime J\u016bs\u0173 versl\u0105 \u012f auk\u0161\u010diausias pozicijas google paie\u0161kos rezultatuose. Daugiamet\u0117 patirtis ir u\u017etikrinti rezultatai!\" \/>\n<meta name=\"robots\" content=\"index, follow, max-snippet:-1, max-image-preview:large, max-video-preview:-1\" \/>\n<link rel=\"canonical\" href=\"https:\/\/advertsup.lt\/en\/seo-paslaugos\/\" \/>\n<meta property=\"og:locale\" content=\"en_US\" \/>\n<meta property=\"og:type\" content=\"article\" \/>\n<meta property=\"og:title\" content=\"SEO paslaugos - Advertsup\" \/>\n<meta property=\"og:description\" content=\"SEO paslaugos - i\u0161kelkime J\u016bs\u0173 versl\u0105 \u012f auk\u0161\u010diausias pozicijas google paie\u0161kos rezultatuose. Daugiamet\u0117 patirtis ir u\u017etikrinti rezultatai!\" \/>\n<meta property=\"og:url\" content=\"https:\/\/advertsup.lt\/en\/seo-paslaugos\/\" \/>\n<meta property=\"og:site_name\" content=\"Advertsup\" \/>\n<meta property=\"article:modified_time\" content=\"2024-01-23T07:23:37+00:00\" \/>\n<meta property=\"og:image\" content=\"https:\/\/advertsup.lt\/wp-content\/uploads\/2023\/06\/campaign-creators-pypeCEaJeZY-unsplash.jpg\" \/>\n\t<meta property=\"og:image:width\" content=\"640\" \/>\n\t<meta property=\"og:image:height\" content=\"463\" \/>\n\t<meta property=\"og:image:type\" content=\"image\/jpeg\" \/>\n<meta name=\"twitter:card\" content=\"summary_large_image\" \/>\n<meta name=\"twitter:label1\" content=\"Est. reading time\" \/>\n\t<meta name=\"twitter:data1\" content=\"4 minutes\" \/>\n<script type=\"application\/ld+json\" class=\"yoast-schema-graph\">{\"@context\":\"https:\/\/schema.org\",\"@graph\":[{\"@type\":\"WebPage\",\"@id\":\"https:\/\/advertsup.lt\/seo-paslaugos\/\",\"url\":\"https:\/\/advertsup.lt\/seo-paslaugos\/\",\"name\":\"SEO paslaugos - Advertsup\",\"isPartOf\":{\"@id\":\"https:\/\/advertsup.lt\/#website\"},\"datePublished\":\"2023-06-27T12:14:12+00:00\",\"dateModified\":\"2024-01-23T07:23:37+00:00\",\"description\":\"SEO paslaugos - i\u0161kelkime J\u016bs\u0173 versl\u0105 \u012f auk\u0161\u010diausias pozicijas google paie\u0161kos rezultatuose. Daugiamet\u0117 patirtis ir u\u017etikrinti rezultatai!\",\"breadcrumb\":{\"@id\":\"https:\/\/advertsup.lt\/seo-paslaugos\/#breadcrumb\"},\"inLanguage\":\"en-US\",\"potentialAction\":[{\"@type\":\"ReadAction\",\"target\":[\"https:\/\/advertsup.lt\/seo-paslaugos\/\"]}]},{\"@type\":\"BreadcrumbList\",\"@id\":\"https:\/\/advertsup.lt\/seo-paslaugos\/#breadcrumb\",\"itemListElement\":[{\"@type\":\"ListItem\",\"position\":1,\"name\":\"Home\",\"item\":\"https:\/\/advertsup.lt\/\"},{\"@type\":\"ListItem\",\"position\":2,\"name\":\"SEO paslaugos\"}]},{\"@type\":\"WebSite\",\"@id\":\"https:\/\/advertsup.lt\/#website\",\"url\":\"https:\/\/advertsup.lt\/\",\"name\":\"Advertsup\",\"description\":\"M\u016bs\u0173 darbas - J\u016bs\u0173 \u0161uolis \u012f priek\u012f!\",\"publisher\":{\"@id\":\"https:\/\/advertsup.lt\/#organization\"},\"potentialAction\":[{\"@type\":\"SearchAction\",\"target\":{\"@type\":\"EntryPoint\",\"urlTemplate\":\"https:\/\/advertsup.lt\/?s={search_term_string}\"},\"query-input\":\"required name=search_term_string\"}],\"inLanguage\":\"en-US\"},{\"@type\":\"Organization\",\"@id\":\"https:\/\/advertsup.lt\/#organization\",\"name\":\"Advertsup\",\"url\":\"https:\/\/advertsup.lt\/\",\"logo\":{\"@type\":\"ImageObject\",\"inLanguage\":\"en-US\",\"@id\":\"https:\/\/advertsup.lt\/#\/schema\/logo\/image\/\",\"url\":\"https:\/\/advertsup.lt\/wp-content\/uploads\/2020\/02\/logo.png\",\"contentUrl\":\"https:\/\/advertsup.lt\/wp-content\/uploads\/2020\/02\/logo.png\",\"width\":780,\"height\":153,\"caption\":\"Advertsup\"},\"image\":{\"@id\":\"https:\/\/advertsup.lt\/#\/schema\/logo\/image\/\"}}]}<\/script>\n<!-- \/ Yoast SEO plugin. -->","yoast_head_json":{"title":"SEO paslaugos - Advertsup","description":"SEO paslaugos - i\u0161kelkime J\u016bs\u0173 versl\u0105 \u012f auk\u0161\u010diausias pozicijas google paie\u0161kos rezultatuose. Daugiamet\u0117 patirtis ir u\u017etikrinti rezultatai!","robots":{"index":"index","follow":"follow","max-snippet":"max-snippet:-1","max-image-preview":"max-image-preview:large","max-video-preview":"max-video-preview:-1"},"canonical":"https:\/\/advertsup.lt\/en\/seo-paslaugos\/","og_locale":"en_US","og_type":"article","og_title":"SEO paslaugos - Advertsup","og_description":"SEO paslaugos - i\u0161kelkime J\u016bs\u0173 versl\u0105 \u012f auk\u0161\u010diausias pozicijas google paie\u0161kos rezultatuose. Daugiamet\u0117 patirtis ir u\u017etikrinti rezultatai!","og_url":"https:\/\/advertsup.lt\/en\/seo-paslaugos\/","og_site_name":"Advertsup","article_modified_time":"2024-01-23T07:23:37+00:00","og_image":[{"width":640,"height":463,"url":"https:\/\/advertsup.lt\/wp-content\/uploads\/2023\/06\/campaign-creators-pypeCEaJeZY-unsplash.jpg","type":"image\/jpeg"}],"twitter_card":"summary_large_image","twitter_misc":{"Est. reading time":"4 minutes"},"schema":{"@context":"https:\/\/schema.org","@graph":[{"@type":"WebPage","@id":"https:\/\/advertsup.lt\/seo-paslaugos\/","url":"https:\/\/advertsup.lt\/seo-paslaugos\/","name":"SEO paslaugos - Advertsup","isPartOf":{"@id":"https:\/\/advertsup.lt\/#website"},"datePublished":"2023-06-27T12:14:12+00:00","dateModified":"2024-01-23T07:23:37+00:00","description":"SEO paslaugos - i\u0161kelkime J\u016bs\u0173 versl\u0105 \u012f auk\u0161\u010diausias pozicijas google paie\u0161kos rezultatuose. Daugiamet\u0117 patirtis ir u\u017etikrinti rezultatai!","breadcrumb":{"@id":"https:\/\/advertsup.lt\/seo-paslaugos\/#breadcrumb"},"inLanguage":"en-US","potentialAction":[{"@type":"ReadAction","target":["https:\/\/advertsup.lt\/seo-paslaugos\/"]}]},{"@type":"BreadcrumbList","@id":"https:\/\/advertsup.lt\/seo-paslaugos\/#breadcrumb","itemListElement":[{"@type":"ListItem","position":1,"name":"Home","item":"https:\/\/advertsup.lt\/"},{"@type":"ListItem","position":2,"name":"SEO paslaugos"}]},{"@type":"WebSite","@id":"https:\/\/advertsup.lt\/#website","url":"https:\/\/advertsup.lt\/","name":"Advertsup","description":"M\u016bs\u0173 darbas - J\u016bs\u0173 \u0161uolis \u012f priek\u012f!","publisher":{"@id":"https:\/\/advertsup.lt\/#organization"},"potentialAction":[{"@type":"SearchAction","target":{"@type":"EntryPoint","urlTemplate":"https:\/\/advertsup.lt\/?s={search_term_string}"},"query-input":"required name=search_term_string"}],"inLanguage":"en-US"},{"@type":"Organization","@id":"https:\/\/advertsup.lt\/#organization","name":"Advertsup","url":"https:\/\/advertsup.lt\/","logo":{"@type":"ImageObject","inLanguage":"en-US","@id":"https:\/\/advertsup.lt\/#\/schema\/logo\/image\/","url":"https:\/\/advertsup.lt\/wp-content\/uploads\/2020\/02\/logo.png","contentUrl":"https:\/\/advertsup.lt\/wp-content\/uploads\/2020\/02\/logo.png","width":780,"height":153,"caption":"Advertsup"},"image":{"@id":"https:\/\/advertsup.lt\/#\/schema\/logo\/image\/"}}]}},"_links":{"self":[{"href":"https:\/\/advertsup.lt\/en\/wp-json\/wp\/v2\/pages\/9945"}],"collection":[{"href":"https:\/\/advertsup.lt\/en\/wp-json\/wp\/v2\/pages"}],"about":[{"href":"https:\/\/advertsup.lt\/en\/wp-json\/wp\/v2\/types\/page"}],"author":[{"embeddable":true,"href":"https:\/\/advertsup.lt\/en\/wp-json\/wp\/v2\/users\/1"}],"replies":[{"embeddable":true,"href":"https:\/\/advertsup.lt\/en\/wp-json\/wp\/v2\/comments?post=9945"}],"version-history":[{"count":12,"href":"https:\/\/advertsup.lt\/en\/wp-json\/wp\/v2\/pages\/9945\/revisions"}],"predecessor-version":[{"id":9978,"href":"https:\/\/advertsup.lt\/en\/wp-json\/wp\/v2\/pages\/9945\/revisions\/9978"}],"wp:featuredmedia":[{"embeddable":true,"href":"https:\/\/advertsup.lt\/en\/wp-json\/wp\/v2\/media\/9977"}],"wp:attachment":[{"href":"https:\/\/advertsup.lt\/en\/wp-json\/wp\/v2\/media?parent=9945"}],"curies":[{"name":"wp","href":"https:\/\/api.w.org\/{rel}","templated":true}]}}